{"id":596,"date":"2019-10-21T18:28:48","date_gmt":"2019-10-21T16:28:48","guid":{"rendered":"http:\/\/www.mezzoforte.fr\/?page_id=596"},"modified":"2020-01-28T20:08:02","modified_gmt":"2020-01-28T19:08:02","slug":"escape-game-collectivites","status":"publish","type":"page","link":"https:\/\/www.mezzoforte.fr\/index.php\/collectivites\/escape-game-collectivites\/","title":{"rendered":"Un Escape Game dans votre commune"},"content":{"rendered":"<div  class='avia-slideshow av-42uqmy-ce58c396fc7666e849ebfa5c016a06e3 avia-slideshow-featured_large av_slideshow avia-fade-slider  avia-builder-el-0  el_before_av_one_full  avia-builder-el-first  av-slideshow-ui av-control-hidden av-no-slider-navigation av-hide-nav-arrows av-slideshow-autoplay av-loop-endless av-loop-manual-endless av-default-height-applied avia-slideshow-1' data-slideshow-options=\"{&quot;animation&quot;:&quot;fade&quot;,&quot;autoplay&quot;:true,&quot;loop_autoplay&quot;:&quot;endless&quot;,&quot;interval&quot;:3,&quot;loop_manual&quot;:&quot;manual-endless&quot;,&quot;autoplay_stopper&quot;:false,&quot;noNavigation&quot;:true,&quot;bg_slider&quot;:false,&quot;keep_padding&quot;:false,&quot;hoverpause&quot;:false,&quot;show_slide_delay&quot;:0}\"  itemprop=\"image\" itemscope=\"itemscope\" itemtype=\"https:\/\/schema.org\/ImageObject\" ><ul class='avia-slideshow-inner ' style='padding-bottom: 42%;'><li  class='avia-slideshow-slide av-42uqmy-ce58c396fc7666e849ebfa5c016a06e3__0  slide-1 slide-odd'><div data-rel='slideshow-1' class='avia-slide-wrap '   ><img fetchpriority=\"high\" class=\"wp-image-844 avia-img-lazy-loading-not-844\"  src='https:\/\/www.mezzoforte.fr\/wp-content\/uploads\/2019\/11\/escape-game-1500x630.jpg' width='1500' height='630' title='' alt=''  itemprop=\"thumbnailUrl\"   \/><\/div><\/li><li  class='avia-slideshow-slide av-42uqmy-ce58c396fc7666e849ebfa5c016a06e3__1  slide-2 slide-even'><div data-rel='slideshow-1' class='avia-slide-wrap '   ><img fetchpriority=\"high\" class=\"wp-image-845 avia-img-lazy-loading-not-845\"  src='https:\/\/www.mezzoforte.fr\/wp-content\/uploads\/2019\/11\/Mairie-2.jpg' width='1500' height='630' title='' alt=''  itemprop=\"thumbnailUrl\"   \/><\/div><\/li><li  class='avia-slideshow-slide av-42uqmy-ce58c396fc7666e849ebfa5c016a06e3__2  slide-3 slide-odd'><div data-rel='slideshow-1' class='avia-slide-wrap '   ><img fetchpriority=\"high\" class=\"wp-image-1487 avia-img-lazy-loading-not-1487\"  src='https:\/\/www.mezzoforte.fr\/wp-content\/uploads\/2020\/01\/Sono.jpg' width='1500' height='630' title='Sono' alt=''  itemprop=\"thumbnailUrl\"   \/><\/div><\/li><\/ul><div class='avia-slideshow-arrows avia-slideshow-controls' ><a href='#prev' class='prev-slide ' aria-hidden='true' data-av_icon='\ue87c' data-av_iconfont='entypo-fontello'  tabindex='-1'>Pr\u00e9c\u00e9dent<\/a><a href='#next' class='next-slide ' aria-hidden='true' data-av_icon='\ue87d' data-av_iconfont='entypo-fontello'  tabindex='-1'>Suivant<\/a><\/div><\/div>\n\n<style type=\"text\/css\" data-created_by=\"avia_inline_auto\" id=\"style-css-av-3ch9b6-b1ef9fa14bea693fc15af83b40615d6b\">\n#top .flex_column.av-3ch9b6-b1ef9fa14bea693fc15af83b40615d6b{\nmargin-top:0px;\nmargin-bottom:0px;\n}\n.flex_column.av-3ch9b6-b1ef9fa14bea693fc15af83b40615d6b{\nborder-radius:0px 0px 0px 0px;\npadding:0px 0px 0px 0px;\n}\n.responsive #top #wrap_all .flex_column.av-3ch9b6-b1ef9fa14bea693fc15af83b40615d6b{\nmargin-top:0px;\nmargin-bottom:0px;\n}\n<\/style>\n<div  class='flex_column av-3ch9b6-b1ef9fa14bea693fc15af83b40615d6b av_one_full  avia-builder-el-1  el_after_av_slideshow  el_before_av_one_full  first flex_column_div av-animated-generic bottom-to-top av-zero-column-padding  '     ><p>\n<style type=\"text\/css\" data-created_by=\"avia_inline_auto\" id=\"style-css-av-dc56k-25064a52833f5b74b96af4b5a08b4c5f\">\n#top .av-special-heading.av-dc56k-25064a52833f5b74b96af4b5a08b4c5f{\npadding-bottom:0;\n}\nbody .av-special-heading.av-dc56k-25064a52833f5b74b96af4b5a08b4c5f .av-special-heading-tag .heading-char{\nfont-size:25px;\n}\n.av-special-heading.av-dc56k-25064a52833f5b74b96af4b5a08b4c5f .av-subheading{\nfont-size:15px;\n}\n<\/style>\n<div  class='av-special-heading av-dc56k-25064a52833f5b74b96af4b5a08b4c5f av-special-heading-h2 blockquote modern-quote  avia-builder-el-2  el_before_av_hr  avia-builder-el-first '><h2 class='av-special-heading-tag '  itemprop=\"headline\"  >Un escape game dans votre commune<\/h2><div class=\"special-heading-border\"><div class=\"special-heading-inner-border\"><\/div><\/div><\/div><br \/>\n\n<style type=\"text\/css\" data-created_by=\"avia_inline_auto\" id=\"style-css-av-33w2wq-976726c1826f0896560fc0e45a2dbc15\">\n#top .hr.av-33w2wq-976726c1826f0896560fc0e45a2dbc15{\nmargin-top:10px;\nmargin-bottom:10px;\n}\n.hr.av-33w2wq-976726c1826f0896560fc0e45a2dbc15 .hr-inner{\nwidth:50px;\nborder-color:#efbb20;\n}\n<\/style>\n<div  class='hr av-33w2wq-976726c1826f0896560fc0e45a2dbc15 hr-custom  avia-builder-el-3  el_after_av_heading  avia-builder-el-last  hr-left hr-icon-no'><span class='hr-inner inner-border-av-border-fat'><span class=\"hr-inner-style\"><\/span><\/span><\/div><\/p><\/div>\n\n<style type=\"text\/css\" data-created_by=\"avia_inline_auto\" id=\"style-css-av-809rw-c1d8ce42f7410c16d8d3c094ca45434c\">\n.flex_column.av-809rw-c1d8ce42f7410c16d8d3c094ca45434c{\nborder-radius:0px 0px 0px 0px;\npadding:0px 0px 0px 0px;\n}\n<\/style>\n<div  class='flex_column av-809rw-c1d8ce42f7410c16d8d3c094ca45434c av_one_full  avia-builder-el-4  el_after_av_one_full  el_before_av_one_full  first flex_column_div av-zero-column-padding  column-top-margin'     ><section  class='av_textblock_section av-k52j8olb-47e7cf79f8024eb8d84a311acc2bf8c6 '   itemscope=\"itemscope\" itemtype=\"https:\/\/schema.org\/CreativeWork\" ><div class='avia_textblock'  itemprop=\"text\" ><p>Comit\u00e9s des f\u00eates, Comit\u00e9s d&rsquo;Action Sociale, associations de parents d&rsquo;\u00e9l\u00e8ve, mairies, <strong>\u00e9tonnez votre village !<\/strong><br \/>\nFaites venir un Escape Game directement dans votre commune !<\/p>\n<p>Nous vous proposons une v\u00e9ritable mise en sc\u00e8ne et des \u00e9nigmes originales et complexes : la version la plus vendue \u00e0 ce jour offre <strong>un taux de r\u00e9ussite est d\u2019environ 60%.<\/strong><\/p>\n<p>Un co\u00fbt adapt\u00e9 aux ressources des communes a \u00e9t\u00e9 \u00e9tudi\u00e9 :<br \/>\n&#8211; pour permettre aux petits budgets d&rsquo;y acc\u00e9der<br \/>\n&#8211; notamment dans les <strong>petites communes rurales<\/strong><br \/>\n&#8211; et y compris pour une animation d&rsquo;un week-end complet (voir la proposition d&rsquo;un exemple de financement dans l&rsquo;onglet 3 ci-dessous).<\/p>\n<\/div><\/section><\/div>\n<style type=\"text\/css\" data-created_by=\"avia_inline_auto\" id=\"style-css-av-27hwnm-ec4299a6837f2c375b8bc073b82785a5\">\n.flex_column.av-27hwnm-ec4299a6837f2c375b8bc073b82785a5{\nborder-radius:0px 0px 0px 0px;\npadding:0px 0px 0px 0px;\n}\n<\/style>\n<div  class='flex_column av-27hwnm-ec4299a6837f2c375b8bc073b82785a5 av_one_full  avia-builder-el-6  el_after_av_one_full  el_before_av_one_half  first flex_column_div av-animated-generic bottom-to-top av-zero-column-padding  column-top-margin'     ><div  class='togglecontainer av-21qfiq-dabb6324cb7458f16fd65cbac6edd6c8  avia-builder-el-7  avia-builder-el-no-sibling ' >\n<section class='av_toggle_section av-tdy3w-c7a85c655890428e0fe61c5c38ba0dd4'  itemscope=\"itemscope\" itemtype=\"https:\/\/schema.org\/CreativeWork\" ><div role=\"tablist\" class=\"single_toggle\" data-tags=\"{Tout} \"  ><p id='toggle-toggle-id-1' data-fake-id='#toggle-id-1' class='toggler  av-title-above '  itemprop=\"headline\"  role='tab' tabindex='0' aria-controls='toggle-id-1' data-slide-speed=\"200\" data-title=\"100% mobile\" data-title-open=\"\" data-aria_collapsed=\"Click to expand: 100% mobile\" data-aria_expanded=\"Click to collapse: 100% mobile\">100% mobile<span class=\"toggle_icon\"><span class=\"vert_icon\"><\/span><span class=\"hor_icon\"><\/span><\/span><\/p><div id='toggle-id-1' aria-labelledby='toggle-toggle-id-1' role='region' class='toggle_wrap  av-title-above'  ><div class='toggle_content invers-color '  itemprop=\"text\" ><p>Pas besoin de d\u00e9placement, c&rsquo;est<strong> la totalit\u00e9 de l&rsquo;Escape Game qui vient \u00e0 vous dans le lieu de votre choix<\/strong>. Il peut prendre place dans les locaux de la mairie, dans la salle des f\u00eates, dans la salle du foyer&#8230;<\/p>\n<\/div><\/div><\/div><\/section>\n<section class='av_toggle_section av-lcg1g-65f75b838c675a2bc2641d9985aa7538'  itemscope=\"itemscope\" itemtype=\"https:\/\/schema.org\/CreativeWork\" ><div role=\"tablist\" class=\"single_toggle\" data-tags=\"{Tout} \"  ><p id='toggle-toggle-id-2' data-fake-id='#toggle-id-2' class='toggler  av-title-above '  itemprop=\"headline\"  role='tab' tabindex='0' aria-controls='toggle-id-2' data-slide-speed=\"200\" data-title=\"Mise en oeuvre\" data-title-open=\"\" data-aria_collapsed=\"Click to expand: Mise en oeuvre\" data-aria_expanded=\"Click to collapse: Mise en oeuvre\">Mise en oeuvre<span class=\"toggle_icon\"><span class=\"vert_icon\"><\/span><span class=\"hor_icon\"><\/span><\/span><\/p><div id='toggle-id-2' aria-labelledby='toggle-toggle-id-2' role='region' class='toggle_wrap  av-title-above'  ><div class='toggle_content invers-color '  itemprop=\"text\" ><p>> 1h30 d&rsquo;installation<\/p>\n<p>> une salle de 50 m2 minimum<br \/>\n> 4 tables et 4 chaises<br \/>\n> possibilit\u00e9 de mettre des affiches au mur<\/p>\n<p>> des \u00e9quipes de 3 \u00e0 5 personnes<br \/>\n> 5 groupes maximum par journ\u00e9e<\/p>\n<\/div><\/div><\/div><\/section>\n<section class='av_toggle_section av-g9j5w-ce8d67f979c62a015f0e37ffc5dcfb28'  itemscope=\"itemscope\" itemtype=\"https:\/\/schema.org\/CreativeWork\" ><div role=\"tablist\" class=\"single_toggle\" data-tags=\"{Tout} \"  ><p id='toggle-toggle-id-3' data-fake-id='#toggle-id-3' class='toggler  av-title-above '  itemprop=\"headline\"  role='tab' tabindex='0' aria-controls='toggle-id-3' data-slide-speed=\"200\" data-title=\"Combien \u00e7a co\u00fbte ?\" data-title-open=\"\" data-aria_collapsed=\"Click to expand: Combien \u00e7a co\u00fbte ?\" data-aria_expanded=\"Click to collapse: Combien \u00e7a co\u00fbte ?\">Combien \u00e7a co\u00fbte ?<span class=\"toggle_icon\"><span class=\"vert_icon\"><\/span><span class=\"hor_icon\"><\/span><\/span><\/p><div id='toggle-id-3' aria-labelledby='toggle-toggle-id-3' role='region' class='toggle_wrap  av-title-above'  ><div class='toggle_content invers-color '  itemprop=\"text\" ><p>Un tarif vraiment tr\u00e8s \u00e9tudi\u00e9 est propos\u00e9 aux collectivit\u00e9s locales en milieu rural.<\/p>\n<p>De plus, vous pouvez demander une participation aux habitants qui s&rsquo;inscrivent. Il n&rsquo;est pas rare de voir le Comit\u00e9 des F\u00eates proposer une inscription \u00e0 10\u20ac par personne (qui reste tout \u00e0 fait raisonnable en comparaison des 20\/25\u20ac qui sont demand\u00e9s par les Escape Games en ville).<br \/>\nAinsi, cela peut<strong> facilement couvrir jusqu&rsquo;\u00e0 pr\u00e8s de 70% de la facture d&rsquo;un week-end complet d&rsquo;animation<\/strong> !<\/p>\n<\/div><\/div><\/div><\/section>\n<\/div><\/div><\/p>\n\n<style type=\"text\/css\" data-created_by=\"avia_inline_auto\" id=\"style-css-av-1foll6-d4283776639c6198f054933366483892\">\n.flex_column.av-1foll6-d4283776639c6198f054933366483892{\nborder-radius:0px 0px 0px 0px;\npadding:0px 0px 0px 0px;\n}\n<\/style>\n<div  class='flex_column av-1foll6-d4283776639c6198f054933366483892 av_one_half  avia-builder-el-8  el_after_av_one_full  el_before_av_one_half  first flex_column_div av-animated-generic bottom-to-top av-zero-column-padding  column-top-margin'     ><p>\n<style type=\"text\/css\" data-created_by=\"avia_inline_auto\" id=\"style-css-av-95c64-93abca6b02e74269530255287b9c6d50\">\n#top .av-special-heading.av-95c64-93abca6b02e74269530255287b9c6d50{\npadding-bottom:0;\n}\nbody .av-special-heading.av-95c64-93abca6b02e74269530255287b9c6d50 .av-special-heading-tag .heading-char{\nfont-size:25px;\n}\n.av-special-heading.av-95c64-93abca6b02e74269530255287b9c6d50 .av-subheading{\nfont-size:15px;\n}\n<\/style>\n<div  class='av-special-heading av-95c64-93abca6b02e74269530255287b9c6d50 av-special-heading-h2 blockquote modern-quote  avia-builder-el-9  el_before_av_hr  avia-builder-el-first '><h2 class='av-special-heading-tag '  itemprop=\"headline\"  >Vous allez vivre quoi ?<\/h2><div class=\"special-heading-border\"><div class=\"special-heading-inner-border\"><\/div><\/div><\/div><br \/>\n\n<style type=\"text\/css\" data-created_by=\"avia_inline_auto\" id=\"style-css-av-11tr96-216d471bc9f0d9a9177fc51142e52d23\">\n#top .hr.av-11tr96-216d471bc9f0d9a9177fc51142e52d23{\nmargin-top:10px;\nmargin-bottom:10px;\n}\n.hr.av-11tr96-216d471bc9f0d9a9177fc51142e52d23 .hr-inner{\nwidth:50px;\nborder-color:#efbb20;\n}\n<\/style>\n<div  class='hr av-11tr96-216d471bc9f0d9a9177fc51142e52d23 hr-custom  avia-builder-el-10  el_after_av_heading  el_before_av_textblock  hr-left hr-icon-no'><span class='hr-inner inner-border-av-border-fat'><span class=\"hr-inner-style\"><\/span><\/span><\/div><br \/>\n<section  class='av_textblock_section av-v7coy-ed9fed62530caf5ee52b9042956a0429 '   itemscope=\"itemscope\" itemtype=\"https:\/\/schema.org\/CreativeWork\" ><div class='avia_textblock'  itemprop=\"text\" ><p><strong>L\u2019HISTOIRE<\/strong><\/p>\n<p>Les donn\u00e9es de Facebook ont \u00e9t\u00e9 pirat\u00e9es et le hacker r\u00e9clame 25 millions de dollars pour lib\u00e9rer les datas qu\u2019il a encod\u00e9es sur les serveurs.<br \/>\nVous avez \u00e9t\u00e9 missionn\u00e9 par Mark Zuckerberg pour mettre la main sur l\u2019antivirus.<br \/>\nVous n\u2019aurez qu\u2019une heure pour :<\/p>\n<blockquote>\n<p>&#8211; trouver la localisation du hacker<br \/>\n&#8211; pirater son mat\u00e9riel afin d\u2019obtenir le code de l\u2019antivirus<br \/>\n&#8211; et trouver ce dernier pour le lancer.<\/p>\n<\/blockquote>\n<\/div><\/section><\/p><\/div>\n\n<style type=\"text\/css\" data-created_by=\"avia_inline_auto\" id=\"style-css-av-tf7a2-880aa44d91284ae2e65be7cdcec831f4\">\n.flex_column.av-tf7a2-880aa44d91284ae2e65be7cdcec831f4{\nborder-radius:0px 0px 0px 0px;\npadding:0px 0px 0px 0px;\n}\n<\/style>\n<div  class='flex_column av-tf7a2-880aa44d91284ae2e65be7cdcec831f4 av_one_half  avia-builder-el-12  el_after_av_one_half  el_before_av_one_full  flex_column_div av-animated-generic bottom-to-top av-zero-column-padding  column-top-margin'     ><style type=\"text\/css\" data-created_by=\"avia_inline_auto\" id=\"style-css-av-jn77m-392f45b80a4f1fc742d4fa29c59615ce\">\n.avia-image-container.av-jn77m-392f45b80a4f1fc742d4fa29c59615ce img.avia_image{\nbox-shadow:none;\n}\n.avia-image-container.av-jn77m-392f45b80a4f1fc742d4fa29c59615ce .av-image-caption-overlay-center{\ncolor:#ffffff;\n}\n<\/style>\n<div  class='avia-image-container av-jn77m-392f45b80a4f1fc742d4fa29c59615ce av-styling-no-styling avia-align-center  avia-builder-el-13  avia-builder-el-no-sibling '   itemprop=\"image\" itemscope=\"itemscope\" itemtype=\"https:\/\/schema.org\/ImageObject\" ><div class=\"avia-image-container-inner\"><div class=\"avia-image-overlay-wrap\"><img fetchpriority=\"high\" class='wp-image-1090 avia-img-lazy-loading-not-1090 avia_image ' src='https:\/\/www.mezzoforte.fr\/wp-content\/uploads\/2020\/01\/3.jpg' alt='' title=''  height=\"1200\" width=\"1600\"  itemprop=\"thumbnailUrl\"  \/><\/div><\/div><\/div><\/div>\n\n<style type=\"text\/css\" data-created_by=\"avia_inline_auto\" id=\"style-css-av-fy9pu-7aa27ea6b16a5e7104b7deb07addda18\">\n.flex_column.av-fy9pu-7aa27ea6b16a5e7104b7deb07addda18{\nborder-width:1px;\nborder-color:#e1e1e1;\nborder-style:solid;\nborder-radius:0px 0px 0px 0px;\npadding:20px 20px 20px 20px;\nbackground-color:#fcfcfc;\n}\n<\/style>\n<div  class='flex_column av-fy9pu-7aa27ea6b16a5e7104b7deb07addda18 av_one_full  avia-builder-el-14  el_after_av_one_half  avia-builder-el-last  first flex_column_div av-animated-generic bottom-to-top  column-top-margin'     ><p><section  class='av_textblock_section av-agfsy-e3addfbdb1f35a2374d74510ba64a6e0 '   itemscope=\"itemscope\" itemtype=\"https:\/\/schema.org\/CreativeWork\" ><div class='avia_textblock'  itemprop=\"text\" ><p><strong>COMMENT CA MARCHE ?<\/strong><\/p>\n<p>Une succession d\u2019\u00e9nigmes tr\u00e8s vari\u00e9es (attention\u2026 chaque seconde compte !), ludiques et similaires \u00e0 celles d\u2019un escape game traditionnel :<br \/>\n> fouille, observation, manipulations, r\u00e9flexion, cadenas, ambiances, etc\u2026<br \/>\nUne course contre la montre qui ne pourra \u00eatre remport\u00e9e qu\u2019en conjuguant tous les talents des membres de l\u2019\u00e9quipe !<\/p>\n<\/div><\/section><br \/>\n\n<style type=\"text\/css\" data-created_by=\"avia_inline_auto\" id=\"style-css-av-k52jam62-e6197d6d9ab6cf7c22e10294b12252de\">\n.avia-image-container.av-k52jam62-e6197d6d9ab6cf7c22e10294b12252de img.avia_image{\nbox-shadow:none;\n}\n.avia-image-container.av-k52jam62-e6197d6d9ab6cf7c22e10294b12252de .av-image-caption-overlay-center{\ncolor:#ffffff;\n}\n<\/style>\n<div  class='avia-image-container av-k52jam62-e6197d6d9ab6cf7c22e10294b12252de av-styling- avia-align-center  avia-builder-el-16  el_after_av_textblock  avia-builder-el-last '   itemprop=\"image\" itemscope=\"itemscope\" itemtype=\"https:\/\/schema.org\/ImageObject\" ><div class=\"avia-image-container-inner\"><div class=\"avia-image-overlay-wrap\"><img fetchpriority=\"high\" class='wp-image-866 avia-img-lazy-loading-not-866 avia_image ' src='https:\/\/www.mezzoforte.fr\/wp-content\/uploads\/2019\/11\/Principe-sombre.jpg' alt='' title=''  height=\"881\" width=\"1292\"  itemprop=\"thumbnailUrl\"  \/><\/div><\/div><\/div><\/p><\/div>\n","protected":false},"excerpt":{"rendered":"","protected":false},"author":1,"featured_media":0,"parent":516,"menu_order":1,"comment_status":"closed","ping_status":"closed","template":"","meta":{"footnotes":""},"class_list":["post-596","page","type-page","status-publish","hentry"],"_links":{"self":[{"href":"https:\/\/www.mezzoforte.fr\/index.php\/wp-json\/wp\/v2\/pages\/596","targetHints":{"allow":["GET"]}}],"collection":[{"href":"https:\/\/www.mezzoforte.fr\/index.php\/wp-json\/wp\/v2\/pages"}],"about":[{"href":"https:\/\/www.mezzoforte.fr\/index.php\/wp-json\/wp\/v2\/types\/page"}],"author":[{"embeddable":true,"href":"https:\/\/www.mezzoforte.fr\/index.php\/wp-json\/wp\/v2\/users\/1"}],"replies":[{"embeddable":true,"href":"https:\/\/www.mezzoforte.fr\/index.php\/wp-json\/wp\/v2\/comments?post=596"}],"version-history":[{"count":17,"href":"https:\/\/www.mezzoforte.fr\/index.php\/wp-json\/wp\/v2\/pages\/596\/revisions"}],"predecessor-version":[{"id":1509,"href":"https:\/\/www.mezzoforte.fr\/index.php\/wp-json\/wp\/v2\/pages\/596\/revisions\/1509"}],"up":[{"embeddable":true,"href":"https:\/\/www.mezzoforte.fr\/index.php\/wp-json\/wp\/v2\/pages\/516"}],"wp:attachment":[{"href":"https:\/\/www.mezzoforte.fr\/index.php\/wp-json\/wp\/v2\/media?parent=596"}],"curies":[{"name":"wp","href":"https:\/\/api.w.org\/{rel}","templated":true}]}}