{"id":573,"date":"2019-10-21T17:21:19","date_gmt":"2019-10-21T15:21:19","guid":{"rendered":"http:\/\/www.mezzoforte.fr\/?page_id=573"},"modified":"2020-01-23T10:54:03","modified_gmt":"2020-01-23T09:54:03","slug":"a-propos","status":"publish","type":"page","link":"https:\/\/www.mezzoforte.fr\/index.php\/a-propos\/","title":{"rendered":"A propos"},"content":{"rendered":"\n<style type=\"text\/css\" data-created_by=\"avia_inline_auto\" id=\"style-css-av-av_heading-4e3f31ba50737ce63ec3a50925b65700\">\n#top .av-special-heading.av-av_heading-4e3f31ba50737ce63ec3a50925b65700{\npadding-bottom:0;\n}\nbody .av-special-heading.av-av_heading-4e3f31ba50737ce63ec3a50925b65700 .av-special-heading-tag .heading-char{\nfont-size:25px;\n}\n.av-special-heading.av-av_heading-4e3f31ba50737ce63ec3a50925b65700 .av-subheading{\nfont-size:15px;\n}\n<\/style>\n<div  class='av-special-heading av-av_heading-4e3f31ba50737ce63ec3a50925b65700 av-special-heading-h2 blockquote modern-quote modern-centered  avia-builder-el-0  el_before_av_hr  avia-builder-el-first '><h2 class='av-special-heading-tag '  itemprop=\"headline\"  >Ce qui compte pour nous !<\/h2><div class=\"special-heading-border\"><div class=\"special-heading-inner-border\"><\/div><\/div><\/div>\n\n<style type=\"text\/css\" data-created_by=\"avia_inline_auto\" id=\"style-css-av-j0znx-772505cfe6f438deee1b7b86e482cdbe\">\n#top .hr.av-j0znx-772505cfe6f438deee1b7b86e482cdbe{\nmargin-top:5px;\nmargin-bottom:35px;\n}\n.hr.av-j0znx-772505cfe6f438deee1b7b86e482cdbe .hr-inner{\nwidth:50px;\nborder-color:#efbb20;\n}\n<\/style>\n<div  class='hr av-j0znx-772505cfe6f438deee1b7b86e482cdbe hr-custom  avia-builder-el-1  el_after_av_heading  el_before_av_one_half  hr-center hr-icon-no'><span class='hr-inner inner-border-av-border-fat'><span class=\"hr-inner-style\"><\/span><\/span><\/div>\n\n<style type=\"text\/css\" data-created_by=\"avia_inline_auto\" id=\"style-css-av-bzv8p-0d8d107f39e483d2efcb14285a7481b0\">\n.flex_column.av-bzv8p-0d8d107f39e483d2efcb14285a7481b0{\nborder-radius:0px 0px 0px 0px;\npadding:0px 0px 0px 0px;\n}\n<\/style>\n<div  class='flex_column av-bzv8p-0d8d107f39e483d2efcb14285a7481b0 av_one_half  avia-builder-el-2  el_after_av_hr  el_before_av_one_half  first flex_column_div av-animated-generic bottom-to-top av-zero-column-padding  '     ><p>\n<style type=\"text\/css\" data-created_by=\"avia_inline_auto\" id=\"style-css-av-bo53h-1d2735ab963239ff285fc815d916b34f\">\n.avia-image-container.av-bo53h-1d2735ab963239ff285fc815d916b34f img.avia_image{\nbox-shadow:none;\n}\n.avia-image-container.av-bo53h-1d2735ab963239ff285fc815d916b34f .av-image-caption-overlay-center{\ncolor:#ffffff;\n}\n<\/style>\n<div  class='avia-image-container av-bo53h-1d2735ab963239ff285fc815d916b34f av-styling-no-styling av-img-linked avia-align-center  avia-builder-el-3  el_before_av_heading  avia-builder-el-first  av-has-copyright av-copyright-icon-reveal'   itemprop=\"image\" itemscope=\"itemscope\" itemtype=\"https:\/\/schema.org\/ImageObject\" ><div class=\"avia-image-container-inner\"><div class=\"avia-image-overlay-wrap\"><a href=\"https:\/\/www.mezzoforte.fr\/index.php\/a-propos\/qui-sommes-nous\/\" class='avia_image '  ><img fetchpriority=\"high\" class='wp-image-1166 avia-img-lazy-loading-not-1166 avia_image ' src='https:\/\/www.mezzoforte.fr\/wp-content\/uploads\/2020\/01\/Logo-1500x400-1.jpg' alt='' title=''  height=\"400\" width=\"1500\"  itemprop=\"thumbnailUrl\"  \/><\/a><\/div><small class=\"avia-copyright\">Tous droits r\u00e9serv\u00e9s - Mezzoforte<\/small><\/div><\/div><br \/>\n\n<style type=\"text\/css\" data-created_by=\"avia_inline_auto\" id=\"style-css-av-av_heading-669bbd5030c137543765e28e54d8208d\">\n#top .av-special-heading.av-av_heading-669bbd5030c137543765e28e54d8208d{\npadding-bottom:0;\n}\nbody .av-special-heading.av-av_heading-669bbd5030c137543765e28e54d8208d .av-special-heading-tag .heading-char{\nfont-size:25px;\n}\n.av-special-heading.av-av_heading-669bbd5030c137543765e28e54d8208d .av-subheading{\nfont-size:15px;\n}\n<\/style>\n<div  class='av-special-heading av-av_heading-669bbd5030c137543765e28e54d8208d av-special-heading-h3 blockquote modern-quote  avia-builder-el-4  el_after_av_image  el_before_av_hr '><h3 class='av-special-heading-tag '  itemprop=\"headline\"  >Qui sommes nous ?<\/h3><div class=\"special-heading-border\"><div class=\"special-heading-inner-border\"><\/div><\/div><\/div><br \/>\n\n<style type=\"text\/css\" data-created_by=\"avia_inline_auto\" id=\"style-css-av-anyux-ec282fd45952b6f7f9b1774d2cd0a5fe\">\n#top .hr.av-anyux-ec282fd45952b6f7f9b1774d2cd0a5fe{\nmargin-top:10px;\nmargin-bottom:10px;\n}\n.hr.av-anyux-ec282fd45952b6f7f9b1774d2cd0a5fe .hr-inner{\nwidth:50px;\nborder-color:#efbb20;\n}\n<\/style>\n<div  class='hr av-anyux-ec282fd45952b6f7f9b1774d2cd0a5fe hr-custom  avia-builder-el-5  el_after_av_heading  el_before_av_textblock  hr-left hr-icon-no'><span class='hr-inner inner-border-av-border-fat'><span class=\"hr-inner-style\"><\/span><\/span><\/div><br \/>\n<section  class='av_textblock_section av-9qa4l-355a9cb6564f04902fbce7837024577d '   itemscope=\"itemscope\" itemtype=\"https:\/\/schema.org\/CreativeWork\" ><div class='avia_textblock'  itemprop=\"text\" ><p>Les hommes, les comp\u00e9tences et surtout <strong>la double exp\u00e9rience dans la musique et le management<\/strong>, qui valorise notre d\u00e9marche&#8230;<\/p>\n<\/div><\/section><\/p><\/div>\n<style type=\"text\/css\" data-created_by=\"avia_inline_auto\" id=\"style-css-av-bzv8p-a5fff5640dd91c8bb4fd0d4375486151\">\n.flex_column.av-bzv8p-a5fff5640dd91c8bb4fd0d4375486151{\nborder-radius:0px 0px 0px 0px;\npadding:0px 0px 0px 0px;\n}\n<\/style>\n<div  class='flex_column av-bzv8p-a5fff5640dd91c8bb4fd0d4375486151 av_one_half  avia-builder-el-7  el_after_av_one_half  el_before_av_one_half  flex_column_div av-animated-generic bottom-to-top av-zero-column-padding  '     ><p>\n<style type=\"text\/css\" data-created_by=\"avia_inline_auto\" id=\"style-css-av-bo53h-b9c5d28dc8b6426acc62692ca7a47690\">\n.avia-image-container.av-bo53h-b9c5d28dc8b6426acc62692ca7a47690 img.avia_image{\nbox-shadow:none;\n}\n.avia-image-container.av-bo53h-b9c5d28dc8b6426acc62692ca7a47690 .av-image-caption-overlay-center{\ncolor:#ffffff;\n}\n<\/style>\n<div  class='avia-image-container av-bo53h-b9c5d28dc8b6426acc62692ca7a47690 av-styling-no-styling av-img-linked avia-align-center  avia-builder-el-8  el_before_av_heading  avia-builder-el-first  av-has-copyright av-copyright-icon-reveal'   itemprop=\"image\" itemscope=\"itemscope\" itemtype=\"https:\/\/schema.org\/ImageObject\" ><div class=\"avia-image-container-inner\"><div class=\"avia-image-overlay-wrap\"><a href=\"https:\/\/www.mezzoforte.fr\/index.php\/a-propos\/nos-valeurs\/\" class='avia_image '  ><img fetchpriority=\"high\" class='wp-image-783 avia-img-lazy-loading-not-783 avia_image ' src='https:\/\/www.mezzoforte.fr\/wp-content\/uploads\/2019\/11\/Valeurs.jpg' alt='' title=''  height=\"400\" width=\"1500\"  itemprop=\"thumbnailUrl\"  \/><\/a><\/div><small class=\"avia-copyright\">Image par Maxime Therrien Arel de Pixabay <\/small><\/div><\/div><br \/>\n\n<style type=\"text\/css\" data-created_by=\"avia_inline_auto\" id=\"style-css-av-av_heading-998077aa8b257637d90f9c3bc1edbb5d\">\n#top .av-special-heading.av-av_heading-998077aa8b257637d90f9c3bc1edbb5d{\npadding-bottom:0;\n}\nbody .av-special-heading.av-av_heading-998077aa8b257637d90f9c3bc1edbb5d .av-special-heading-tag .heading-char{\nfont-size:25px;\n}\n.av-special-heading.av-av_heading-998077aa8b257637d90f9c3bc1edbb5d .av-subheading{\nfont-size:15px;\n}\n<\/style>\n<div  class='av-special-heading av-av_heading-998077aa8b257637d90f9c3bc1edbb5d av-special-heading-h3 blockquote modern-quote  avia-builder-el-9  el_after_av_image  el_before_av_hr '><h3 class='av-special-heading-tag '  itemprop=\"headline\"  >Nos valeurs<\/h3><div class=\"special-heading-border\"><div class=\"special-heading-inner-border\"><\/div><\/div><\/div><br \/>\n\n<style type=\"text\/css\" data-created_by=\"avia_inline_auto\" id=\"style-css-av-anyux-ec282fd45952b6f7f9b1774d2cd0a5fe\">\n#top .hr.av-anyux-ec282fd45952b6f7f9b1774d2cd0a5fe{\nmargin-top:10px;\nmargin-bottom:10px;\n}\n.hr.av-anyux-ec282fd45952b6f7f9b1774d2cd0a5fe .hr-inner{\nwidth:50px;\nborder-color:#efbb20;\n}\n<\/style>\n<div  class='hr av-anyux-ec282fd45952b6f7f9b1774d2cd0a5fe hr-custom  avia-builder-el-10  el_after_av_heading  el_before_av_textblock  hr-left hr-icon-no'><span class='hr-inner inner-border-av-border-fat'><span class=\"hr-inner-style\"><\/span><\/span><\/div><br \/>\n<section  class='av_textblock_section av-9qa4l-355a9cb6564f04902fbce7837024577d '   itemscope=\"itemscope\" itemtype=\"https:\/\/schema.org\/CreativeWork\" ><div class='avia_textblock'  itemprop=\"text\" ><p><strong>Tout ce qui nous fait nous lever le matin<\/strong>, d\u00e9finit notre ligne de conduite et donc la qualit\u00e9 de notre d\u00e9marche&#8230;<\/p>\n<\/div><\/section><\/p><\/div>\n<style type=\"text\/css\" data-created_by=\"avia_inline_auto\" id=\"style-css-av-32ae1-dadd0ca8f4899fe9ea9c9eba5a4e9168\">\n.flex_column.av-32ae1-dadd0ca8f4899fe9ea9c9eba5a4e9168{\nborder-radius:0px 0px 0px 0px;\npadding:0px 0px 0px 0px;\n}\n<\/style>\n<div  class='flex_column av-32ae1-dadd0ca8f4899fe9ea9c9eba5a4e9168 av_one_half  avia-builder-el-12  el_after_av_one_half  el_before_av_one_half  first flex_column_div av-animated-generic bottom-to-top av-zero-column-padding  column-top-margin'     ><p>\n<style type=\"text\/css\" data-created_by=\"avia_inline_auto\" id=\"style-css-av-2kplh-07f3b771127de223ff823d196fba0e72\">\n.avia-image-container.av-2kplh-07f3b771127de223ff823d196fba0e72 img.avia_image{\nbox-shadow:none;\n}\n.avia-image-container.av-2kplh-07f3b771127de223ff823d196fba0e72 .av-image-caption-overlay-center{\ncolor:#ffffff;\n}\n<\/style>\n<div  class='avia-image-container av-2kplh-07f3b771127de223ff823d196fba0e72 av-styling-no-styling av-img-linked avia-align-center  avia-builder-el-13  el_before_av_heading  avia-builder-el-first  av-has-copyright av-copyright-icon-reveal'   itemprop=\"image\" itemscope=\"itemscope\" itemtype=\"https:\/\/schema.org\/ImageObject\" ><div class=\"avia-image-container-inner\"><div class=\"avia-image-overlay-wrap\"><a href=\"https:\/\/www.mezzoforte.fr\/index.php\/a-propos\/realisations-escape-game\/\" class='avia_image '  ><img fetchpriority=\"high\" class='wp-image-1251 avia-img-lazy-loading-not-1251 avia_image ' src='https:\/\/www.mezzoforte.fr\/wp-content\/uploads\/2020\/01\/Engrenages-bandeau.jpg' alt='' title=''  height=\"400\" width=\"1500\"  itemprop=\"thumbnailUrl\"  \/><\/a><\/div><small class=\"avia-copyright\"> Image par prettysleepy1 de Pixabay<\/small><\/div><\/div><br \/>\n\n<style type=\"text\/css\" data-created_by=\"avia_inline_auto\" id=\"style-css-av-av_heading-319b1764bcfed8429bf94e69fec05868\">\n#top .av-special-heading.av-av_heading-319b1764bcfed8429bf94e69fec05868{\npadding-bottom:0;\n}\nbody .av-special-heading.av-av_heading-319b1764bcfed8429bf94e69fec05868 .av-special-heading-tag .heading-char{\nfont-size:25px;\n}\n.av-special-heading.av-av_heading-319b1764bcfed8429bf94e69fec05868 .av-subheading{\nfont-size:15px;\n}\n<\/style>\n<div  class='av-special-heading av-av_heading-319b1764bcfed8429bf94e69fec05868 av-special-heading-h3 blockquote modern-quote  avia-builder-el-14  el_after_av_image  el_before_av_hr '><h3 class='av-special-heading-tag '  itemprop=\"headline\"  >Nos r\u00e9alisations \u00a0\u00bb Escape Game\u00a0\u00bb<\/h3><div class=\"special-heading-border\"><div class=\"special-heading-inner-border\"><\/div><\/div><\/div><br \/>\n\n<style type=\"text\/css\" data-created_by=\"avia_inline_auto\" id=\"style-css-av-57tt-3089d353a3a10844dff25a80b640603b\">\n#top .hr.av-57tt-3089d353a3a10844dff25a80b640603b{\nmargin-top:10px;\nmargin-bottom:10px;\n}\n.hr.av-57tt-3089d353a3a10844dff25a80b640603b .hr-inner{\nwidth:50px;\nborder-color:#efbb20;\n}\n<\/style>\n<div  class='hr av-57tt-3089d353a3a10844dff25a80b640603b hr-custom  avia-builder-el-15  el_after_av_heading  el_before_av_textblock  hr-left hr-icon-no'><span class='hr-inner inner-border-av-border-fat'><span class=\"hr-inner-style\"><\/span><\/span><\/div><br \/>\n<section  class='av_textblock_section av-bo5-a731802fd5ed12e8f30edb25dfd4fed4 '   itemscope=\"itemscope\" itemtype=\"https:\/\/schema.org\/CreativeWork\" ><div class='avia_textblock'  itemprop=\"text\" ><p>Des exemples de nos derni\u00e8res mises en oeuvre, <strong>des clients qui nous ont fait confiance<\/strong>&#8230; et ce qu&rsquo;ils disent de nous !<\/p>\n<\/div><\/section><\/p><\/div>\n<style type=\"text\/css\" data-created_by=\"avia_inline_auto\" id=\"style-css-av-94u4x-8dc383f331b4711ff88d95acb558ca90\">\n.flex_column.av-94u4x-8dc383f331b4711ff88d95acb558ca90{\nborder-radius:0px 0px 0px 0px;\npadding:0px 0px 0px 0px;\n}\n<\/style>\n<div  class='flex_column av-94u4x-8dc383f331b4711ff88d95acb558ca90 av_one_half  avia-builder-el-17  el_after_av_one_half  avia-builder-el-last  flex_column_div av-animated-generic bottom-to-top av-zero-column-padding  column-top-margin'     ><p>\n<style type=\"text\/css\" data-created_by=\"avia_inline_auto\" id=\"style-css-av-8gj4x-5d014da286121be1a37a8b1840e3a04e\">\n.avia-image-container.av-8gj4x-5d014da286121be1a37a8b1840e3a04e img.avia_image{\nbox-shadow:none;\n}\n.avia-image-container.av-8gj4x-5d014da286121be1a37a8b1840e3a04e .av-image-caption-overlay-center{\ncolor:#ffffff;\n}\n<\/style>\n<div  class='avia-image-container av-8gj4x-5d014da286121be1a37a8b1840e3a04e av-styling-no-styling avia-align-center  avia-builder-el-18  el_before_av_heading  avia-builder-el-first  av-has-copyright av-copyright-icon-reveal'   itemprop=\"image\" itemscope=\"itemscope\" itemtype=\"https:\/\/schema.org\/ImageObject\" ><div class=\"avia-image-container-inner\"><div class=\"avia-image-overlay-wrap\"><img fetchpriority=\"high\" class='wp-image-1317 avia-img-lazy-loading-not-1317 avia_image ' src='https:\/\/www.mezzoforte.fr\/wp-content\/uploads\/2020\/01\/R\u00e9alisations-bient\u00f4t.jpg' alt='' title=''  height=\"400\" width=\"1500\"  itemprop=\"thumbnailUrl\"  \/><\/div><small class=\"avia-copyright\">Image par CchrisS de Pixabay <\/small><\/div><\/div><br \/>\n\n<style type=\"text\/css\" data-created_by=\"avia_inline_auto\" id=\"style-css-av-av_heading-621e6c43ce665bf1120b1a8df85292af\">\n#top .av-special-heading.av-av_heading-621e6c43ce665bf1120b1a8df85292af{\npadding-bottom:0;\n}\nbody .av-special-heading.av-av_heading-621e6c43ce665bf1120b1a8df85292af .av-special-heading-tag .heading-char{\nfont-size:25px;\n}\n.av-special-heading.av-av_heading-621e6c43ce665bf1120b1a8df85292af .av-subheading{\nfont-size:15px;\n}\n<\/style>\n<div  class='av-special-heading av-av_heading-621e6c43ce665bf1120b1a8df85292af av-special-heading-h3 blockquote modern-quote  avia-builder-el-19  el_after_av_image  el_before_av_hr '><h3 class='av-special-heading-tag '  itemprop=\"headline\"  >Nos r\u00e9alisation \u00ab\u00a0Musicales\u00a0\u00bb<\/h3><div class=\"special-heading-border\"><div class=\"special-heading-inner-border\"><\/div><\/div><\/div><br \/>\n\n<style type=\"text\/css\" data-created_by=\"avia_inline_auto\" id=\"style-css-av-790ut-f48a61e96b273c7be7b759b61095bbd8\">\n#top .hr.av-790ut-f48a61e96b273c7be7b759b61095bbd8{\nmargin-top:10px;\nmargin-bottom:10px;\n}\n.hr.av-790ut-f48a61e96b273c7be7b759b61095bbd8 .hr-inner{\nwidth:50px;\nborder-color:#efbb20;\n}\n<\/style>\n<div  class='hr av-790ut-f48a61e96b273c7be7b759b61095bbd8 hr-custom  avia-builder-el-20  el_after_av_heading  el_before_av_textblock  hr-left hr-icon-no'><span class='hr-inner inner-border-av-border-fat'><span class=\"hr-inner-style\"><\/span><\/span><\/div><br \/>\n<section  class='av_textblock_section av-6owjt-ed4f2590d8ed9883dc53a4f4a01ebc52 '   itemscope=\"itemscope\" itemtype=\"https:\/\/schema.org\/CreativeWork\" ><div class='avia_textblock'  itemprop=\"text\" ><p>Voyons ce que disent nos clients et leurs salari\u00e9s quand les entreprises passent le pas et <strong>font entrer la musique dans leur univers<\/strong>&#8230;<\/p>\n<\/div><\/section><\/p><\/div><\/p>\n","protected":false},"excerpt":{"rendered":"","protected":false},"author":1,"featured_media":0,"parent":0,"menu_order":0,"comment_status":"closed","ping_status":"closed","template":"","meta":{"footnotes":""},"class_list":["post-573","page","type-page","status-publish","hentry"],"_links":{"self":[{"href":"https:\/\/www.mezzoforte.fr\/index.php\/wp-json\/wp\/v2\/pages\/573","targetHints":{"allow":["GET"]}}],"collection":[{"href":"https:\/\/www.mezzoforte.fr\/index.php\/wp-json\/wp\/v2\/pages"}],"about":[{"href":"https:\/\/www.mezzoforte.fr\/index.php\/wp-json\/wp\/v2\/types\/page"}],"author":[{"embeddable":true,"href":"https:\/\/www.mezzoforte.fr\/index.php\/wp-json\/wp\/v2\/users\/1"}],"replies":[{"embeddable":true,"href":"https:\/\/www.mezzoforte.fr\/index.php\/wp-json\/wp\/v2\/comments?post=573"}],"version-history":[{"count":19,"href":"https:\/\/www.mezzoforte.fr\/index.php\/wp-json\/wp\/v2\/pages\/573\/revisions"}],"predecessor-version":[{"id":1424,"href":"https:\/\/www.mezzoforte.fr\/index.php\/wp-json\/wp\/v2\/pages\/573\/revisions\/1424"}],"wp:attachment":[{"href":"https:\/\/www.mezzoforte.fr\/index.php\/wp-json\/wp\/v2\/media?parent=573"}],"curies":[{"name":"wp","href":"https:\/\/api.w.org\/{rel}","templated":true}]}}