{"id":542,"date":"2019-10-18T12:50:35","date_gmt":"2019-10-18T10:50:35","guid":{"rendered":"http:\/\/www.mezzoforte.fr\/?page_id=542"},"modified":"2020-05-11T17:24:06","modified_gmt":"2020-05-11T15:24:06","slug":"realisations-escape-game","status":"publish","type":"page","link":"https:\/\/www.mezzoforte.fr\/index.php\/a-propos\/realisations-escape-game\/","title":{"rendered":"R\u00e9alisations \u00ab\u00a0Escape\u00a0\u00bb"},"content":{"rendered":"<div  class='avia-slideshow av-42uqmy-c801bcad27d0e3d21d010561d96824b0 avia-slideshow-featured_large av_slideshow avia-fade-slider  avia-builder-el-0  el_before_av_one_full  avia-builder-el-first  av-slideshow-ui av-control-hidden av-no-slider-navigation av-hide-nav-arrows av-slideshow-autoplay av-loop-endless av-loop-manual-endless av-default-height-applied avia-slideshow-1' data-slideshow-options=\"{&quot;animation&quot;:&quot;fade&quot;,&quot;autoplay&quot;:true,&quot;loop_autoplay&quot;:&quot;endless&quot;,&quot;interval&quot;:5,&quot;loop_manual&quot;:&quot;manual-endless&quot;,&quot;autoplay_stopper&quot;:false,&quot;noNavigation&quot;:true,&quot;bg_slider&quot;:false,&quot;keep_padding&quot;:false,&quot;hoverpause&quot;:false,&quot;show_slide_delay&quot;:0}\"  itemprop=\"image\" itemscope=\"itemscope\" itemtype=\"https:\/\/schema.org\/ImageObject\" ><ul class='avia-slideshow-inner ' style='padding-bottom: 26.666666666667%;'><li  class='avia-slideshow-slide av-42uqmy-c801bcad27d0e3d21d010561d96824b0__0  av-single-slide slide-1 slide-odd'><div data-rel='slideshow-1' class='avia-slide-wrap '   ><img fetchpriority=\"high\" class=\"wp-image-1251 avia-img-lazy-loading-not-1251\"  src='https:\/\/www.mezzoforte.fr\/wp-content\/uploads\/2020\/01\/Engrenages-bandeau.jpg' width='1500' height='400' title='' alt=''  itemprop=\"thumbnailUrl\"   \/><\/div><\/li><\/ul><\/div>\n\n<style type=\"text\/css\" data-created_by=\"avia_inline_auto\" id=\"style-css-av-3ch9b6-b1ef9fa14bea693fc15af83b40615d6b\">\n#top .flex_column.av-3ch9b6-b1ef9fa14bea693fc15af83b40615d6b{\nmargin-top:0px;\nmargin-bottom:0px;\n}\n.flex_column.av-3ch9b6-b1ef9fa14bea693fc15af83b40615d6b{\nborder-radius:0px 0px 0px 0px;\npadding:0px 0px 0px 0px;\n}\n.responsive #top #wrap_all .flex_column.av-3ch9b6-b1ef9fa14bea693fc15af83b40615d6b{\nmargin-top:0px;\nmargin-bottom:0px;\n}\n<\/style>\n<div  class='flex_column av-3ch9b6-b1ef9fa14bea693fc15af83b40615d6b av_one_full  avia-builder-el-1  el_after_av_slideshow  el_before_av_one_half  first flex_column_div av-animated-generic bottom-to-top av-zero-column-padding  '     ><p>\n<style type=\"text\/css\" data-created_by=\"avia_inline_auto\" id=\"style-css-av-k5zej5xv-45603e6bf1843f99e7346981e3e88b98\">\n#top .av-special-heading.av-k5zej5xv-45603e6bf1843f99e7346981e3e88b98{\npadding-bottom:0;\n}\nbody .av-special-heading.av-k5zej5xv-45603e6bf1843f99e7346981e3e88b98 .av-special-heading-tag .heading-char{\nfont-size:25px;\n}\n.av-special-heading.av-k5zej5xv-45603e6bf1843f99e7346981e3e88b98 .av-subheading{\nfont-size:15px;\n}\n<\/style>\n<div  class='av-special-heading av-k5zej5xv-45603e6bf1843f99e7346981e3e88b98 av-special-heading-h2 blockquote modern-quote  avia-builder-el-2  el_before_av_hr  avia-builder-el-first '><h2 class='av-special-heading-tag '  itemprop=\"headline\"  >R\u00e9alisations \u00ab\u00a0Escape Game\u00a0\u00bb &#8211; Avis clients<\/h2><div class=\"special-heading-border\"><div class=\"special-heading-inner-border\"><\/div><\/div><\/div><br \/>\n\n<style type=\"text\/css\" data-created_by=\"avia_inline_auto\" id=\"style-css-av-33w2wq-976726c1826f0896560fc0e45a2dbc15\">\n#top .hr.av-33w2wq-976726c1826f0896560fc0e45a2dbc15{\nmargin-top:10px;\nmargin-bottom:10px;\n}\n.hr.av-33w2wq-976726c1826f0896560fc0e45a2dbc15 .hr-inner{\nwidth:50px;\nborder-color:#efbb20;\n}\n<\/style>\n<div  class='hr av-33w2wq-976726c1826f0896560fc0e45a2dbc15 hr-custom  avia-builder-el-3  el_after_av_heading  avia-builder-el-last  hr-left hr-icon-no'><span class='hr-inner inner-border-av-border-fat'><span class=\"hr-inner-style\"><\/span><\/span><\/div><\/p><\/div>\n\n<style type=\"text\/css\" data-created_by=\"avia_inline_auto\" id=\"style-css-av-2vtygq-d1a9908fb7226e533b108b75dabd7767\">\n#top .flex_column.av-2vtygq-d1a9908fb7226e533b108b75dabd7767{\nmargin-top:0px;\nmargin-bottom:0px;\n}\n.flex_column.av-2vtygq-d1a9908fb7226e533b108b75dabd7767{\nborder-radius:0px 0px 0px 0px;\npadding:0px 0px 0px 0px;\n}\n.responsive #top #wrap_all .flex_column.av-2vtygq-d1a9908fb7226e533b108b75dabd7767{\nmargin-top:0px;\nmargin-bottom:0px;\n}\n<\/style>\n<div  class='flex_column av-2vtygq-d1a9908fb7226e533b108b75dabd7767 av_one_half  avia-builder-el-4  el_after_av_one_full  el_before_av_one_half  first flex_column_div av-animated-generic bottom-to-top av-zero-column-padding  column-top-margin'     ><p><section  class='av_textblock_section av-2s52ii-be9e5413674c1133b1e44005b66d7b44 '   itemscope=\"itemscope\" itemtype=\"https:\/\/schema.org\/CreativeWork\" ><div class='avia_textblock'  itemprop=\"text\" ><p><strong>La Banque Postale Assurances IARD<\/strong><\/p>\n<\/div><\/section><br \/>\n<section  class='av_textblock_section av-2s52ii-be9e5413674c1133b1e44005b66d7b44 '   itemscope=\"itemscope\" itemtype=\"https:\/\/schema.org\/CreativeWork\" ><div class='avia_textblock'  itemprop=\"text\" ><p><iframe loading=\"lazy\" width=\"560\" height=\"315\" src=\"https:\/\/www.youtube.com\/embed\/tlX0XsTNVBk\" frameborder=\"0\" allow=\"accelerometer; autoplay; encrypted-media; gyroscope; picture-in-picture\" allowfullscreen><\/iframe><\/p>\n<\/div><\/section><\/p><\/div>\n<style type=\"text\/css\" data-created_by=\"avia_inline_auto\" id=\"style-css-av-2mp2yi-e4c317d5711cbd44ae2a3eeba08658db\">\n#top .flex_column.av-2mp2yi-e4c317d5711cbd44ae2a3eeba08658db{\nmargin-top:0px;\nmargin-bottom:0px;\n}\n.flex_column.av-2mp2yi-e4c317d5711cbd44ae2a3eeba08658db{\nborder-radius:0px 0px 0px 0px;\npadding:0px 0px 0px 0px;\n}\n.responsive #top #wrap_all .flex_column.av-2mp2yi-e4c317d5711cbd44ae2a3eeba08658db{\nmargin-top:0px;\nmargin-bottom:0px;\n}\n<\/style>\n<div  class='flex_column av-2mp2yi-e4c317d5711cbd44ae2a3eeba08658db av_one_half  avia-builder-el-7  el_after_av_one_half  el_before_av_one_full  flex_column_div av-animated-generic bottom-to-top av-zero-column-padding  column-top-margin'     ><p><section  class='av_textblock_section av-2s52ii-be9e5413674c1133b1e44005b66d7b44 '   itemscope=\"itemscope\" itemtype=\"https:\/\/schema.org\/CreativeWork\" ><div class='avia_textblock'  itemprop=\"text\" ><p><strong>Dorel &#8211; B\u00e9b\u00e9 Confort<\/strong><\/p>\n<\/div><\/section><br \/>\n<section  class='av_textblock_section av-2s52ii-be9e5413674c1133b1e44005b66d7b44 '   itemscope=\"itemscope\" itemtype=\"https:\/\/schema.org\/CreativeWork\" ><div class='avia_textblock'  itemprop=\"text\" ><p><iframe loading=\"lazy\" width=\"560\" height=\"315\" src=\"https:\/\/www.youtube.com\/embed\/u4pi1unGiOc\" frameborder=\"0\" allow=\"accelerometer; autoplay; encrypted-media; gyroscope; picture-in-picture\" allowfullscreen><\/iframe><\/p>\n<\/div><\/section><\/p><\/div><\/p>\n\n<style type=\"text\/css\" data-created_by=\"avia_inline_auto\" id=\"style-css-av-27hwnm-ec4299a6837f2c375b8bc073b82785a5\">\n.flex_column.av-27hwnm-ec4299a6837f2c375b8bc073b82785a5{\nborder-radius:0px 0px 0px 0px;\npadding:0px 0px 0px 0px;\n}\n<\/style>\n<div  class='flex_column av-27hwnm-ec4299a6837f2c375b8bc073b82785a5 av_one_full  avia-builder-el-10  el_after_av_one_half  el_before_av_one_full  first flex_column_div av-animated-generic bottom-to-top av-zero-column-padding  column-top-margin'     ><p>\n<style type=\"text\/css\" data-created_by=\"avia_inline_auto\" id=\"style-css-av-escrq-22765ab7c884172b9f8fb83b5d564e46\">\n#top .av-special-heading.av-escrq-22765ab7c884172b9f8fb83b5d564e46{\npadding-bottom:0;\n}\nbody .av-special-heading.av-escrq-22765ab7c884172b9f8fb83b5d564e46 .av-special-heading-tag .heading-char{\nfont-size:25px;\n}\n.av-special-heading.av-escrq-22765ab7c884172b9f8fb83b5d564e46 .av-subheading{\nfont-size:15px;\n}\n<\/style>\n<div  class='av-special-heading av-escrq-22765ab7c884172b9f8fb83b5d564e46 av-special-heading-h2 blockquote modern-quote  avia-builder-el-11  el_before_av_hr  avia-builder-el-first '><h2 class='av-special-heading-tag '  itemprop=\"headline\"  >T\u00e9moignages<\/h2><div class=\"special-heading-border\"><div class=\"special-heading-inner-border\"><\/div><\/div><\/div><br \/>\n\n<style type=\"text\/css\" data-created_by=\"avia_inline_auto\" id=\"style-css-av-33w2wq-976726c1826f0896560fc0e45a2dbc15\">\n#top .hr.av-33w2wq-976726c1826f0896560fc0e45a2dbc15{\nmargin-top:10px;\nmargin-bottom:10px;\n}\n.hr.av-33w2wq-976726c1826f0896560fc0e45a2dbc15 .hr-inner{\nwidth:50px;\nborder-color:#efbb20;\n}\n<\/style>\n<div  class='hr av-33w2wq-976726c1826f0896560fc0e45a2dbc15 hr-custom  avia-builder-el-12  el_after_av_heading  el_before_av_testimonials  hr-left hr-icon-no'><span class='hr-inner inner-border-av-border-fat'><span class=\"hr-inner-style\"><\/span><\/span><\/div><br \/>\n<div  class='avia-testimonial-wrapper av-k55c3wje-3b22dca1315dc4c3398f03beadf8e2fb avia-grid-testimonials avia-grid-2-testimonials avia_animate_when_almost_visible av-minimal-grid-style av-boxed-grid-style' >\n<section class=\"avia-testimonial-row\"><div class='avia-testimonial av-137j8e-cce2123a8b0055ef3595913c58de66fc avia-testimonial-row-1 avia-first-testimonial flex_column no_margin av_one_half'><div class='avia-testimonial_inner'  itemscope=\"itemscope\" itemtype=\"https:\/\/schema.org\/CreativeWork\" ><div class='avia-testimonial-content '><div class='avia-testimonial-markup-entry-content'  itemprop=\"text\" ><p><img loading=\"lazy\" decoding=\"async\" class=\" wp-image-1137 alignleft\" src=\"http:\/\/www.mezzoforte.fr\/wp-content\/uploads\/2020\/01\/Logo-CN.jpg\" alt=\"\" width=\"185\" height=\"100\" \/><em>\u00ab Une tr\u00e8s belle animation, fortement appr\u00e9ci\u00e9e par toutes les \u00e9quipes. Tout est carr\u00e9 de la musique d\u2019ambiance aux interventions de l&rsquo;animateur. Je recommande pour sa simplicit\u00e9 de mise en \u0153uvre (3 tables &#8211; 3 chaises), pour la praticit\u00e9 de son d\u00e9roulement (dans l&rsquo;entreprise) et pour la ma\u00eetrise du planning (jamais plus d&rsquo;une heure !). Cela a permis \u00e0 nos collaborateurs de se retrouver \u00e0 la t\u00eate d&rsquo;un projet hors de leur quotidien mais faisant appel aux m\u00eames m\u00e9canismes,\u00a0 \u00e0 savoir l\u2019importance du collectif et la gestion du temps. Tr\u00e8s belle exp\u00e9rience manag\u00e9riale,\u00a0 qui a r\u00e9v\u00e9l\u00e9 certaines personnalit\u00e9s.\u00a0 Int\u00e9ressant.\u00bb<\/em><\/p>\n<\/div><\/div><div class=\"avia-testimonial-meta\"><div class=\"avia-testimonial-arrow-wrap\"><div class=\"avia-arrow\"><\/div><\/div><div class='avia-testimonial-meta-mini'  itemprop=\"author\" itemscope=\"itemscope\" itemtype=\"https:\/\/schema.org\/Person\" ><strong  class='avia-testimonial-name'  itemprop=\"name\" >Marianne CITRON - Directrice G\u00e9n\u00e9rale<\/strong><span  class='avia-testimonial-subtitle '  itemprop=\"jobTitle\" >CITRON NATURE CONSULTANTS<\/span><\/div><\/div><\/div><\/div>\n<div class='avia-testimonial av-xbbkm-f5f27a6ce764b0287b8bd952426cdb5e avia-testimonial-row-1 avia-last-testimonial flex_column no_margin av_one_half'><div class='avia-testimonial_inner'  itemscope=\"itemscope\" itemtype=\"https:\/\/schema.org\/CreativeWork\" ><div class='avia-testimonial-content '><div class='avia-testimonial-markup-entry-content'  itemprop=\"text\" ><p><img loading=\"lazy\" decoding=\"async\" class=\"wp-image-1138 alignleft\" src=\"http:\/\/www.mezzoforte.fr\/wp-content\/uploads\/2020\/01\/Logo-Dorel.jpg\" alt=\"\" width=\"185\" height=\"100\" \/><em>\u00ab C\u2019\u00e9tait un excellent moment ! L\u2019Escape Game permet une vraie coh\u00e9sion d\u2019\u00e9quipe, les \u00e9nigmes sont tr\u00e8s bien ficel\u00e9es et nous avons pass\u00e9 une heure qui nous a paru tr\u00e8s courte tellement nous \u00e9tions impliqu\u00e9es et passionn\u00e9es par le jeu ! Et en plus nous avons r\u00e9ussi notre mission ! \u00bb<\/em><\/p>\n<\/div><\/div><div class=\"avia-testimonial-meta\"><div class=\"avia-testimonial-arrow-wrap\"><div class=\"avia-arrow\"><\/div><\/div><div class='avia-testimonial-meta-mini'  itemprop=\"author\" itemscope=\"itemscope\" itemtype=\"https:\/\/schema.org\/Person\" ><strong  class='avia-testimonial-name'  itemprop=\"name\" >Sophie LAINE - Retail Manager<\/strong><span  class='avia-testimonial-subtitle '  itemprop=\"jobTitle\" >DOREL JUVENILE \/ B\u00e9b\u00e9 Confort<\/span><\/div><\/div><\/div><\/div><\/section>\n<section class=\"avia-testimonial-row\"><div class='avia-testimonial av-7n7tq-f87525ef9e45cead74c63f764fbb5a70 avia-testimonial-row-2 avia-first-testimonial flex_column no_margin av_one_half'><div class='avia-testimonial_inner'  itemscope=\"itemscope\" itemtype=\"https:\/\/schema.org\/CreativeWork\" ><div class='avia-testimonial-content '><div class='avia-testimonial-markup-entry-content'  itemprop=\"text\" ><p><img loading=\"lazy\" decoding=\"async\" class=\"wp-image-1139 alignleft\" src=\"http:\/\/www.mezzoforte.fr\/wp-content\/uploads\/2020\/01\/Logo-LBPA.jpg\" alt=\"\" width=\"185\" height=\"100\" \/><\/p>\n<p><em>Douze groupes sur deux journ\u00e9es extr\u00eamement conviviales ont permis de r\u00e9cup\u00e9rer aupr\u00e8s de nos managers quelques impressions tr\u00e8s positives :<br \/>\n\u00ab Tr\u00e8s bon moment pass\u00e9 avec mon \u00e9quipe \u00bb \/ <\/em><em>\u00ab 48 minutes\u2026 une belle r\u00e9ussite collective \u00bb \/ <\/em><em>\u00ab Merci pour ce moment \u00bb<\/em><\/p>\n<\/div><\/div><div class=\"avia-testimonial-meta\"><div class=\"avia-testimonial-arrow-wrap\"><div class=\"avia-arrow\"><\/div><\/div><div class='avia-testimonial-meta-mini'  itemprop=\"author\" itemscope=\"itemscope\" itemtype=\"https:\/\/schema.org\/Person\" ><strong  class='avia-testimonial-name'  itemprop=\"name\" >Divers responsables d\u2019\u00e9quipe<\/strong><span  class='avia-testimonial-subtitle '  itemprop=\"jobTitle\" >LA BANQUE POSTALE ASSURANCES IARD<\/span><\/div><\/div><\/div><\/div>\n<\/section><\/div><\/p><\/div>\n\n<style type=\"text\/css\" data-created_by=\"avia_inline_auto\" id=\"style-css-av-27hwnm-ec4299a6837f2c375b8bc073b82785a5\">\n.flex_column.av-27hwnm-ec4299a6837f2c375b8bc073b82785a5{\nborder-radius:0px 0px 0px 0px;\npadding:0px 0px 0px 0px;\n}\n<\/style>\n<div  class='flex_column av-27hwnm-ec4299a6837f2c375b8bc073b82785a5 av_one_full  avia-builder-el-14  el_after_av_one_full  el_before_av_two_third  first flex_column_div av-animated-generic bottom-to-top av-zero-column-padding  column-top-margin'     ><p>\n<style type=\"text\/css\" data-created_by=\"avia_inline_auto\" id=\"style-css-av-k55ezkc8-bf7b02eb1af8ad56bbc1b9670a0d1236\">\n#top .av-special-heading.av-k55ezkc8-bf7b02eb1af8ad56bbc1b9670a0d1236{\npadding-bottom:0;\n}\nbody .av-special-heading.av-k55ezkc8-bf7b02eb1af8ad56bbc1b9670a0d1236 .av-special-heading-tag .heading-char{\nfont-size:25px;\n}\n.av-special-heading.av-k55ezkc8-bf7b02eb1af8ad56bbc1b9670a0d1236 .av-subheading{\nfont-size:15px;\n}\n<\/style>\n<div  class='av-special-heading av-k55ezkc8-bf7b02eb1af8ad56bbc1b9670a0d1236 av-special-heading-h2 blockquote modern-quote  avia-builder-el-15  el_before_av_hr  avia-builder-el-first '><h2 class='av-special-heading-tag '  itemprop=\"headline\"  >Nos clients<\/h2><div class=\"special-heading-border\"><div class=\"special-heading-inner-border\"><\/div><\/div><\/div><br \/>\n\n<style type=\"text\/css\" data-created_by=\"avia_inline_auto\" id=\"style-css-av-33w2wq-976726c1826f0896560fc0e45a2dbc15\">\n#top .hr.av-33w2wq-976726c1826f0896560fc0e45a2dbc15{\nmargin-top:10px;\nmargin-bottom:10px;\n}\n.hr.av-33w2wq-976726c1826f0896560fc0e45a2dbc15 .hr-inner{\nwidth:50px;\nborder-color:#efbb20;\n}\n<\/style>\n<div  class='hr av-33w2wq-976726c1826f0896560fc0e45a2dbc15 hr-custom  avia-builder-el-16  el_after_av_heading  avia-builder-el-last  hr-left hr-icon-no'><span class='hr-inner inner-border-av-border-fat'><span class=\"hr-inner-style\"><\/span><\/span><\/div><\/p><\/div>\n\n<style type=\"text\/css\" data-created_by=\"avia_inline_auto\" id=\"style-css-av-k55exuz2-cabed9d322ea86236b2f6f3047fec7df\">\n.flex_column.av-k55exuz2-cabed9d322ea86236b2f6f3047fec7df{\nborder-width:2px;\nborder-color:#000000;\nborder-style:solid;\nborder-radius:0px 0px 0px 0px;\npadding:20px 20px 20px 20px;\nbackground-color:#fcfcfc;\n}\n<\/style>\n<div  class='flex_column av-k55exuz2-cabed9d322ea86236b2f6f3047fec7df av_two_third  avia-builder-el-17  el_after_av_one_full  el_before_av_one_third  first flex_column_div av-animated-generic bottom-to-top  column-top-margin'     ><section  class='av_textblock_section av-agfsy-e3addfbdb1f35a2374d74510ba64a6e0 '   itemscope=\"itemscope\" itemtype=\"https:\/\/schema.org\/CreativeWork\" ><div class='avia_textblock'  itemprop=\"text\" ><p><strong>Entreprises priv\u00e9es<\/strong> : de la PME au grand groupe<\/p>\n<p><strong>Collectivit\u00e9s locales<\/strong> : Mairies \/ Comit\u00e9s des f\u00eates \/ Associations<\/p>\n<\/div><\/section><\/div>\n\n<style type=\"text\/css\" data-created_by=\"avia_inline_auto\" id=\"style-css-av-k55exmix-a4144a8bfa92f1a3b168154f1dc89739\">\n.flex_column.av-k55exmix-a4144a8bfa92f1a3b168154f1dc89739{\nborder-width:1px;\nborder-color:#000000;\nborder-style:solid;\nborder-radius:0px 0px 0px 0px;\npadding:0px 0px 0px 0px;\nbackground-color:#000000;\n}\n<\/style>\n<div  class='flex_column av-k55exmix-a4144a8bfa92f1a3b168154f1dc89739 av_one_third  avia-builder-el-19  el_after_av_two_third  avia-builder-el-last  flex_column_div av-animated-generic bottom-to-top av-zero-column-padding  column-top-margin'     ><div  class='avia-slideshow av-k55e26z5-f5891afb2dab65a8069c76ec3586f290 avia-slideshow-portfolio_small av_slideshow avia-slide-slider  avia-builder-el-20  avia-builder-el-no-sibling  av-slideshow-ui av-control-hidden av-no-slider-navigation av-hide-nav-arrows av-slideshow-autoplay av-loop-endless av-loop-manual-endless av-default-height-applied avia-slideshow-2' data-slideshow-options=\"{&quot;animation&quot;:&quot;slide&quot;,&quot;autoplay&quot;:true,&quot;loop_autoplay&quot;:&quot;endless&quot;,&quot;interval&quot;:2,&quot;loop_manual&quot;:&quot;manual-endless&quot;,&quot;autoplay_stopper&quot;:false,&quot;noNavigation&quot;:true,&quot;bg_slider&quot;:false,&quot;keep_padding&quot;:false,&quot;hoverpause&quot;:false,&quot;show_slide_delay&quot;:0}\"  itemprop=\"image\" itemscope=\"itemscope\" itemtype=\"https:\/\/schema.org\/ImageObject\" ><ul class='avia-slideshow-inner ' style='padding-bottom: 54.230769230769%;'><li  class='avia-slideshow-slide av-k55e26z5-f5891afb2dab65a8069c76ec3586f290__0  slide-1 slide-odd'><div data-rel='slideshow-2' class='avia-slide-wrap '   ><img fetchpriority=\"high\" class=\"wp-image-1146 avia-img-lazy-loading-not-1146\"  src='https:\/\/www.mezzoforte.fr\/wp-content\/uploads\/2020\/01\/Logo-CN.jpg' width='260' height='141' title='' alt=''  itemprop=\"thumbnailUrl\"   \/><\/div><\/li><li  class='avia-slideshow-slide av-k55e26z5-f5891afb2dab65a8069c76ec3586f290__1  slide-2 slide-even'><div data-rel='slideshow-2' class='avia-slide-wrap '   ><img fetchpriority=\"high\" class=\"wp-image-1148 avia-img-lazy-loading-not-1148\"  src='https:\/\/www.mezzoforte.fr\/wp-content\/uploads\/2020\/01\/Logo-LBPA.jpg' width='260' height='141' title='' alt=''  itemprop=\"thumbnailUrl\"   \/><\/div><\/li><li  class='avia-slideshow-slide av-k55e26z5-f5891afb2dab65a8069c76ec3586f290__2  slide-3 slide-odd'><div data-rel='slideshow-2' class='avia-slide-wrap '   ><img fetchpriority=\"high\" class=\"wp-image-1147 avia-img-lazy-loading-not-1147\"  src='https:\/\/www.mezzoforte.fr\/wp-content\/uploads\/2020\/01\/Logo-Dorel.jpg' width='260' height='141' title='' alt=''  itemprop=\"thumbnailUrl\"   \/><\/div><\/li><\/ul><div class='avia-slideshow-arrows avia-slideshow-controls' ><a href='#prev' class='prev-slide ' aria-hidden='true' data-av_icon='\ue87c' data-av_iconfont='entypo-fontello'  tabindex='-1'>Pr\u00e9c\u00e9dent<\/a><a href='#next' class='next-slide ' aria-hidden='true' data-av_icon='\ue87d' data-av_iconfont='entypo-fontello'  tabindex='-1'>Suivant<\/a><\/div><\/div><\/div>\n","protected":false},"excerpt":{"rendered":"","protected":false},"author":1,"featured_media":0,"parent":573,"menu_order":4,"comment_status":"closed","ping_status":"closed","template":"","meta":{"footnotes":""},"class_list":["post-542","page","type-page","status-publish","hentry"],"_links":{"self":[{"href":"https:\/\/www.mezzoforte.fr\/index.php\/wp-json\/wp\/v2\/pages\/542","targetHints":{"allow":["GET"]}}],"collection":[{"href":"https:\/\/www.mezzoforte.fr\/index.php\/wp-json\/wp\/v2\/pages"}],"about":[{"href":"https:\/\/www.mezzoforte.fr\/index.php\/wp-json\/wp\/v2\/types\/page"}],"author":[{"embeddable":true,"href":"https:\/\/www.mezzoforte.fr\/index.php\/wp-json\/wp\/v2\/users\/1"}],"replies":[{"embeddable":true,"href":"https:\/\/www.mezzoforte.fr\/index.php\/wp-json\/wp\/v2\/comments?post=542"}],"version-history":[{"count":23,"href":"https:\/\/www.mezzoforte.fr\/index.php\/wp-json\/wp\/v2\/pages\/542\/revisions"}],"predecessor-version":[{"id":1550,"href":"https:\/\/www.mezzoforte.fr\/index.php\/wp-json\/wp\/v2\/pages\/542\/revisions\/1550"}],"up":[{"embeddable":true,"href":"https:\/\/www.mezzoforte.fr\/index.php\/wp-json\/wp\/v2\/pages\/573"}],"wp:attachment":[{"href":"https:\/\/www.mezzoforte.fr\/index.php\/wp-json\/wp\/v2\/media?parent=542"}],"curies":[{"name":"wp","href":"https:\/\/api.w.org\/{rel}","templated":true}]}}