{"id":533,"date":"2019-10-18T12:44:51","date_gmt":"2019-10-18T10:44:51","guid":{"rendered":"http:\/\/www.mezzoforte.fr\/?page_id=533"},"modified":"2020-01-23T11:07:59","modified_gmt":"2020-01-23T10:07:59","slug":"nos-valeurs","status":"publish","type":"page","link":"https:\/\/www.mezzoforte.fr\/index.php\/a-propos\/nos-valeurs\/","title":{"rendered":"Nos valeurs"},"content":{"rendered":"<div  class='avia-slideshow av-42uqmy-c801bcad27d0e3d21d010561d96824b0 avia-slideshow-featured_large av_slideshow avia-fade-slider  avia-builder-el-0  el_before_av_one_full  avia-builder-el-first  av-slideshow-ui av-control-hidden av-no-slider-navigation av-hide-nav-arrows av-slideshow-autoplay av-loop-endless av-loop-manual-endless av-default-height-applied avia-slideshow-1' data-slideshow-options=\"{&quot;animation&quot;:&quot;fade&quot;,&quot;autoplay&quot;:true,&quot;loop_autoplay&quot;:&quot;endless&quot;,&quot;interval&quot;:5,&quot;loop_manual&quot;:&quot;manual-endless&quot;,&quot;autoplay_stopper&quot;:false,&quot;noNavigation&quot;:true,&quot;bg_slider&quot;:false,&quot;keep_padding&quot;:false,&quot;hoverpause&quot;:false,&quot;show_slide_delay&quot;:0}\"  itemprop=\"image\" itemscope=\"itemscope\" itemtype=\"https:\/\/schema.org\/ImageObject\" ><ul class='avia-slideshow-inner ' style='padding-bottom: 26.666666666667%;'><li  class='avia-slideshow-slide av-42uqmy-c801bcad27d0e3d21d010561d96824b0__0  av-single-slide slide-1 slide-odd'><div data-rel='slideshow-1' class='avia-slide-wrap '   ><img fetchpriority=\"high\" class=\"wp-image-783 avia-img-lazy-loading-not-783\"  src='https:\/\/www.mezzoforte.fr\/wp-content\/uploads\/2019\/11\/Valeurs.jpg' width='1500' height='400' title='' alt=''  itemprop=\"thumbnailUrl\"   \/><\/div><\/li><\/ul><\/div>\n\n<style type=\"text\/css\" data-created_by=\"avia_inline_auto\" id=\"style-css-av-3ch9b6-b1ef9fa14bea693fc15af83b40615d6b\">\n#top .flex_column.av-3ch9b6-b1ef9fa14bea693fc15af83b40615d6b{\nmargin-top:0px;\nmargin-bottom:0px;\n}\n.flex_column.av-3ch9b6-b1ef9fa14bea693fc15af83b40615d6b{\nborder-radius:0px 0px 0px 0px;\npadding:0px 0px 0px 0px;\n}\n.responsive #top #wrap_all .flex_column.av-3ch9b6-b1ef9fa14bea693fc15af83b40615d6b{\nmargin-top:0px;\nmargin-bottom:0px;\n}\n<\/style>\n<div  class='flex_column av-3ch9b6-b1ef9fa14bea693fc15af83b40615d6b av_one_full  avia-builder-el-1  el_after_av_slideshow  el_before_av_one_full  first flex_column_div av-animated-generic bottom-to-top av-zero-column-padding  '     ><p>\n<style type=\"text\/css\" data-created_by=\"avia_inline_auto\" id=\"style-css-av-k1w0c18e-88a4362132db98e8b2adcf3b231c1405\">\n#top .av-special-heading.av-k1w0c18e-88a4362132db98e8b2adcf3b231c1405{\npadding-bottom:0;\n}\nbody .av-special-heading.av-k1w0c18e-88a4362132db98e8b2adcf3b231c1405 .av-special-heading-tag .heading-char{\nfont-size:25px;\n}\n.av-special-heading.av-k1w0c18e-88a4362132db98e8b2adcf3b231c1405 .av-subheading{\nfont-size:15px;\n}\n<\/style>\n<div  class='av-special-heading av-k1w0c18e-88a4362132db98e8b2adcf3b231c1405 av-special-heading-h2 blockquote modern-quote  avia-builder-el-2  el_before_av_hr  avia-builder-el-first '><h2 class='av-special-heading-tag '  itemprop=\"headline\"  >Nos valeurs<\/h2><div class=\"special-heading-border\"><div class=\"special-heading-inner-border\"><\/div><\/div><\/div><br \/>\n\n<style type=\"text\/css\" data-created_by=\"avia_inline_auto\" id=\"style-css-av-33w2wq-976726c1826f0896560fc0e45a2dbc15\">\n#top .hr.av-33w2wq-976726c1826f0896560fc0e45a2dbc15{\nmargin-top:10px;\nmargin-bottom:10px;\n}\n.hr.av-33w2wq-976726c1826f0896560fc0e45a2dbc15 .hr-inner{\nwidth:50px;\nborder-color:#efbb20;\n}\n<\/style>\n<div  class='hr av-33w2wq-976726c1826f0896560fc0e45a2dbc15 hr-custom  avia-builder-el-3  el_after_av_heading  avia-builder-el-last  hr-left hr-icon-no'><span class='hr-inner inner-border-av-border-fat'><span class=\"hr-inner-style\"><\/span><\/span><\/div><\/p><\/div>\n\n<style type=\"text\/css\" data-created_by=\"avia_inline_auto\" id=\"style-css-av-1k4h1-00123724c7c7050b2ab8f859c17fddfa\">\n.flex_column.av-1k4h1-00123724c7c7050b2ab8f859c17fddfa{\nborder-radius:0px 0px 0px 0px;\npadding:0px 0px 0px 0px;\n}\n<\/style>\n<div  class='flex_column av-1k4h1-00123724c7c7050b2ab8f859c17fddfa av_one_full  avia-builder-el-4  el_after_av_one_full  el_before_av_one_full  first flex_column_div av-zero-column-padding  column-top-margin'     ><style type=\"text\/css\" data-created_by=\"avia_inline_auto\" id=\"style-css-av-k55fgcp2-ff78673e84f32ab393231bfac9f24572\">\n#top .avia-icon-list-container.av-k55fgcp2-ff78673e84f32ab393231bfac9f24572 .iconlist_icon{\nbackground-color:#512179;\n}\n<\/style>\n<div  class='avia-icon-list-container av-k55fgcp2-ff78673e84f32ab393231bfac9f24572  avia-builder-el-5  avia-builder-el-no-sibling '><ul class='avia-icon-list avia_animate_when_almost_visible avia-icon-list-left av-iconlist-big av-k55fgcp2-ff78673e84f32ab393231bfac9f24572 avia-iconlist-animate'>\n<li><div class='iconlist_icon av-uzh1p-73a0ae0f98f57b07bca63669da507f16 avia-font-entypo-fontello'><span class='iconlist-char' aria-hidden='true' data-av_icon='\ue855' data-av_iconfont='entypo-fontello'><\/span><\/div><article class=\"article-icon-entry \"  itemscope=\"itemscope\" itemtype=\"https:\/\/schema.org\/CreativeWork\" ><div class=\"iconlist_content_wrap\"><header class=\"entry-content-header\" aria-label=\"Icon: Professionnalisme\"><h4 class='av_iconlist_title iconlist_title  '  itemprop=\"headline\" >Professionnalisme<\/h4><\/header><div class='iconlist_content '  itemprop=\"text\" ><p>Agir avec expertise, efficacit\u00e9, pragmatisme, rigueur et int\u00e9grit\u00e9.<\/p>\n<\/div><\/div><footer class=\"entry-footer\"><\/footer><\/article><div class=\"iconlist-timeline\"><\/div><\/li>\n<li><div class='iconlist_icon av-av_iconlist_item-4362bfa550af0f24b007368edf08df87 avia-font-entypo-fontello'><span class='iconlist-char' aria-hidden='true' data-av_icon='\ue891' data-av_iconfont='entypo-fontello'><\/span><\/div><article class=\"article-icon-entry \"  itemscope=\"itemscope\" itemtype=\"https:\/\/schema.org\/CreativeWork\" ><div class=\"iconlist_content_wrap\"><header class=\"entry-content-header\" aria-label=\"Icon: Action\"><h4 class='av_iconlist_title iconlist_title  '  itemprop=\"headline\" >Action<\/h4><\/header><div class='iconlist_content '  itemprop=\"text\" ><p>D\u00e9passer vos attentes pour construire une relation p\u00e9renne et cr\u00e9atrice de valeur.<\/p>\n<\/div><\/div><footer class=\"entry-footer\"><\/footer><\/article><div class=\"iconlist-timeline\"><\/div><\/li>\n<li><div class='iconlist_icon av-av_iconlist_item-890d2c3c21a9c768493338c633c5d300 avia-font-entypo-fontello'><span class='iconlist-char' aria-hidden='true' data-av_icon='\ue826' data-av_iconfont='entypo-fontello'><\/span><\/div><article class=\"article-icon-entry \"  itemscope=\"itemscope\" itemtype=\"https:\/\/schema.org\/CreativeWork\" ><div class=\"iconlist_content_wrap\"><header class=\"entry-content-header\" aria-label=\"Icon: Honn\u00eatet\u00e9\"><h4 class='av_iconlist_title iconlist_title  '  itemprop=\"headline\" >Honn\u00eatet\u00e9<\/h4><\/header><div class='iconlist_content '  itemprop=\"text\" ><p>Donner du sens \u00e0 nos interventions. Transparence sur ce que nous faisons pour vous.<\/p>\n<\/div><\/div><footer class=\"entry-footer\"><\/footer><\/article><div class=\"iconlist-timeline\"><\/div><\/li>\n<li><div class='iconlist_icon av-av_iconlist_item-7297bed229fb53fe7f147a0c7e41ffc4 avia-font-entypo-fontello'><span class='iconlist-char' aria-hidden='true' data-av_icon='\ue80b' data-av_iconfont='entypo-fontello'><\/span><\/div><article class=\"article-icon-entry \"  itemscope=\"itemscope\" itemtype=\"https:\/\/schema.org\/CreativeWork\" ><div class=\"iconlist_content_wrap\"><header class=\"entry-content-header\" aria-label=\"Icon: Esprit d\u2019\u00e9quipe\"><h4 class='av_iconlist_title iconlist_title  '  itemprop=\"headline\" >Esprit d\u2019\u00e9quipe<\/h4><\/header><div class='iconlist_content '  itemprop=\"text\" ><p>Comprendre qui vous \u00eates pour mieux nous engager aupr\u00e8s de vous, avec implication et enthousiasme.<\/p>\n<\/div><\/div><footer class=\"entry-footer\"><\/footer><\/article><div class=\"iconlist-timeline\"><\/div><\/li>\n<li><div class='iconlist_icon av-av_iconlist_item-ab507834f5cdf9a585d5b70c9589d8bc avia-font-entypo-fontello'><span class='iconlist-char' aria-hidden='true' data-av_icon='\ue82b' data-av_iconfont='entypo-fontello'><\/span><\/div><article class=\"article-icon-entry \"  itemscope=\"itemscope\" itemtype=\"https:\/\/schema.org\/CreativeWork\" ><div class=\"iconlist_content_wrap\"><header class=\"entry-content-header\" aria-label=\"Icon: Respect\"><h4 class='av_iconlist_title iconlist_title  '  itemprop=\"headline\" >Respect<\/h4><\/header><div class='iconlist_content '  itemprop=\"text\" ><p>Conduire nos interventions dans le respect de vos valeurs et de votre culture.<\/p>\n<\/div><\/div><footer class=\"entry-footer\"><\/footer><\/article><div class=\"iconlist-timeline\"><\/div><\/li>\n<\/ul><\/div><\/div>\n<style type=\"text\/css\" data-created_by=\"avia_inline_auto\" id=\"style-css-av-72mb1-50423a4e3f86b0a8c9f6b7eee240750a\">\n.flex_column.av-72mb1-50423a4e3f86b0a8c9f6b7eee240750a{\nborder-radius:0px 0px 0px 0px;\npadding:0px 0px 0px 0px;\n}\n<\/style>\n<div  class='flex_column av-72mb1-50423a4e3f86b0a8c9f6b7eee240750a av_one_full  avia-builder-el-6  el_after_av_one_full  avia-builder-el-last  first flex_column_div av-zero-column-padding  column-top-margin'     ><\/div><\/p>\n","protected":false},"excerpt":{"rendered":"","protected":false},"author":1,"featured_media":0,"parent":573,"menu_order":1,"comment_status":"closed","ping_status":"closed","template":"","meta":{"footnotes":""},"class_list":["post-533","page","type-page","status-publish","hentry"],"_links":{"self":[{"href":"https:\/\/www.mezzoforte.fr\/index.php\/wp-json\/wp\/v2\/pages\/533","targetHints":{"allow":["GET"]}}],"collection":[{"href":"https:\/\/www.mezzoforte.fr\/index.php\/wp-json\/wp\/v2\/pages"}],"about":[{"href":"https:\/\/www.mezzoforte.fr\/index.php\/wp-json\/wp\/v2\/types\/page"}],"author":[{"embeddable":true,"href":"https:\/\/www.mezzoforte.fr\/index.php\/wp-json\/wp\/v2\/users\/1"}],"replies":[{"embeddable":true,"href":"https:\/\/www.mezzoforte.fr\/index.php\/wp-json\/wp\/v2\/comments?post=533"}],"version-history":[{"count":9,"href":"https:\/\/www.mezzoforte.fr\/index.php\/wp-json\/wp\/v2\/pages\/533\/revisions"}],"predecessor-version":[{"id":1434,"href":"https:\/\/www.mezzoforte.fr\/index.php\/wp-json\/wp\/v2\/pages\/533\/revisions\/1434"}],"up":[{"embeddable":true,"href":"https:\/\/www.mezzoforte.fr\/index.php\/wp-json\/wp\/v2\/pages\/573"}],"wp:attachment":[{"href":"https:\/\/www.mezzoforte.fr\/index.php\/wp-json\/wp\/v2\/media?parent=533"}],"curies":[{"name":"wp","href":"https:\/\/api.w.org\/{rel}","templated":true}]}}