{"id":516,"date":"2019-10-18T12:08:48","date_gmt":"2019-10-18T10:08:48","guid":{"rendered":"http:\/\/www.mezzoforte.fr\/?page_id=516"},"modified":"2020-09-01T11:20:11","modified_gmt":"2020-09-01T09:20:11","slug":"collectivites","status":"publish","type":"page","link":"https:\/\/www.mezzoforte.fr\/index.php\/collectivites\/","title":{"rendered":"Collectivit\u00e9s"},"content":{"rendered":"\n<style type=\"text\/css\" data-created_by=\"avia_inline_auto\" id=\"style-css-av-av_heading-001fa6f39c37cdc8e9e2673c8deec09c\">\n#top .av-special-heading.av-av_heading-001fa6f39c37cdc8e9e2673c8deec09c{\npadding-bottom:0;\n}\nbody .av-special-heading.av-av_heading-001fa6f39c37cdc8e9e2673c8deec09c .av-special-heading-tag .heading-char{\nfont-size:25px;\n}\n.av-special-heading.av-av_heading-001fa6f39c37cdc8e9e2673c8deec09c .av-subheading{\nfont-size:15px;\n}\n<\/style>\n<div  class='av-special-heading av-av_heading-001fa6f39c37cdc8e9e2673c8deec09c av-special-heading-h2 blockquote modern-quote modern-centered  avia-builder-el-0  el_before_av_hr  avia-builder-el-first '><h2 class='av-special-heading-tag '  itemprop=\"headline\"  >Pour les collectivit\u00e9s publiques<\/h2><div class=\"special-heading-border\"><div class=\"special-heading-inner-border\"><\/div><\/div><\/div>\n\n<style type=\"text\/css\" data-created_by=\"avia_inline_auto\" id=\"style-css-av-j0znx-772505cfe6f438deee1b7b86e482cdbe\">\n#top .hr.av-j0znx-772505cfe6f438deee1b7b86e482cdbe{\nmargin-top:5px;\nmargin-bottom:35px;\n}\n.hr.av-j0znx-772505cfe6f438deee1b7b86e482cdbe .hr-inner{\nwidth:50px;\nborder-color:#efbb20;\n}\n<\/style>\n<div  class='hr av-j0znx-772505cfe6f438deee1b7b86e482cdbe hr-custom  avia-builder-el-1  el_after_av_heading  el_before_av_one_half  hr-center hr-icon-no'><span class='hr-inner inner-border-av-border-fat'><span class=\"hr-inner-style\"><\/span><\/span><\/div>\n<div class='flex_column_table av-i8m7p-01d67b5ab0852b3707764c4ddcc01c21 sc-av_one_half av-equal-height-column-flextable'>\n<style type=\"text\/css\" data-created_by=\"avia_inline_auto\" id=\"style-css-av-i8m7p-01d67b5ab0852b3707764c4ddcc01c21\">\n@keyframes av_boxShadowEffect_av-i8m7p-01d67b5ab0852b3707764c4ddcc01c21-column {\n0%   { box-shadow:  0 0 0 0 #d8d8d8; opacity: 1; }\n100% { box-shadow:  0 0 10px 0 #d8d8d8; opacity: 1; }\n}\n.flex_column.av-i8m7p-01d67b5ab0852b3707764c4ddcc01c21{\nbox-shadow: 0 0 10px 0 #d8d8d8;\nborder-width:2px;\nborder-style:solid;\nborder-radius:0px 0px 0px 0px;\npadding:5px 5px 5px 5px;\n}\n<\/style>\n<div  class='flex_column av-i8m7p-01d67b5ab0852b3707764c4ddcc01c21 av_one_half  avia-builder-el-2  el_after_av_hr  el_before_av_one_half  first flex_column_table_cell av-equal-height-column av-align-top av-animated-generic bottom-to-top shadow-not-animated  '     ><p>\n<style type=\"text\/css\" data-created_by=\"avia_inline_auto\" id=\"style-css-av-hdu19-dbaf37288a589af234fa15185a60e297\">\n.avia-image-container.av-hdu19-dbaf37288a589af234fa15185a60e297 img.avia_image{\nbox-shadow:none;\n}\n.avia-image-container.av-hdu19-dbaf37288a589af234fa15185a60e297 .av-image-caption-overlay-center{\ncolor:#ffffff;\n}\n<\/style>\n<div  class='avia-image-container av-hdu19-dbaf37288a589af234fa15185a60e297 av-styling-no-styling av-img-linked avia-align-center  avia-builder-el-3  el_before_av_heading  avia-builder-el-first  av-has-copyright av-copyright-icon-reveal'   itemprop=\"image\" itemscope=\"itemscope\" itemtype=\"https:\/\/schema.org\/ImageObject\" ><div class=\"avia-image-container-inner\"><div class=\"avia-image-overlay-wrap\"><a href=\"https:\/\/www.mezzoforte.fr\/index.php\/collectivites\/escape-game-collectivites\/\" class='avia_image '  ><img fetchpriority=\"high\" class='wp-image-683 avia-img-lazy-loading-not-683 avia_image ' src='https:\/\/www.mezzoforte.fr\/wp-content\/uploads\/2019\/11\/escape-game-1728x1157.jpg' alt='' title=''  height=\"1157\" width=\"1728\"  itemprop=\"thumbnailUrl\"  \/><\/a><\/div><small class=\"avia-copyright\">Image sous licence CC0 - Pixabay.com<\/small><\/div><\/div><br \/>\n\n<style type=\"text\/css\" data-created_by=\"avia_inline_auto\" id=\"style-css-av-kejqqong-d9ae0a8abdabfec4c0e3f5d80c3faa98\">\n#top .av-special-heading.av-kejqqong-d9ae0a8abdabfec4c0e3f5d80c3faa98{\npadding-bottom:0;\n}\nbody .av-special-heading.av-kejqqong-d9ae0a8abdabfec4c0e3f5d80c3faa98 .av-special-heading-tag .heading-char{\nfont-size:25px;\n}\n.av-special-heading.av-kejqqong-d9ae0a8abdabfec4c0e3f5d80c3faa98 .av-subheading{\nfont-size:15px;\n}\n<\/style>\n<div  class='av-special-heading av-kejqqong-d9ae0a8abdabfec4c0e3f5d80c3faa98 av-special-heading-h3 blockquote modern-quote  avia-builder-el-4  el_after_av_image  el_before_av_hr '><h3 class='av-special-heading-tag '  itemprop=\"headline\"  >Escape Game 100% nomade<\/h3><div class=\"special-heading-border\"><div class=\"special-heading-inner-border\"><\/div><\/div><\/div><br \/>\n\n<style type=\"text\/css\" data-created_by=\"avia_inline_auto\" id=\"style-css-av-g9y2t-a3a147dff22ab59960f21683f4dac6f7\">\n#top .hr.av-g9y2t-a3a147dff22ab59960f21683f4dac6f7{\nmargin-top:10px;\nmargin-bottom:10px;\n}\n.hr.av-g9y2t-a3a147dff22ab59960f21683f4dac6f7 .hr-inner{\nwidth:50px;\nborder-color:#efbb20;\n}\n<\/style>\n<div  class='hr av-g9y2t-a3a147dff22ab59960f21683f4dac6f7 hr-custom  avia-builder-el-5  el_after_av_heading  el_before_av_button  hr-left hr-icon-no'><span class='hr-inner inner-border-av-border-fat'><span class=\"hr-inner-style\"><\/span><\/span><\/div><br \/>\n<div  class='avia-button-wrap av-k3on57ls-6310021c6532c8c522d4af92f2fa0d66-wrap avia-button-center  avia-builder-el-6  el_after_av_hr  el_before_av_textblock '>\n<style type=\"text\/css\" data-created_by=\"avia_inline_auto\" id=\"style-css-av-k3on57ls-6310021c6532c8c522d4af92f2fa0d66\">\n#top #wrap_all .avia-button.av-k3on57ls-6310021c6532c8c522d4af92f2fa0d66{\nbackground-color:#512179;\nborder-color:#512179;\ncolor:#ffffff;\ntransition:all 0.4s ease-in-out;\n}\n<\/style>\n<a href='https:\/\/www.mezzoforte.fr\/index.php\/collectivites\/escape-game-collectivites\/'  class='avia-button av-k3on57ls-6310021c6532c8c522d4af92f2fa0d66 av-link-btn avia-icon_select-yes-right-icon avia-size-small avia-position-center av-icon-on-hover'   aria-label=\"En savoir +\"><span class='avia_iconbox_title' >En savoir +<\/span><span class='avia_button_icon avia_button_icon_right' aria-hidden='true' data-av_icon='\ue80b' data-av_iconfont='entypo-fontello'><\/span><\/a><\/div><br \/>\n<section  class='av_textblock_section av-flju5-42d4153880bd0fdd42dee4634955a0af '   itemscope=\"itemscope\" itemtype=\"https:\/\/schema.org\/CreativeWork\" ><div class='avia_textblock'  itemprop=\"text\" ><p>> Mairies, Comit\u00e9s des f\u00eates, proposez \u00e0 vos habitants <strong>un v\u00e9ritable escape game dans votre commune<\/strong>.<br \/>\n> CASC et CE, faites de m\u00eames avec vos salari\u00e9s<\/p>\n<p>La solution standard, est utilisable telle quelle, sans aucune adaptation, c&rsquo;est aussi la version la plus vendue et \u00e0 ce jour, son taux de r\u00e9ussite est d\u2019environ 50%.<\/p>\n<\/div><\/section><\/p><\/div><div class='av-flex-placeholder'><\/div>\n<style type=\"text\/css\" data-created_by=\"avia_inline_auto\" id=\"style-css-av-eyktx-aea814a4e5e85b45e40c4e87149ddc1b\">\n@keyframes av_boxShadowEffect_av-eyktx-aea814a4e5e85b45e40c4e87149ddc1b-column {\n0%   { box-shadow:  0 0 0 0 #d8d8d8; opacity: 1; }\n100% { box-shadow:  0 0 10px 0 #d8d8d8; opacity: 1; }\n}\n.flex_column.av-eyktx-aea814a4e5e85b45e40c4e87149ddc1b{\nbox-shadow: 0 0 10px 0 #d8d8d8;\nborder-width:2px;\nborder-style:solid;\nborder-radius:0px 0px 0px 0px;\npadding:5px 5px 5px 5px;\n}\n<\/style>\n<div  class='flex_column av-eyktx-aea814a4e5e85b45e40c4e87149ddc1b av_one_half  avia-builder-el-8  el_after_av_one_half  avia-builder-el-last  flex_column_table_cell av-equal-height-column av-align-top av-animated-generic bottom-to-top shadow-not-animated  '     ><p>\n<style type=\"text\/css\" data-created_by=\"avia_inline_auto\" id=\"style-css-av-eud7l-d1447582ed92ad9a6032c34c3088cb65\">\n.avia-image-container.av-eud7l-d1447582ed92ad9a6032c34c3088cb65 img.avia_image{\nbox-shadow:none;\n}\n.avia-image-container.av-eud7l-d1447582ed92ad9a6032c34c3088cb65 .av-image-caption-overlay-center{\ncolor:#ffffff;\n}\n<\/style>\n<div  class='avia-image-container av-eud7l-d1447582ed92ad9a6032c34c3088cb65 av-styling-no-styling av-img-linked avia-align-center  avia-builder-el-9  el_before_av_heading  avia-builder-el-first  av-has-copyright av-copyright-icon-reveal'   itemprop=\"image\" itemscope=\"itemscope\" itemtype=\"https:\/\/schema.org\/ImageObject\" ><div class=\"avia-image-container-inner\"><div class=\"avia-image-overlay-wrap\"><a href=\"https:\/\/www.mezzoforte.fr\/index.php\/collectivites\/evenement-collectivites\/\" class='avia_image '  ><img fetchpriority=\"high\" class='wp-image-685 avia-img-lazy-loading-not-685 avia_image ' src='https:\/\/www.mezzoforte.fr\/wp-content\/uploads\/2019\/11\/Concert-1728x1157.jpg' alt='' title=''  height=\"1157\" width=\"1728\"  itemprop=\"thumbnailUrl\"  \/><\/a><\/div><small class=\"avia-copyright\">Image sous licence CC0 - pxhere.com<\/small><\/div><\/div><br \/>\n\n<style type=\"text\/css\" data-created_by=\"avia_inline_auto\" id=\"style-css-av-nrc4-65745746d866a0b657be9baea32906f4\">\n#top .av-special-heading.av-nrc4-65745746d866a0b657be9baea32906f4{\npadding-bottom:0;\n}\nbody .av-special-heading.av-nrc4-65745746d866a0b657be9baea32906f4 .av-special-heading-tag .heading-char{\nfont-size:25px;\n}\n.av-special-heading.av-nrc4-65745746d866a0b657be9baea32906f4 .av-subheading{\nfont-size:15px;\n}\n<\/style>\n<div  class='av-special-heading av-nrc4-65745746d866a0b657be9baea32906f4 av-special-heading-h3 blockquote modern-quote  avia-builder-el-10  el_after_av_image  el_before_av_hr '><h3 class='av-special-heading-tag '  itemprop=\"headline\"  >Concerts \/ Ev\u00e8nements<\/h3><div class=\"special-heading-border\"><div class=\"special-heading-inner-border\"><\/div><\/div><\/div><br \/>\n\n<style type=\"text\/css\" data-created_by=\"avia_inline_auto\" id=\"style-css-av-dhj15-b73a6d99f9a37fe9238404ebfd72f473\">\n#top .hr.av-dhj15-b73a6d99f9a37fe9238404ebfd72f473{\nmargin-top:10px;\nmargin-bottom:10px;\n}\n.hr.av-dhj15-b73a6d99f9a37fe9238404ebfd72f473 .hr-inner{\nwidth:50px;\nborder-color:#efbb20;\n}\n<\/style>\n<div  class='hr av-dhj15-b73a6d99f9a37fe9238404ebfd72f473 hr-custom  avia-builder-el-11  el_after_av_heading  el_before_av_button  hr-left hr-icon-no'><span class='hr-inner inner-border-av-border-fat'><span class=\"hr-inner-style\"><\/span><\/span><\/div><br \/>\n<div  class='avia-button-wrap av-k3on57ls-77935d454dc73315b1fe40aff12a704c-wrap avia-button-center  avia-builder-el-12  el_after_av_hr  el_before_av_textblock '>\n<style type=\"text\/css\" data-created_by=\"avia_inline_auto\" id=\"style-css-av-k3on57ls-77935d454dc73315b1fe40aff12a704c\">\n#top #wrap_all .avia-button.av-k3on57ls-77935d454dc73315b1fe40aff12a704c{\nbackground-color:#512179;\nborder-color:#512179;\ncolor:#ffffff;\ntransition:all 0.4s ease-in-out;\n}\n<\/style>\n<a href='https:\/\/www.mezzoforte.fr\/index.php\/collectivites\/evenement-collectivites\/'  class='avia-button av-k3on57ls-77935d454dc73315b1fe40aff12a704c av-link-btn avia-icon_select-yes-right-icon avia-size-small avia-position-center av-icon-on-hover'   aria-label=\"En savoir +\"><span class='avia_iconbox_title' >En savoir +<\/span><span class='avia_button_icon avia_button_icon_right' aria-hidden='true' data-av_icon='\ue800' data-av_iconfont='entypo-fontello'><\/span><\/a><\/div><br \/>\n<section  class='av_textblock_section av-cmr09-15121de1b7b2109edb02a5ba6ca354b7 '   itemscope=\"itemscope\" itemtype=\"https:\/\/schema.org\/CreativeWork\" ><div class='avia_textblock'  itemprop=\"text\" ><p>Pour accompagner ou cl\u00f4turer un \u00e9v\u00e9nement communal, une action culturel (expo, festival, &#8230;), une f\u00eate institutionnelle (inauguration, hommage, &#8230;) ou bien pour la f\u00eate de la musique : proposez \u00e0 vos habitants un<strong> concert electro<\/strong> totalement actuel et <strong>transg\u00e9n\u00e9rationnel<\/strong>.<\/p>\n<\/div><\/section><\/p><\/div><\/div><!--close column table wrapper. Autoclose: 1 --><\/p>\n","protected":false},"excerpt":{"rendered":"","protected":false},"author":1,"featured_media":0,"parent":0,"menu_order":0,"comment_status":"closed","ping_status":"closed","template":"","meta":{"footnotes":""},"class_list":["post-516","page","type-page","status-publish","hentry"],"_links":{"self":[{"href":"https:\/\/www.mezzoforte.fr\/index.php\/wp-json\/wp\/v2\/pages\/516","targetHints":{"allow":["GET"]}}],"collection":[{"href":"https:\/\/www.mezzoforte.fr\/index.php\/wp-json\/wp\/v2\/pages"}],"about":[{"href":"https:\/\/www.mezzoforte.fr\/index.php\/wp-json\/wp\/v2\/types\/page"}],"author":[{"embeddable":true,"href":"https:\/\/www.mezzoforte.fr\/index.php\/wp-json\/wp\/v2\/users\/1"}],"replies":[{"embeddable":true,"href":"https:\/\/www.mezzoforte.fr\/index.php\/wp-json\/wp\/v2\/comments?post=516"}],"version-history":[{"count":16,"href":"https:\/\/www.mezzoforte.fr\/index.php\/wp-json\/wp\/v2\/pages\/516\/revisions"}],"predecessor-version":[{"id":1563,"href":"https:\/\/www.mezzoforte.fr\/index.php\/wp-json\/wp\/v2\/pages\/516\/revisions\/1563"}],"wp:attachment":[{"href":"https:\/\/www.mezzoforte.fr\/index.php\/wp-json\/wp\/v2\/media?parent=516"}],"curies":[{"name":"wp","href":"https:\/\/api.w.org\/{rel}","templated":true}]}}