{"id":489,"date":"2019-10-18T11:30:31","date_gmt":"2019-10-18T09:30:31","guid":{"rendered":"http:\/\/www.mezzoforte.fr\/?page_id=489"},"modified":"2025-04-24T14:27:14","modified_gmt":"2025-04-24T12:27:14","slug":"conf-et-musique","status":"publish","type":"page","link":"https:\/\/www.mezzoforte.fr\/index.php\/conf-et-musique\/","title":{"rendered":"Conf et Musique"},"content":{"rendered":"\n<style type=\"text\/css\" data-created_by=\"avia_inline_auto\" id=\"style-css-av-9tzfl-56f29418262b0ef55cfc662e534ef0fb\">\n#top .av-special-heading.av-9tzfl-56f29418262b0ef55cfc662e534ef0fb{\npadding-bottom:0;\n}\nbody .av-special-heading.av-9tzfl-56f29418262b0ef55cfc662e534ef0fb .av-special-heading-tag .heading-char{\nfont-size:25px;\n}\n.av-special-heading.av-9tzfl-56f29418262b0ef55cfc662e534ef0fb .av-subheading{\nfont-size:15px;\n}\n<\/style>\n<div  class='av-special-heading av-9tzfl-56f29418262b0ef55cfc662e534ef0fb av-special-heading-h2 blockquote modern-quote modern-centered  avia-builder-el-0  el_before_av_hr  avia-builder-el-first  av-linked-heading'><h2 class='av-special-heading-tag '  itemprop=\"headline\"  >Conf\u00e9rences \/\/ Musique<\/h2><div class=\"special-heading-border\"><div class=\"special-heading-inner-border\"><\/div><\/div><\/div>\n\n<style type=\"text\/css\" data-created_by=\"avia_inline_auto\" id=\"style-css-av-j0znx-772505cfe6f438deee1b7b86e482cdbe\">\n#top .hr.av-j0znx-772505cfe6f438deee1b7b86e482cdbe{\nmargin-top:5px;\nmargin-bottom:35px;\n}\n.hr.av-j0znx-772505cfe6f438deee1b7b86e482cdbe .hr-inner{\nwidth:50px;\nborder-color:#efbb20;\n}\n<\/style>\n<div  class='hr av-j0znx-772505cfe6f438deee1b7b86e482cdbe hr-custom  avia-builder-el-1  el_after_av_heading  el_before_av_one_full  hr-center hr-icon-no'><span class='hr-inner inner-border-av-border-fat'><span class=\"hr-inner-style\"><\/span><\/span><\/div>\n\n<style type=\"text\/css\" data-created_by=\"avia_inline_auto\" id=\"style-css-av-g6qrt-f837cf87f8aac7cf2f7772d67b87075b\">\n.flex_column.av-g6qrt-f837cf87f8aac7cf2f7772d67b87075b{\nborder-radius:0px 0px 0px 0px;\npadding:0px 0px 0px 0px;\n}\n<\/style>\n<div  class='flex_column av-g6qrt-f837cf87f8aac7cf2f7772d67b87075b av_one_full  avia-builder-el-2  el_after_av_hr  el_before_av_one_half  first flex_column_div av-zero-column-padding  '     ><style type=\"text\/css\" data-created_by=\"avia_inline_auto\" id=\"style-css-av-k5fcnukj-3d6e55f875e192cf7f8e46a179847ee1\">\n#top .av-special-heading.av-k5fcnukj-3d6e55f875e192cf7f8e46a179847ee1{\npadding-bottom:0;\ncolor:#512179;\n}\nbody .av-special-heading.av-k5fcnukj-3d6e55f875e192cf7f8e46a179847ee1 .av-special-heading-tag .heading-char{\nfont-size:25px;\n}\n.av-special-heading.av-k5fcnukj-3d6e55f875e192cf7f8e46a179847ee1 .special-heading-inner-border{\nborder-color:#512179;\n}\n.av-special-heading.av-k5fcnukj-3d6e55f875e192cf7f8e46a179847ee1 .av-subheading{\nfont-size:15px;\n}\n<\/style>\n<div  class='av-special-heading av-k5fcnukj-3d6e55f875e192cf7f8e46a179847ee1 av-special-heading-h3 custom-color-heading  avia-builder-el-3  avia-builder-el-no-sibling  av-linked-heading'><h3 class='av-special-heading-tag '  itemprop=\"headline\"  >1 &#8211; Les conf\u00e9rences \u00ab\u00a0ACTUALITES\u00a0\u00bb<\/h3><div class=\"special-heading-border\"><div class=\"special-heading-inner-border\"><\/div><\/div><\/div><\/div>\n\n<style type=\"text\/css\" data-created_by=\"avia_inline_auto\" id=\"style-css-av-rorv5-68c2489d307bd289dea7c74e3aa4c676\">\n.flex_column.av-rorv5-68c2489d307bd289dea7c74e3aa4c676{\nborder-radius:0px 0px 0px 0px;\npadding:0px 0px 0px 0px;\n}\n<\/style>\n<div  class='flex_column av-rorv5-68c2489d307bd289dea7c74e3aa4c676 av_one_half  avia-builder-el-4  el_after_av_one_full  el_before_av_one_half  first flex_column_div av-animated-generic bottom-to-top av-zero-column-padding  column-top-margin'     ><p><section  class='av_textblock_section av-bo5-a731802fd5ed12e8f30edb25dfd4fed4 '   itemscope=\"itemscope\" itemtype=\"https:\/\/schema.org\/CreativeWork\" ><div class='avia_textblock'  itemprop=\"text\" ><p>Proposez des ateliers interactifs de cr\u00e9ation pour donner du pep\u2019s \u00e0 vos <strong>s\u00e9minaires<\/strong>, vos incentives, ou bien donnez un coup de pouce \u00e0 vos managers en cr\u00e9ant de la<strong> coh\u00e9sion dans vos \u00e9quipes<\/strong>.<br \/>\n(ne n\u00e9cessite pas de connaissances musicales)<\/p>\n<\/div><\/section><br \/>\n<div  class='avia-button-wrap av-k3rhssip-87f28be475b43a741107f054b18ea1c5-wrap avia-button-center  avia-builder-el-6  el_after_av_textblock  avia-builder-el-last '>\n<style type=\"text\/css\" data-created_by=\"avia_inline_auto\" id=\"style-css-av-k3rhssip-87f28be475b43a741107f054b18ea1c5\">\n#top #wrap_all .avia-button.av-k3rhssip-87f28be475b43a741107f054b18ea1c5{\nbackground-color:#512179;\nborder-color:#512179;\ncolor:#ffffff;\ntransition:all 0.4s ease-in-out;\n}\n<\/style>\n<a href='https:\/\/www.mezzoforte.fr\/index.php\/conf-et-musique\/conferences\/'  class='avia-button av-k3rhssip-87f28be475b43a741107f054b18ea1c5 av-link-btn avia-icon_select-no avia-size-small avia-position-center'   aria-label=\"En savoir +\"><span class='avia_iconbox_title' >En savoir +<\/span><\/a><\/div><\/p><\/div>\n\n<style type=\"text\/css\" data-created_by=\"avia_inline_auto\" id=\"style-css-av-lhy9d-59ed20bbe133e3747847fca1b145e04d\">\n.flex_column.av-lhy9d-59ed20bbe133e3747847fca1b145e04d{\nborder-radius:0px 0px 0px 0px;\npadding:0px 0px 0px 0px;\n}\n<\/style>\n<div  class='flex_column av-lhy9d-59ed20bbe133e3747847fca1b145e04d av_one_half  avia-builder-el-7  el_after_av_one_half  el_before_av_one_full  flex_column_div av-zero-column-padding  column-top-margin'     ><style type=\"text\/css\" data-created_by=\"avia_inline_auto\" id=\"style-css-av-2kplh-41e4a8f08c093c0e225cc333b2368a57\">\n.avia-image-container.av-2kplh-41e4a8f08c093c0e225cc333b2368a57 img.avia_image{\nbox-shadow:none;\n}\n.avia-image-container.av-2kplh-41e4a8f08c093c0e225cc333b2368a57 .av-image-caption-overlay-center{\ncolor:#ffffff;\n}\n<\/style>\n<div  class='avia-image-container av-2kplh-41e4a8f08c093c0e225cc333b2368a57 av-styling- av-img-linked avia_animated_image av-animated-when-visible-95 bottom-to-top avia-align-center  avia-builder-el-8  avia-builder-el-no-sibling  av-has-copyright av-copyright-icon-reveal'   itemprop=\"image\" itemscope=\"itemscope\" itemtype=\"https:\/\/schema.org\/ImageObject\" ><div class=\"avia-image-container-inner\"><div class=\"avia-image-overlay-wrap\"><a href=\"https:\/\/www.mezzoforte.fr\/index.php\/conf-et-musique\/conferences\/\" class='avia_image '  ><img fetchpriority=\"high\" class='wp-image-408 avia-img-lazy-loading-not-408 avia_image ' src='https:\/\/www.mezzoforte.fr\/wp-content\/uploads\/2019\/10\/x_conference-musique.jpg' alt='' title=''  height=\"1155\" width=\"1732\"  itemprop=\"thumbnailUrl\"  \/><\/a><\/div><small class=\"avia-copyright\">Image sous licence CC0 - pxhere.com<\/small><\/div><\/div><\/div>\n\n<style type=\"text\/css\" data-created_by=\"avia_inline_auto\" id=\"style-css-av-jh3kp-38b97a601b2ae9977bc470299a92d276\">\n.flex_column.av-jh3kp-38b97a601b2ae9977bc470299a92d276{\nborder-radius:0px 0px 0px 0px;\npadding:0px 0px 0px 0px;\n}\n<\/style>\n<div  class='flex_column av-jh3kp-38b97a601b2ae9977bc470299a92d276 av_one_full  avia-builder-el-9  el_after_av_one_half  el_before_av_one_half  first flex_column_div av-zero-column-padding  column-top-margin'     ><style type=\"text\/css\" data-created_by=\"avia_inline_auto\" id=\"style-css-av-k5fcmyv5-996b4009982c68eb767e86f9b6e5c88f\">\n#top .av-special-heading.av-k5fcmyv5-996b4009982c68eb767e86f9b6e5c88f{\npadding-bottom:0;\ncolor:#512179;\n}\nbody .av-special-heading.av-k5fcmyv5-996b4009982c68eb767e86f9b6e5c88f .av-special-heading-tag .heading-char{\nfont-size:25px;\n}\n.av-special-heading.av-k5fcmyv5-996b4009982c68eb767e86f9b6e5c88f .special-heading-inner-border{\nborder-color:#512179;\n}\n.av-special-heading.av-k5fcmyv5-996b4009982c68eb767e86f9b6e5c88f .av-subheading{\nfont-size:15px;\n}\n<\/style>\n<div  class='av-special-heading av-k5fcmyv5-996b4009982c68eb767e86f9b6e5c88f av-special-heading-h3 custom-color-heading  avia-builder-el-10  avia-builder-el-no-sibling  av-linked-heading'><h3 class='av-special-heading-tag '  itemprop=\"headline\"  >2 &#8211; CONFERENCE : \u00ab\u00a0Musique et Management\u00a0\u00bb<\/h3><div class=\"special-heading-border\"><div class=\"special-heading-inner-border\"><\/div><\/div><\/div><\/div>\n\n<style type=\"text\/css\" data-created_by=\"avia_inline_auto\" id=\"style-css-av-112fq9-575538a41ab91c2e9247d4e261670c7e\">\n.flex_column.av-112fq9-575538a41ab91c2e9247d4e261670c7e{\nborder-radius:0px 0px 0px 0px;\npadding:0px 0px 0px 0px;\n}\n<\/style>\n<div  class='flex_column av-112fq9-575538a41ab91c2e9247d4e261670c7e av_one_half  avia-builder-el-11  el_after_av_one_full  el_before_av_one_half  first flex_column_div av-animated-generic bottom-to-top av-zero-column-padding  column-top-margin'     ><p><section  class='av_textblock_section av-bo5-6-fdae48696a04095d1cb80aadc26e739b '   itemscope=\"itemscope\" itemtype=\"https:\/\/schema.org\/CreativeWork\" ><div class='avia_textblock'  itemprop=\"text\" ><p><strong>>>> EN STAND-BY ACTUELLEMENT <<<<\/strong><\/p>\n<p>Quand le musicien parle de<strong> :<br \/>\n<\/strong><strong>\u00ab\u00a0discipline\u00a0\u00bb &#8211;\u00a0 \u00ab\u00a0libert\u00e9\u00a0\u00bb &#8211; \u00ab\u00a0cr\u00e9ativit\u00e9\u00a0\u00bb &#8211; \u00ab\u00a0gestion de l&rsquo;erreur\u00a0\u00bb, &#8230;<br \/>\n<\/strong>\u00a0et que vos managers entendent :<br \/>\n<strong>\u00ab\u00a0leadership\u00a0\u00bb &#8211; \u00ab\u00a0coh\u00e9sion d\u2019\u00e9quipe\u00a0\u00bb &#8211; \u00ab\u00a0conduite du changement\u00a0\u00bb &#8211; \u00ab\u00a0innovation\u00a0\u00bb, &#8230;<\/strong><\/p>\n<\/div><\/section><br \/>\n<div  class='avia-button-wrap av-k3rhssip-5-f063a3e44b2153043ba6b573803f557a-wrap avia-button-center  avia-builder-el-13  el_after_av_textblock  avia-builder-el-last '>\n<style type=\"text\/css\" data-created_by=\"avia_inline_auto\" id=\"style-css-av-k3rhssip-5-f063a3e44b2153043ba6b573803f557a\">\n#top #wrap_all .avia-button.av-k3rhssip-5-f063a3e44b2153043ba6b573803f557a{\nbackground-color:#512179;\nborder-color:#512179;\ncolor:#ffffff;\ntransition:all 0.4s ease-in-out;\n}\n<\/style>\n<a href='https:\/\/www.mezzoforte.fr\/index.php\/conf-et-musique\/conferences-musicales\/'  class='avia-button av-k3rhssip-5-f063a3e44b2153043ba6b573803f557a av-link-btn avia-icon_select-no avia-size-small avia-position-center'   aria-label=\"En savoir +\"><span class='avia_iconbox_title' >En savoir +<\/span><\/a><\/div><\/p><\/div>\n\n<style type=\"text\/css\" data-created_by=\"avia_inline_auto\" id=\"style-css-av-z4xex-f8f38314dd0c98f28afda17c1a922a7b\">\n.flex_column.av-z4xex-f8f38314dd0c98f28afda17c1a922a7b{\nborder-radius:0px 0px 0px 0px;\npadding:0px 0px 0px 0px;\n}\n<\/style>\n<div  class='flex_column av-z4xex-f8f38314dd0c98f28afda17c1a922a7b av_one_half  avia-builder-el-14  el_after_av_one_half  el_before_av_one_full  flex_column_div av-zero-column-padding  column-top-margin'     ><style type=\"text\/css\" data-created_by=\"avia_inline_auto\" id=\"style-css-av-2kplh-4-c3c8b22ee87a98e8d64af5e1770503b3\">\n.avia-image-container.av-2kplh-4-c3c8b22ee87a98e8d64af5e1770503b3 img.avia_image{\nbox-shadow:none;\n}\n.avia-image-container.av-2kplh-4-c3c8b22ee87a98e8d64af5e1770503b3 .av-image-caption-overlay-center{\ncolor:#ffffff;\n}\n<\/style>\n<div  class='avia-image-container av-2kplh-4-c3c8b22ee87a98e8d64af5e1770503b3 av-styling- av-img-linked avia_animated_image av-animated-when-visible-95 bottom-to-top avia-align-center  avia-builder-el-15  avia-builder-el-no-sibling  av-has-copyright av-copyright-icon-reveal'   itemprop=\"image\" itemscope=\"itemscope\" itemtype=\"https:\/\/schema.org\/ImageObject\" ><div class=\"avia-image-container-inner\"><div class=\"avia-image-overlay-wrap\"><a href=\"https:\/\/www.mezzoforte.fr\/index.php\/conf-et-musique\/conferences-musicales\/\" class='avia_image '  ><img fetchpriority=\"high\" class='wp-image-1183 avia-img-lazy-loading-not-1183 avia_image ' src='https:\/\/www.mezzoforte.fr\/wp-content\/uploads\/2020\/01\/musique-1728x1157-1.jpg' alt='' title=''  height=\"1157\" width=\"1728\"  itemprop=\"thumbnailUrl\"  \/><\/a><\/div><small class=\"avia-copyright\">Image sous licence CC0 - Pixabay.com<\/small><\/div><\/div><\/div>\n\n<style type=\"text\/css\" data-created_by=\"avia_inline_auto\" id=\"style-css-av-9a12h-3899a8d5d94085ec0daaf7e104584652\">\n.flex_column.av-9a12h-3899a8d5d94085ec0daaf7e104584652{\nborder-radius:0px 0px 0px 0px;\npadding:0px 0px 0px 0px;\n}\n<\/style>\n<div  class='flex_column av-9a12h-3899a8d5d94085ec0daaf7e104584652 av_one_full  avia-builder-el-16  el_after_av_one_half  el_before_av_one_half  first flex_column_div av-zero-column-padding  column-top-margin'     ><style type=\"text\/css\" data-created_by=\"avia_inline_auto\" id=\"style-css-av-k5fco7y0-316cffbc8361ee302933f0e430777071\">\n#top .av-special-heading.av-k5fco7y0-316cffbc8361ee302933f0e430777071{\npadding-bottom:0;\ncolor:#512179;\n}\nbody .av-special-heading.av-k5fco7y0-316cffbc8361ee302933f0e430777071 .av-special-heading-tag .heading-char{\nfont-size:25px;\n}\n.av-special-heading.av-k5fco7y0-316cffbc8361ee302933f0e430777071 .special-heading-inner-border{\nborder-color:#512179;\n}\n.av-special-heading.av-k5fco7y0-316cffbc8361ee302933f0e430777071 .av-subheading{\nfont-size:15px;\n}\n<\/style>\n<div  class='av-special-heading av-k5fco7y0-316cffbc8361ee302933f0e430777071 av-special-heading-h3 custom-color-heading  avia-builder-el-17  avia-builder-el-no-sibling '><h3 class='av-special-heading-tag '  itemprop=\"headline\"  >3 &#8211; Laissez la musique habiller vos EVENEMENTS !<\/h3><div class=\"special-heading-border\"><div class=\"special-heading-inner-border\"><\/div><\/div><\/div><\/div>\n\n<style type=\"text\/css\" data-created_by=\"avia_inline_auto\" id=\"style-css-av-ezfcx-34005a746ed955510b07b3c979fe0ee3\">\n.flex_column.av-ezfcx-34005a746ed955510b07b3c979fe0ee3{\nborder-radius:0px 0px 0px 0px;\npadding:0px 0px 0px 0px;\n}\n<\/style>\n<div  class='flex_column av-ezfcx-34005a746ed955510b07b3c979fe0ee3 av_one_half  avia-builder-el-18  el_after_av_one_full  el_before_av_one_half  first flex_column_div av-animated-generic bottom-to-top av-zero-column-padding  column-top-margin'     ><p><section  class='av_textblock_section av-bo5-3-9a964a4ea765c65de24dbc21099b61a9 '   itemscope=\"itemscope\" itemtype=\"https:\/\/schema.org\/CreativeWork\" ><div class='avia_textblock'  itemprop=\"text\" ><p>Choisissez d&rsquo;accompagner vos <strong>lancements de produit<\/strong>, votre <strong>convention, <\/strong>une inauguration ou un hommage par un mini concert electro afin de placer votre \u00e9v\u00e9nement dans l&rsquo;air du temps et <strong>booster ce moment en le rendant \u00ab\u00a0diff\u00e9rent\u00a0\u00bb<\/strong> !<\/p>\n<\/div><\/section><br \/>\n<div  class='avia-button-wrap av-k3rhssip-2-209a97d2d090e5857d30be6d37fe06a3-wrap avia-button-center  avia-builder-el-20  el_after_av_textblock  avia-builder-el-last '>\n<style type=\"text\/css\" data-created_by=\"avia_inline_auto\" id=\"style-css-av-k3rhssip-2-209a97d2d090e5857d30be6d37fe06a3\">\n#top #wrap_all .avia-button.av-k3rhssip-2-209a97d2d090e5857d30be6d37fe06a3{\nbackground-color:#512179;\nborder-color:#512179;\ncolor:#ffffff;\ntransition:all 0.4s ease-in-out;\n}\n<\/style>\n<a href='https:\/\/www.mezzoforte.fr\/index.php\/conf-et-musique\/evenements-en-musique\/'  class='avia-button av-k3rhssip-2-209a97d2d090e5857d30be6d37fe06a3 av-link-btn avia-icon_select-no avia-size-small avia-position-center'   aria-label=\"En savoir +\"><span class='avia_iconbox_title' >En savoir +<\/span><\/a><\/div><\/p><\/div>\n\n<style type=\"text\/css\" data-created_by=\"avia_inline_auto\" id=\"style-css-av-9i8ld-0c48fa7599b5a6f044f114ba8514664f\">\n.flex_column.av-9i8ld-0c48fa7599b5a6f044f114ba8514664f{\nborder-radius:0px 0px 0px 0px;\npadding:0px 0px 0px 0px;\n}\n<\/style>\n<div  class='flex_column av-9i8ld-0c48fa7599b5a6f044f114ba8514664f av_one_half  avia-builder-el-21  el_after_av_one_half  avia-builder-el-last  flex_column_div av-zero-column-padding  column-top-margin'     ><style type=\"text\/css\" data-created_by=\"avia_inline_auto\" id=\"style-css-av-2kplh-1-503ded7c7268d1c6e5b9552b4bd942c4\">\n.avia-image-container.av-2kplh-1-503ded7c7268d1c6e5b9552b4bd942c4 img.avia_image{\nbox-shadow:none;\n}\n.avia-image-container.av-2kplh-1-503ded7c7268d1c6e5b9552b4bd942c4 .av-image-caption-overlay-center{\ncolor:#ffffff;\n}\n<\/style>\n<div  class='avia-image-container av-2kplh-1-503ded7c7268d1c6e5b9552b4bd942c4 av-styling- av-img-linked avia_animated_image av-animated-when-visible-95 bottom-to-top avia-align-center  avia-builder-el-22  avia-builder-el-no-sibling  av-has-copyright av-copyright-icon-reveal'   itemprop=\"image\" itemscope=\"itemscope\" itemtype=\"https:\/\/schema.org\/ImageObject\" ><div class=\"avia-image-container-inner\"><div class=\"avia-image-overlay-wrap\"><a href=\"https:\/\/www.mezzoforte.fr\/index.php\/conf-et-musique\/evenements-en-musique\/\" class='avia_image '  ><img fetchpriority=\"high\" class='wp-image-768 avia-img-lazy-loading-not-768 avia_image ' src='https:\/\/www.mezzoforte.fr\/wp-content\/uploads\/2019\/11\/Image-from-rawpixel.com-1.1.jpg' alt='' title=''  height=\"1155\" width=\"1728\"  itemprop=\"thumbnailUrl\"  \/><\/a><\/div><small class=\"avia-copyright\">Designed by rawpixel.com  www.freepik.com<\/small><\/div><\/div><\/div>\n","protected":false},"excerpt":{"rendered":"","protected":false},"author":1,"featured_media":0,"parent":0,"menu_order":2,"comment_status":"closed","ping_status":"closed","template":"","meta":{"footnotes":""},"class_list":["post-489","page","type-page","status-publish","hentry"],"_links":{"self":[{"href":"https:\/\/www.mezzoforte.fr\/index.php\/wp-json\/wp\/v2\/pages\/489","targetHints":{"allow":["GET"]}}],"collection":[{"href":"https:\/\/www.mezzoforte.fr\/index.php\/wp-json\/wp\/v2\/pages"}],"about":[{"href":"https:\/\/www.mezzoforte.fr\/index.php\/wp-json\/wp\/v2\/types\/page"}],"author":[{"embeddable":true,"href":"https:\/\/www.mezzoforte.fr\/index.php\/wp-json\/wp\/v2\/users\/1"}],"replies":[{"embeddable":true,"href":"https:\/\/www.mezzoforte.fr\/index.php\/wp-json\/wp\/v2\/comments?post=489"}],"version-history":[{"count":31,"href":"https:\/\/www.mezzoforte.fr\/index.php\/wp-json\/wp\/v2\/pages\/489\/revisions"}],"predecessor-version":[{"id":1650,"href":"https:\/\/www.mezzoforte.fr\/index.php\/wp-json\/wp\/v2\/pages\/489\/revisions\/1650"}],"wp:attachment":[{"href":"https:\/\/www.mezzoforte.fr\/index.php\/wp-json\/wp\/v2\/media?parent=489"}],"curies":[{"name":"wp","href":"https:\/\/api.w.org\/{rel}","templated":true}]}}