{"id":472,"date":"2019-10-11T17:48:57","date_gmt":"2019-10-11T15:48:57","guid":{"rendered":"http:\/\/www.mezzoforte.fr\/?page_id=472"},"modified":"2025-04-25T10:10:03","modified_gmt":"2025-04-25T08:10:03","slug":"conferences-musicales","status":"publish","type":"page","link":"https:\/\/www.mezzoforte.fr\/index.php\/conf-et-musique\/conferences-musicales\/","title":{"rendered":"Musique et Management"},"content":{"rendered":"<div  class='avia-slideshow av-42uqmy-4d96224e71f4dfdddce27bd8da9ba677 avia-slideshow-featured_large av_slideshow avia-fade-slider  avia-builder-el-0  el_before_av_one_full  avia-builder-el-first  av-slideshow-ui av-control-hidden av-no-slider-navigation av-hide-nav-arrows av-slideshow-autoplay av-loop-endless av-loop-manual-endless av-default-height-applied avia-slideshow-1' data-slideshow-options=\"{&quot;animation&quot;:&quot;fade&quot;,&quot;autoplay&quot;:true,&quot;loop_autoplay&quot;:&quot;endless&quot;,&quot;interval&quot;:3,&quot;loop_manual&quot;:&quot;manual-endless&quot;,&quot;autoplay_stopper&quot;:false,&quot;noNavigation&quot;:true,&quot;bg_slider&quot;:false,&quot;keep_padding&quot;:false,&quot;hoverpause&quot;:false,&quot;show_slide_delay&quot;:0}\"  itemprop=\"image\" itemscope=\"itemscope\" itemtype=\"https:\/\/schema.org\/ImageObject\" ><ul class='avia-slideshow-inner ' style='padding-bottom: 26.666666666667%;'><li  class='avia-slideshow-slide av-42uqmy-4d96224e71f4dfdddce27bd8da9ba677__0  slide-1 slide-odd'><div data-rel='slideshow-1' class='avia-slide-wrap '   ><img fetchpriority=\"high\" class=\"wp-image-1605 avia-img-lazy-loading-not-1605\"  src='https:\/\/www.mezzoforte.fr\/wp-content\/uploads\/2025\/04\/Conference-4-bandeau.jpg' width='1500' height='400' title='Conf\u00e9rence 4 bandeau' alt=''  itemprop=\"thumbnailUrl\"   \/><\/div><\/li><li  class='avia-slideshow-slide av-42uqmy-4d96224e71f4dfdddce27bd8da9ba677__1  slide-2 slide-even'><div data-rel='slideshow-1' class='avia-slide-wrap '   ><img fetchpriority=\"high\" class=\"wp-image-1608 avia-img-lazy-loading-not-1608\"  src='https:\/\/www.mezzoforte.fr\/wp-content\/uploads\/2025\/04\/Conference-5-bandeau.jpg' width='1500' height='400' title='Conf\u00e9rence 5 bandeau' alt=''  itemprop=\"thumbnailUrl\"   \/><\/div><\/li><li  class='avia-slideshow-slide av-42uqmy-4d96224e71f4dfdddce27bd8da9ba677__2  slide-3 slide-odd'><div data-rel='slideshow-1' class='avia-slide-wrap '   ><img fetchpriority=\"high\" class=\"wp-image-1609 avia-img-lazy-loading-not-1609\"  src='https:\/\/www.mezzoforte.fr\/wp-content\/uploads\/2025\/04\/Conference-6-bandeau.jpg' width='1500' height='400' title='Conf\u00e9rence 6 bandeau' alt=''  itemprop=\"thumbnailUrl\"   \/><\/div><\/li><\/ul><div class='avia-slideshow-arrows avia-slideshow-controls' ><a href='#prev' class='prev-slide ' aria-hidden='true' data-av_icon='\ue87c' data-av_iconfont='entypo-fontello'  tabindex='-1'>Pr\u00e9c\u00e9dent<\/a><a href='#next' class='next-slide ' aria-hidden='true' data-av_icon='\ue87d' data-av_iconfont='entypo-fontello'  tabindex='-1'>Suivant<\/a><\/div><\/div>\n\n<style type=\"text\/css\" data-created_by=\"avia_inline_auto\" id=\"style-css-av-3ch9b6-b1ef9fa14bea693fc15af83b40615d6b\">\n#top .flex_column.av-3ch9b6-b1ef9fa14bea693fc15af83b40615d6b{\nmargin-top:0px;\nmargin-bottom:0px;\n}\n.flex_column.av-3ch9b6-b1ef9fa14bea693fc15af83b40615d6b{\nborder-radius:0px 0px 0px 0px;\npadding:0px 0px 0px 0px;\n}\n.responsive #top #wrap_all .flex_column.av-3ch9b6-b1ef9fa14bea693fc15af83b40615d6b{\nmargin-top:0px;\nmargin-bottom:0px;\n}\n<\/style>\n<div  class='flex_column av-3ch9b6-b1ef9fa14bea693fc15af83b40615d6b av_one_full  avia-builder-el-1  el_after_av_slideshow  el_before_av_one_full  first flex_column_div av-animated-generic bottom-to-top av-zero-column-padding  '     ><p>\n<style type=\"text\/css\" data-created_by=\"avia_inline_auto\" id=\"style-css-av-9s3io-83fd82bbae5c47b245d1c822f1c4da61\">\n#top .av-special-heading.av-9s3io-83fd82bbae5c47b245d1c822f1c4da61{\npadding-bottom:0;\n}\nbody .av-special-heading.av-9s3io-83fd82bbae5c47b245d1c822f1c4da61 .av-special-heading-tag .heading-char{\nfont-size:25px;\n}\n.av-special-heading.av-9s3io-83fd82bbae5c47b245d1c822f1c4da61 .av-subheading{\nfont-size:15px;\n}\n<\/style>\n<div  class='av-special-heading av-9s3io-83fd82bbae5c47b245d1c822f1c4da61 av-special-heading-h2 blockquote modern-quote  avia-builder-el-2  el_before_av_hr  avia-builder-el-first '><h2 class='av-special-heading-tag '  itemprop=\"headline\"  >Conf\u00e9rence \u00ab\u00a0Musique et Management\u00a0\u00bb<\/h2><div class=\"special-heading-border\"><div class=\"special-heading-inner-border\"><\/div><\/div><\/div><br \/>\n\n<style type=\"text\/css\" data-created_by=\"avia_inline_auto\" id=\"style-css-av-33w2wq-976726c1826f0896560fc0e45a2dbc15\">\n#top .hr.av-33w2wq-976726c1826f0896560fc0e45a2dbc15{\nmargin-top:10px;\nmargin-bottom:10px;\n}\n.hr.av-33w2wq-976726c1826f0896560fc0e45a2dbc15 .hr-inner{\nwidth:50px;\nborder-color:#efbb20;\n}\n<\/style>\n<div  class='hr av-33w2wq-976726c1826f0896560fc0e45a2dbc15 hr-custom  avia-builder-el-3  el_after_av_heading  avia-builder-el-last  hr-left hr-icon-no'><span class='hr-inner inner-border-av-border-fat'><span class=\"hr-inner-style\"><\/span><\/span><\/div><\/p><\/div>\n\n<style type=\"text\/css\" data-created_by=\"avia_inline_auto\" id=\"style-css-av-fy9pu-7aa27ea6b16a5e7104b7deb07addda18\">\n.flex_column.av-fy9pu-7aa27ea6b16a5e7104b7deb07addda18{\nborder-width:1px;\nborder-color:#e1e1e1;\nborder-style:solid;\nborder-radius:0px 0px 0px 0px;\npadding:20px 20px 20px 20px;\nbackground-color:#fcfcfc;\n}\n<\/style>\n<div  class='flex_column av-fy9pu-7aa27ea6b16a5e7104b7deb07addda18 av_one_full  avia-builder-el-4  el_after_av_one_full  el_before_av_one_full  first flex_column_div av-animated-generic bottom-to-top  column-top-margin'     ><section  class='av_textblock_section av-agfsy-7ce87f5fa791d4fe9234f4882415ed19 '   itemscope=\"itemscope\" itemtype=\"https:\/\/schema.org\/CreativeWork\" ><div class='avia_textblock'  itemprop=\"text\" ><h1 style=\"color: #fd0a02; text-align: center;\"><strong>ANIMATION ACTUELLEMENT EN STAND-BY<\/strong><\/h1>\n<p>.<\/p>\n<p>.<\/p>\n<p><strong>MEZZOFORTE <\/strong>\u00a0propose des conf\u00e9rences ainsi que des animations de d\u00e9veloppement professionnel pour votre \u00e9quipe manag\u00e9riale. Leur but est de g\u00e9n\u00e9rer de nouvelles fa\u00e7ons de penser la pratique du management \u00e0 travers la m\u00e9taphore de la musique\u00a0et gr\u00e2ce \u00e0 son universalit\u00e9. Ces conf\u00e9rences\u00a0interactives \u00e9tablissent un nouveau vocabulaire, elles instaurent une vision inspirante et tr\u00e8s actuelle du <strong>leadership<\/strong>, de la\u00a0<strong>collaboration<\/strong>, du\u00a0<strong>travail d&rsquo;\u00e9quipe<\/strong>\u00a0ou de la\u00a0<strong>cr\u00e9ativit\u00e9<\/strong>. Elles <strong>pr\u00e9parent ainsi<\/strong>\u00a0aux <strong>changements \u00e0 venir <\/strong>et\u00a0\u00e0 la <strong>performance<\/strong>.<\/p>\n<p>Ce concept original permet d\u2019aborder le management sous un angle <strong>nouveau<\/strong>, tr\u00e8s <strong>constructif et \u00e0 puissante port\u00e9e artistique, p\u00e9dagogique, humaine<\/strong>\u2026<br \/>\nIl peut \u00eatre d\u00e9clin\u00e9 lors de tous vos \u00e9v\u00e9nements : s\u00e9minaires, conf\u00e9rences, formations, team building, incentive, congr\u00e8s, r\u00e9unions de managers, travaux sur la coh\u00e9sion d&rsquo;\u00e9quipe&#8230;<\/p>\n<p>>>\u00a0 Aucune connaissance musicale n\u2019est requise<\/p>\n<\/div><\/section><\/div>\n\n<style type=\"text\/css\" data-created_by=\"avia_inline_auto\" id=\"style-css-av-20hk1c-37ca986e641602468a4394ce45356a3c\">\n.flex_column.av-20hk1c-37ca986e641602468a4394ce45356a3c{\nborder-radius:0px 0px 0px 0px;\npadding:0px 0px 0px 0px;\n}\n<\/style>\n<div  class='flex_column av-20hk1c-37ca986e641602468a4394ce45356a3c av_one_full  avia-builder-el-6  el_after_av_one_full  el_before_av_one_full  first flex_column_div av-zero-column-padding  column-top-margin'     ><style type=\"text\/css\" data-created_by=\"avia_inline_auto\" id=\"style-css-av-k4x3bftk-4bf4bfb3b45a20a2bfca61bae3ca0890\">\n#top .avia-icon-list-container.av-k4x3bftk-4bf4bfb3b45a20a2bfca61bae3ca0890 .iconlist_icon{\nbackground-color:#512179;\n}\n<\/style>\n<div  class='avia-icon-list-container av-k4x3bftk-4bf4bfb3b45a20a2bfca61bae3ca0890  avia-builder-el-7  avia-builder-el-no-sibling '><ul class='avia-icon-list avia_animate_when_almost_visible avia-icon-list-left av-iconlist-big av-k4x3bftk-4bf4bfb3b45a20a2bfca61bae3ca0890 avia-iconlist-animate'>\n<li><div class='iconlist_icon av-sz4u0-bac20f5cae4865fdc47f191891a950e0 avia-font-entypo-fontello'><span class='iconlist-char' aria-hidden='true' data-av_icon='\ue80b' data-av_iconfont='entypo-fontello'><\/span><\/div><article class=\"article-icon-entry \"  itemscope=\"itemscope\" itemtype=\"https:\/\/schema.org\/CreativeWork\" ><div class=\"iconlist_content_wrap\"><header class=\"entry-content-header\" aria-label=\"Icon: \"><\/header><div class='iconlist_content '  itemprop=\"text\" ><p>Vous devez <strong>r\u00e9unir des managers<\/strong> ou travailler sur le <strong>leadership<\/strong> ?<\/p>\n<\/div><\/div><footer class=\"entry-footer\"><\/footer><\/article><div class=\"iconlist-timeline\"><\/div><\/li>\n<li><div class='iconlist_icon av-j12eg-96ec0a1c9fefd8fe2039eda8049dff3c avia-font-entypo-fontello'><span class='iconlist-char' aria-hidden='true' data-av_icon='\ue8a8' data-av_iconfont='entypo-fontello'><\/span><\/div><article class=\"article-icon-entry \"  itemscope=\"itemscope\" itemtype=\"https:\/\/schema.org\/CreativeWork\" ><div class=\"iconlist_content_wrap\"><header class=\"entry-content-header\" aria-label=\"Icon: \"><\/header><div class='iconlist_content '  itemprop=\"text\" ><p>Votre souhaitez <strong>f\u00e9d\u00e9rer et valoriser vos collaborateurs<\/strong>\u00a0 alors que votre entreprise prend une nouvelle direction ou se restructure\u00a0?<\/p>\n<\/div><\/div><footer class=\"entry-footer\"><\/footer><\/article><div class=\"iconlist-timeline\"><\/div><\/li>\n<li><div class='iconlist_icon av-er3yo-90666d980701074e9005d11b81a90ba2 avia-font-entypo-fontello'><span class='iconlist-char' aria-hidden='true' data-av_icon='\ue82b' data-av_iconfont='entypo-fontello'><\/span><\/div><article class=\"article-icon-entry \"  itemscope=\"itemscope\" itemtype=\"https:\/\/schema.org\/CreativeWork\" ><div class=\"iconlist_content_wrap\"><header class=\"entry-content-header\" aria-label=\"Icon: \"><\/header><div class='iconlist_content '  itemprop=\"text\" ><p>Vous cherchez un <strong>team building diff\u00e9rent<\/strong>\u00a0ou un colloque qui\u00a0<strong>marquera durablement<\/strong>\u00a0les esprits ?<\/p>\n<\/div><\/div><footer class=\"entry-footer\"><\/footer><\/article><div class=\"iconlist-timeline\"><\/div><\/li>\n<li><div class='iconlist_icon av-bsddc-2fc90a6c1b3c93a8e027ce43311df2e0 avia-font-entypo-fontello'><span class='iconlist-char' aria-hidden='true' data-av_icon='\ue8c7' data-av_iconfont='entypo-fontello'><\/span><\/div><article class=\"article-icon-entry \"  itemscope=\"itemscope\" itemtype=\"https:\/\/schema.org\/CreativeWork\" ><div class=\"iconlist_content_wrap\"><header class=\"entry-content-header\" aria-label=\"Icon: \"><\/header><div class='iconlist_content '  itemprop=\"text\" ><p>Vous voulez organiser un s\u00e9minaire pour <strong>renforcer la coh\u00e9sion de vos \u00e9quipes<\/strong>\u00a0ou\u00a0<strong>dynamiser votre entreprise<\/strong>\u00a0?<\/p>\n<\/div><\/div><footer class=\"entry-footer\"><\/footer><\/article><div class=\"iconlist-timeline\"><\/div><\/li>\n<\/ul><\/div><\/div>\n\n<style type=\"text\/css\" data-created_by=\"avia_inline_auto\" id=\"style-css-av-18vg88-38363cfe4322501adff28eb2fc5ade99\">\n.flex_column.av-18vg88-38363cfe4322501adff28eb2fc5ade99{\nborder-radius:0px 0px 0px 0px;\npadding:0px 0px 0px 0px;\n}\n<\/style>\n<div  class='flex_column av-18vg88-38363cfe4322501adff28eb2fc5ade99 av_one_full  avia-builder-el-8  el_after_av_one_full  el_before_av_one_full  first flex_column_div av-animated-generic bottom-to-top av-zero-column-padding  column-top-margin'     ><p>\n<style type=\"text\/css\" data-created_by=\"avia_inline_auto\" id=\"style-css-av-rz4jc-f612dcf684f56d326f32613ca3b3de76\">\n#top .av-special-heading.av-rz4jc-f612dcf684f56d326f32613ca3b3de76{\npadding-bottom:0;\n}\nbody .av-special-heading.av-rz4jc-f612dcf684f56d326f32613ca3b3de76 .av-special-heading-tag .heading-char{\nfont-size:25px;\n}\n.av-special-heading.av-rz4jc-f612dcf684f56d326f32613ca3b3de76 .av-subheading{\nfont-size:15px;\n}\n<\/style>\n<div  class='av-special-heading av-rz4jc-f612dcf684f56d326f32613ca3b3de76 av-special-heading-h2 blockquote modern-quote  avia-builder-el-9  el_before_av_textblock  avia-builder-el-first '><h2 class='av-special-heading-tag '  itemprop=\"headline\"  >Quand la musique inspire le \u00ab management en entreprise \u00bb<\/h2><div class=\"special-heading-border\"><div class=\"special-heading-inner-border\"><\/div><\/div><\/div><br \/>\n<section  class='av_textblock_section av-k4yklsua-89ebb1d649b6eaf8a2f580cccc36ad12 '   itemscope=\"itemscope\" itemtype=\"https:\/\/schema.org\/CreativeWork\" ><div class='avia_textblock'  itemprop=\"text\" ><blockquote>\n<p><strong>&#8230; ou la m\u00e9taphore de la cr\u00e9ation musicale comme outil de management<\/strong><\/p>\n<\/blockquote>\n<\/div><\/section><br \/>\n\n<style type=\"text\/css\" data-created_by=\"avia_inline_auto\" id=\"style-css-av-11tr96-216d471bc9f0d9a9177fc51142e52d23\">\n#top .hr.av-11tr96-216d471bc9f0d9a9177fc51142e52d23{\nmargin-top:10px;\nmargin-bottom:10px;\n}\n.hr.av-11tr96-216d471bc9f0d9a9177fc51142e52d23 .hr-inner{\nwidth:50px;\nborder-color:#efbb20;\n}\n<\/style>\n<div  class='hr av-11tr96-216d471bc9f0d9a9177fc51142e52d23 hr-custom  avia-builder-el-11  el_after_av_textblock  el_before_av_textblock  hr-left hr-icon-no'><span class='hr-inner inner-border-av-border-fat'><span class=\"hr-inner-style\"><\/span><\/span><\/div><br \/>\n<section  class='av_textblock_section av-2h7m5u-009dcbcb45d3bc438b8df2ca465a5616 '   itemscope=\"itemscope\" itemtype=\"https:\/\/schema.org\/CreativeWork\" ><div class='avia_textblock'  itemprop=\"text\" ><p>Le conf\u00e9rencier parle <strong>MUSIQUE<\/strong> et l\u2019entreprise entend\u00a0<strong>MANAGEMENT<\/strong>&#8230;<strong><br \/>\n<\/strong>Il explique la <strong>discipline <\/strong>versus la<strong> libert\u00e9, <\/strong>la<strong> cr\u00e9ativit\u00e9, l&rsquo;organisation <\/strong>ou bien encore la<strong> gestion de l\u2019erreur, <\/strong>et vos managers transposent <strong>\u00ab leadership \u00bb \u2013 \u00ab coh\u00e9sion d\u2019\u00e9quipe \u00bb \u2013 \u00ab conduite du changement \u00bb \u2013 \u00ab innovation \u00bb !<br \/>\n<\/strong><\/p>\n<p>Pas de longs discours mais une animation construite sur la m\u00e9taphore musicale avec beaucoup de d\u00e9monstrations en live, d\u2019interactivit\u00e9 et\u2026 d\u2019humour !<\/p>\n<p>En mettant en sc\u00e8ne les affres de la cr\u00e9ation musicale, notre musicien\/conf\u00e9rencier apporte un regard nouveau sur le \u00ab mieux travailler ensemble \u00bb. Il parle de son v\u00e9cu de cr\u00e9ateur, de l\u2019accouchement des morceaux jusqu\u2019au studio, de la r\u00e9p\u00e9tition jusqu\u2019au concert : il explore ainsi avec les participants les secrets de sa propre gestion.<br \/>\nGr\u00e2ce \u00e0 une p\u00e9dagogie \u00e9prouv\u00e9e, interactive, forte de d\u00e9monstrations musicales en direct, il parle de cr\u00e9ation et tout l\u2019auditoire comprend leadership, gestion de projet, conduite du changement, pilotage, esprit d\u2019\u00e9quipe\u2026<\/p>\n<p>Il soul\u00e8ve des r\u00e9flexions, d\u00e9clenche des r\u00e9actions et par l\u2019effet miroir, il met en lumi\u00e8re les ressorts manag\u00e9riaux, individuels ou collectifs.<\/p>\n<p>>>> Tenter la conf\u00e9rence MEZZOFORTE, c\u2019est \u00a0oser d\u00e9caler son regard sur les choses,<strong>\u00a0<\/strong><strong>innover et donner droit de cit\u00e9 \u00e0<\/strong><strong> l\u2019intelligence \u00e9motion<\/strong><strong>nelle,<\/strong> laquelle va permettre un management diff\u00e9rent en ouvrant \u00e0 la cr\u00e9ativit\u00e9.<\/p>\n<p>Chacune de nos interventions est v\u00e9cue comme un \u00e9v\u00e8nement par les participants qui sont unanimes sur son originalit\u00e9 et la forte empreinte qu\u2019elle laisse !<\/p>\n<\/div><\/section><\/p><\/div>\n\n<style type=\"text\/css\" data-created_by=\"avia_inline_auto\" id=\"style-css-av-27hwnm-ec4299a6837f2c375b8bc073b82785a5\">\n.flex_column.av-27hwnm-ec4299a6837f2c375b8bc073b82785a5{\nborder-radius:0px 0px 0px 0px;\npadding:0px 0px 0px 0px;\n}\n<\/style>\n<div  class='flex_column av-27hwnm-ec4299a6837f2c375b8bc073b82785a5 av_one_full  avia-builder-el-13  el_after_av_one_full  el_before_av_one_full  first flex_column_div av-animated-generic bottom-to-top av-zero-column-padding  column-top-margin'     ><div  class='togglecontainer av-21qfiq-410a9d2300c303a979545496d9f973bc  avia-builder-el-14  avia-builder-el-no-sibling ' >\n<section class='av_toggle_section av-mgfrc-632dbef2ae78512033444a5d7a15f5ec'  itemscope=\"itemscope\" itemtype=\"https:\/\/schema.org\/CreativeWork\" ><div role=\"tablist\" class=\"single_toggle\" data-tags=\"{Tout} \"  ><p id='toggle-toggle-id-1' data-fake-id='#toggle-id-1' class='toggler  av-title-above '  itemprop=\"headline\"  role='tab' tabindex='0' aria-controls='toggle-id-1' data-slide-speed=\"200\" data-title=\"EXP\u00c9RIENCE 1 : conf\u00e9rence interactive (dur\u00e9e 1h30 environ)\" data-title-open=\"\" data-aria_collapsed=\"Click to expand: EXP\u00c9RIENCE 1 : conf\u00e9rence interactive (dur\u00e9e 1h30 environ)\" data-aria_expanded=\"Click to collapse: EXP\u00c9RIENCE 1 : conf\u00e9rence interactive (dur\u00e9e 1h30 environ)\">EXP\u00c9RIENCE 1 : conf\u00e9rence interactive (dur\u00e9e 1h30 environ)<span class=\"toggle_icon\"><span class=\"vert_icon\"><\/span><span class=\"hor_icon\"><\/span><\/span><\/p><div id='toggle-id-1' aria-labelledby='toggle-toggle-id-1' role='region' class='toggle_wrap  av-title-above'  ><div class='toggle_content invers-color '  itemprop=\"text\" ><h4>Objectifs<\/h4>\n<ul>\n<li>aider les participants \u00e0 d\u00e9couvrir de nouvelles cl\u00e9s pour d\u00e9velopper leur leadership, conduire les changements, g\u00e9rer des projets, piloter\u2026<\/li>\n<li>booster la dynamique relationnelle de l\u2019entreprise et l\u2019esprit d\u2019\u00e9quipe, pour plus d\u2019efficacit\u00e9<\/li>\n<\/ul>\n<h4>Contenu et p\u00e9dagogie<\/h4>\n<p>Partage en direct de l\u2019exp\u00e9rience musicale et manag\u00e9riale du conf\u00e9rencier et gr\u00e2ce aux outils suivants :<\/p>\n<ul>\n<li>m\u00e9taphore musicale<\/li>\n<li>effet miroir<\/li>\n<li>interactivit\u00e9 avec le public<\/li>\n<li>appel \u00e0 l\u2019intelligence \u00e9motionnelle<\/li>\n<\/ul>\n<h4>Public concern\u00e9<\/h4>\n<ul>\n<li>prioritairement aux comit\u00e9s de direction, cadres dirigeants, managers, chefs de projet, \u00e9coles de management<\/li>\n<li>dans un second temps \u00e0 l&rsquo;ensemble des salari\u00e9s, notamment lors d\u2019une convention ou \u00e0 l\u2019occasion d\u2019une r\u00e9organisation<\/li>\n<li>la conf\u00e9rence est adaptable aux petits groupes comme aux grands \u00e9v\u00e9nements<\/li>\n<\/ul>\n<ul>\n<li style=\"list-style-type: none;\">\n<ul>\n<li style=\"list-style-type: none;\">\n<ul>\n<li><strong>sans<\/strong> \u00ab l\u2019Exp\u00e9rience III \u00bb : jusqu\u2019\u00e0 400 personnes<\/li>\n<li><strong>avec<\/strong> \u00ab l\u2019Exp\u00e9rience III \u00bb : jusqu\u2019\u00e0 30 personnes<\/li>\n<\/ul>\n<\/li>\n<\/ul>\n<\/li>\n<\/ul>\n<\/div><\/div><\/div><\/section>\n<section class='av_toggle_section av-fuqns-752b5bc0f827c133c77d6717181dd00a'  itemscope=\"itemscope\" itemtype=\"https:\/\/schema.org\/CreativeWork\" ><div role=\"tablist\" class=\"single_toggle\" data-tags=\"{Tout} \"  ><p id='toggle-toggle-id-2' data-fake-id='#toggle-id-2' class='toggler  av-title-above '  itemprop=\"headline\"  role='tab' tabindex='0' aria-controls='toggle-id-2' data-slide-speed=\"200\" data-title=\"EXP\u00c9RIENCE 2 : tenue d\u2019un &quot;vrai&quot; concert \u00e9lectro (dur\u00e9e 1h)\" data-title-open=\"\" data-aria_collapsed=\"Click to expand: EXP\u00c9RIENCE 2 : tenue d\u2019un &quot;vrai&quot; concert \u00e9lectro (dur\u00e9e 1h)\" data-aria_expanded=\"Click to collapse: EXP\u00c9RIENCE 2 : tenue d\u2019un &quot;vrai&quot; concert \u00e9lectro (dur\u00e9e 1h)\">EXP\u00c9RIENCE 2 : tenue d\u2019un \"vrai\" concert \u00e9lectro (dur\u00e9e 1h)<span class=\"toggle_icon\"><span class=\"vert_icon\"><\/span><span class=\"hor_icon\"><\/span><\/span><\/p><div id='toggle-id-2' aria-labelledby='toggle-toggle-id-2' role='region' class='toggle_wrap  av-title-above'  ><div class='toggle_content invers-color '  itemprop=\"text\" ><h4>Objectifs<\/h4>\n<ul>\n<li>illustrer le r\u00e9sultat du travail fourni<\/li>\n<li>offrir un moment de pur plaisir musical<\/li>\n<li>donner de l\u2019envie<\/li>\n<\/ul>\n<h5><\/h5>\n<h4>Public concern\u00e9<\/h4>\n<p>idem Exp\u00e9rience I (quel qu&rsquo;en soit le nombre)<\/p>\n<p>&#8211; &#8211; &#8211; &#8211; &#8211; &#8211; &#8211;<\/p>\n<p><strong>L&rsquo;Exp\u00e9rience II peut EVIDEMMENT s&rsquo;envisager seule<\/strong><\/p>\n<\/div><\/div><\/div><\/section>\n<section class='av_toggle_section av-ab9c0-2cc8db4a1c9c91bd3f8545a730666fd9'  itemscope=\"itemscope\" itemtype=\"https:\/\/schema.org\/CreativeWork\" ><div role=\"tablist\" class=\"single_toggle\" data-tags=\"{Tout} \"  ><p id='toggle-toggle-id-3' data-fake-id='#toggle-id-3' class='toggler  av-title-above '  itemprop=\"headline\"  role='tab' tabindex='0' aria-controls='toggle-id-3' data-slide-speed=\"200\" data-title=\"EXP\u00c9RIENCE 3 : Cr\u00e9ation d\u2019une oeuvre collective (dur\u00e9e 2h30)\" data-title-open=\"\" data-aria_collapsed=\"Click to expand: EXP\u00c9RIENCE 3 : Cr\u00e9ation d\u2019une oeuvre collective (dur\u00e9e 2h30)\" data-aria_expanded=\"Click to collapse: EXP\u00c9RIENCE 3 : Cr\u00e9ation d\u2019une oeuvre collective (dur\u00e9e 2h30)\">EXP\u00c9RIENCE 3 : Cr\u00e9ation d\u2019une oeuvre collective (dur\u00e9e 2h30)<span class=\"toggle_icon\"><span class=\"vert_icon\"><\/span><span class=\"hor_icon\"><\/span><\/span><\/p><div id='toggle-id-3' aria-labelledby='toggle-toggle-id-3' role='region' class='toggle_wrap  av-title-above'  ><div class='toggle_content invers-color '  itemprop=\"text\" ><p>L\u2019Exp\u00e9rience I peut s\u2019enrichir d\u2019une proposition compl\u00e9mentaire dans le cas de groupes de 30 personnes maxi, id\u00e9alement des managers et\/ou des chefs de projets, \u2026<br \/>\nA l\u2019issue de la conf\u00e9rence, il est propos\u00e9 aux participants de cr\u00e9er une \u0153uvre commune gr\u00e2ce \u00e0 des outils num\u00e9riques originaux qui permettent de s\u2019affranchir de la n\u00e9cessit\u00e9 de conna\u00eetre la musique<\/p>\n<h4>Objectifs<\/h4>\n<ul>\n<li>mettre en pratique, exp\u00e9rimenter<\/li>\n<li>f\u00e9d\u00e9rer les talents<\/li>\n<li>d\u00e9montrer l\u2019efficacit\u00e9 de l\u2019essentiel dans une situation d\u2019urgence<\/li>\n<li>terminer la rencontre par un moment rassembleur et r\u00e9jouissant, la pr\u00e9sentation en live du morceau cr\u00e9\u00e9 !<\/li>\n<\/ul>\n<h4><strong>\u00a0<\/strong>Public concern\u00e9<\/h4>\n<ul>\n<li>30 personnes maximum<\/li>\n<\/ul>\n<p>&#8211; &#8211; &#8211; &#8211; &#8211; &#8211; &#8211;<\/p>\n<p><strong>CEPENDANT : l&rsquo;Exp\u00e9rience III peut aussi s&rsquo;envisager seule.<\/strong><\/p>\n<\/div><\/div><\/div><\/section>\n<\/div><\/div>\n\n<style type=\"text\/css\" data-created_by=\"avia_inline_auto\" id=\"style-css-av-gtrgo-1fa1684fc98d12681e5bcc40f240552f\">\n.flex_column.av-gtrgo-1fa1684fc98d12681e5bcc40f240552f{\nborder-radius:0px 0px 0px 0px;\npadding:0px 0px 0px 0px;\n}\n<\/style>\n<div  class='flex_column av-gtrgo-1fa1684fc98d12681e5bcc40f240552f av_one_full  avia-builder-el-15  el_after_av_one_full  avia-builder-el-last  first flex_column_div av-zero-column-padding  column-top-margin'     ><style type=\"text\/css\" data-created_by=\"avia_inline_auto\" id=\"style-css-av-8gmew-bf2d95b3e167688f8364bcc99d278618\">\n.avia-image-container.av-8gmew-bf2d95b3e167688f8364bcc99d278618 img.avia_image{\nbox-shadow:none;\n}\n.avia-image-container.av-8gmew-bf2d95b3e167688f8364bcc99d278618 .av-image-caption-overlay-center{\ncolor:#ffffff;\n}\n<\/style>\n<div  class='avia-image-container av-8gmew-bf2d95b3e167688f8364bcc99d278618 av-styling- avia_animated_image av-animated-when-visible-95 bottom-to-top avia-align-center  avia-builder-el-16  avia-builder-el-no-sibling  av-has-copyright av-copyright-icon-reveal'   itemprop=\"image\" itemscope=\"itemscope\" itemtype=\"https:\/\/schema.org\/ImageObject\" ><div class=\"avia-image-container-inner\"><div class=\"avia-image-overlay-wrap\"><img fetchpriority=\"high\" class='wp-image-1268 avia-img-lazy-loading-not-1268 avia_image ' src='https:\/\/www.mezzoforte.fr\/wp-content\/uploads\/2020\/01\/Dom-conf.jpg' alt='' title=''  height=\"1036\" width=\"1728\"  itemprop=\"thumbnailUrl\"  \/><\/div><small class=\"avia-copyright\">Designed by rawpixel.com  www.freepik.com<\/small><\/div><\/div><\/div>\n","protected":false},"excerpt":{"rendered":"","protected":false},"author":1,"featured_media":0,"parent":489,"menu_order":2,"comment_status":"closed","ping_status":"closed","template":"","meta":{"footnotes":""},"class_list":["post-472","page","type-page","status-publish","hentry"],"_links":{"self":[{"href":"https:\/\/www.mezzoforte.fr\/index.php\/wp-json\/wp\/v2\/pages\/472","targetHints":{"allow":["GET"]}}],"collection":[{"href":"https:\/\/www.mezzoforte.fr\/index.php\/wp-json\/wp\/v2\/pages"}],"about":[{"href":"https:\/\/www.mezzoforte.fr\/index.php\/wp-json\/wp\/v2\/types\/page"}],"author":[{"embeddable":true,"href":"https:\/\/www.mezzoforte.fr\/index.php\/wp-json\/wp\/v2\/users\/1"}],"replies":[{"embeddable":true,"href":"https:\/\/www.mezzoforte.fr\/index.php\/wp-json\/wp\/v2\/comments?post=472"}],"version-history":[{"count":42,"href":"https:\/\/www.mezzoforte.fr\/index.php\/wp-json\/wp\/v2\/pages\/472\/revisions"}],"predecessor-version":[{"id":1611,"href":"https:\/\/www.mezzoforte.fr\/index.php\/wp-json\/wp\/v2\/pages\/472\/revisions\/1611"}],"up":[{"embeddable":true,"href":"https:\/\/www.mezzoforte.fr\/index.php\/wp-json\/wp\/v2\/pages\/489"}],"wp:attachment":[{"href":"https:\/\/www.mezzoforte.fr\/index.php\/wp-json\/wp\/v2\/media?parent=472"}],"curies":[{"name":"wp","href":"https:\/\/api.w.org\/{rel}","templated":true}]}}