{"id":471,"date":"2019-10-11T17:48:52","date_gmt":"2019-10-11T15:48:52","guid":{"rendered":"http:\/\/www.mezzoforte.fr\/?page_id=471"},"modified":"2020-09-01T11:34:15","modified_gmt":"2020-09-01T09:34:15","slug":"escape-game-rh","status":"publish","type":"page","link":"https:\/\/www.mezzoforte.fr\/index.php\/escape-game\/escape-game-rh\/","title":{"rendered":"Escape Game RH"},"content":{"rendered":"<div  class='avia-slideshow av-440vlz-02023c39219fb5970d06bc62fb8a679d avia-slideshow-featured_large av_slideshow avia-fade-slider  avia-builder-el-0  el_before_av_one_full  avia-builder-el-first  av-slideshow-ui av-control-hidden av-no-slider-navigation av-hide-nav-arrows av-slideshow-autoplay av-loop-endless av-loop-manual-endless av-default-height-applied avia-slideshow-1' data-slideshow-options=\"{&quot;animation&quot;:&quot;fade&quot;,&quot;autoplay&quot;:true,&quot;loop_autoplay&quot;:&quot;endless&quot;,&quot;interval&quot;:3,&quot;loop_manual&quot;:&quot;manual-endless&quot;,&quot;autoplay_stopper&quot;:false,&quot;noNavigation&quot;:true,&quot;bg_slider&quot;:false,&quot;keep_padding&quot;:false,&quot;hoverpause&quot;:false,&quot;show_slide_delay&quot;:0}\"  itemprop=\"image\" itemscope=\"itemscope\" itemtype=\"https:\/\/schema.org\/ImageObject\" ><ul class='avia-slideshow-inner ' style='padding-bottom: 26.666666666667%;'><li  class='avia-slideshow-slide av-440vlz-02023c39219fb5970d06bc62fb8a679d__0  slide-1 slide-odd'><div data-rel='slideshow-1' class='avia-slide-wrap '   ><img fetchpriority=\"high\" class=\"wp-image-735 avia-img-lazy-loading-not-735\"  src='https:\/\/www.mezzoforte.fr\/wp-content\/uploads\/2019\/11\/RH-bandeau.jpg' width='1500' height='400' title='' alt=''  itemprop=\"thumbnailUrl\"   \/><\/div><\/li><li  class='avia-slideshow-slide av-440vlz-02023c39219fb5970d06bc62fb8a679d__1  slide-2 slide-even'><div data-rel='slideshow-1' class='avia-slide-wrap '   ><img fetchpriority=\"high\" class=\"wp-image-910 avia-img-lazy-loading-not-910\"  src='https:\/\/www.mezzoforte.fr\/wp-content\/uploads\/2019\/12\/Recrut-mngr-bandeau.jpg' width='1500' height='400' title='' alt=''  itemprop=\"thumbnailUrl\"   \/><\/div><\/li><li  class='avia-slideshow-slide av-440vlz-02023c39219fb5970d06bc62fb8a679d__2  slide-3 slide-odd'><div data-rel='slideshow-1' class='avia-slide-wrap '   ><img fetchpriority=\"high\" class=\"wp-image-911 avia-img-lazy-loading-not-911\"  src='https:\/\/www.mezzoforte.fr\/wp-content\/uploads\/2019\/12\/RH5-bandeau.jpg' width='1500' height='400' title='' alt=''  itemprop=\"thumbnailUrl\"   \/><\/div><\/li><\/ul><div class='avia-slideshow-arrows avia-slideshow-controls' ><a href='#prev' class='prev-slide ' aria-hidden='true' data-av_icon='\ue87c' data-av_iconfont='entypo-fontello'  tabindex='-1'>Pr\u00e9c\u00e9dent<\/a><a href='#next' class='next-slide ' aria-hidden='true' data-av_icon='\ue87d' data-av_iconfont='entypo-fontello'  tabindex='-1'>Suivant<\/a><\/div><\/div>\n\n<style type=\"text\/css\" data-created_by=\"avia_inline_auto\" id=\"style-css-av-3gjdc7-3691c48c26db90ad341fc257819feae5\">\n#top .flex_column.av-3gjdc7-3691c48c26db90ad341fc257819feae5{\nmargin-top:0px;\nmargin-bottom:0px;\n}\n.flex_column.av-3gjdc7-3691c48c26db90ad341fc257819feae5{\nborder-radius:0px 0px 0px 0px;\npadding:0px 0px 0px 0px;\n}\n.responsive #top #wrap_all .flex_column.av-3gjdc7-3691c48c26db90ad341fc257819feae5{\nmargin-top:0px;\nmargin-bottom:0px;\n}\n<\/style>\n<div  class='flex_column av-3gjdc7-3691c48c26db90ad341fc257819feae5 av_one_full  avia-builder-el-1  el_after_av_slideshow  el_before_av_one_half  first flex_column_div av-animated-generic bottom-to-top av-zero-column-padding  '     ><p>\n<style type=\"text\/css\" data-created_by=\"avia_inline_auto\" id=\"style-css-av-kejr8sjn-ecb5ba25c4c668386a5866ab7996350b\">\n#top .av-special-heading.av-kejr8sjn-ecb5ba25c4c668386a5866ab7996350b{\npadding-bottom:0;\n}\nbody .av-special-heading.av-kejr8sjn-ecb5ba25c4c668386a5866ab7996350b .av-special-heading-tag .heading-char{\nfont-size:25px;\n}\n.av-special-heading.av-kejr8sjn-ecb5ba25c4c668386a5866ab7996350b .av-subheading{\nfont-size:15px;\n}\n<\/style>\n<div  class='av-special-heading av-kejr8sjn-ecb5ba25c4c668386a5866ab7996350b av-special-heading-h2 blockquote modern-quote  avia-builder-el-2  el_before_av_hr  avia-builder-el-first '><h2 class='av-special-heading-tag '  itemprop=\"headline\"  >Escape Game \u00ab\u00a0sp\u00e9cial RH\u00a0\u00bb chez vous<\/h2><div class=\"special-heading-border\"><div class=\"special-heading-inner-border\"><\/div><\/div><\/div><br \/>\n\n<style type=\"text\/css\" data-created_by=\"avia_inline_auto\" id=\"style-css-av-302jin-982734c59c671b406b7e90944a882b1e\">\n#top .hr.av-302jin-982734c59c671b406b7e90944a882b1e{\nmargin-top:10px;\nmargin-bottom:10px;\n}\n.hr.av-302jin-982734c59c671b406b7e90944a882b1e .hr-inner{\nwidth:50px;\nborder-color:#efbb20;\n}\n<\/style>\n<div  class='hr av-302jin-982734c59c671b406b7e90944a882b1e hr-custom  avia-builder-el-3  el_after_av_heading  avia-builder-el-last  hr-left hr-icon-no'><span class='hr-inner inner-border-av-border-fat'><span class=\"hr-inner-style\"><\/span><\/span><\/div><\/p><\/div>\n<style type=\"text\/css\" data-created_by=\"avia_inline_auto\" id=\"style-css-av-emsvb-a6a02a14e1bb9b6b732744d0c37f33b3\">\n.flex_column.av-emsvb-a6a02a14e1bb9b6b732744d0c37f33b3{\nborder-radius:0px 0px 0px 0px;\npadding:0px 0px 0px 0px;\n}\n<\/style>\n<div  class='flex_column av-emsvb-a6a02a14e1bb9b6b732744d0c37f33b3 av_one_half  avia-builder-el-4  el_after_av_one_full  el_before_av_one_half  first flex_column_div av-zero-column-padding  column-top-margin'     ><section  class='av_textblock_section av-kbuj3u23-6f72faab661d39d81227554d365b2d4a '   itemscope=\"itemscope\" itemtype=\"https:\/\/schema.org\/CreativeWork\" ><div class='avia_textblock'  itemprop=\"text\" ><p>Une version sp\u00e9cialement adapt\u00e9e de cet outil permet aux DRH de l\u2019utiliser, notamment <strong>lors des \u00e9tapes finales de recrutement<\/strong>\u00a0\u00e0 enjeu manag\u00e9rial.<br \/>\nSous la pression du temps, les candidats agissent tels qu&rsquo;ils sont vraiment, en levant les barri\u00e8res li\u00e9es \u00e0 l\u2019entretien d\u2019embauche. Le jeu substitue aux discours pr\u00e9con\u00e7us et format\u00e9s <strong>une action plus instinctive qui apporte de nombreux \u00e9l\u00e9ments de r\u00e9ponse \u00e0 l\u2019employeur<\/strong> : empathie, ma\u00eetrise des \u00e9motions, gestion du stress et du temps, prise d\u2019initiatives, capacit\u00e9 \u00e0 entrer en relation avec les autres, etc\u2026<\/p>\n<\/div><\/section><\/div><\/p>\n\n<style type=\"text\/css\" data-created_by=\"avia_inline_auto\" id=\"style-css-av-yd8v-4c34ec20dff5f16b49dbd19c00114599\">\n.flex_column.av-yd8v-4c34ec20dff5f16b49dbd19c00114599{\nborder-radius:0px 0px 0px 0px;\npadding:0px 0px 0px 0px;\n}\n<\/style>\n<div  class='flex_column av-yd8v-4c34ec20dff5f16b49dbd19c00114599 av_one_half  avia-builder-el-6  el_after_av_one_half  el_before_av_one_full  flex_column_div av-zero-column-padding  column-top-margin'     ><section  class='av_textblock_section av-kbuj5ykz-9def5d4770da307cb6c78318d01d6d0c '   itemscope=\"itemscope\" itemtype=\"https:\/\/schema.org\/CreativeWork\" ><div class='avia_textblock'  itemprop=\"text\" ><p><iframe loading=\"lazy\" width=\"560\" height=\"315\" src=\"https:\/\/www.youtube.com\/embed\/GudKqO_dIU4\" frameborder=\"0\" allow=\"accelerometer; autoplay; encrypted-media; gyroscope; picture-in-picture\" allowfullscreen><\/iframe><\/p>\n<\/div><\/section><\/div>\n\n<style type=\"text\/css\" data-created_by=\"avia_inline_auto\" id=\"style-css-av-2atxn3-da59533e00b33e19637d69dc389bfd2a\">\n.flex_column.av-2atxn3-da59533e00b33e19637d69dc389bfd2a{\nborder-radius:0px 0px 0px 0px;\npadding:0px 0px 0px 0px;\n}\n<\/style>\n<div  class='flex_column av-2atxn3-da59533e00b33e19637d69dc389bfd2a av_one_full  avia-builder-el-8  el_after_av_one_half  el_before_av_one_full  first flex_column_div av-animated-generic bottom-to-top av-zero-column-padding  column-top-margin'     ><div  class='togglecontainer av-242x6n-b9e6b00e1023acb243557cd2deb51d99  avia-builder-el-9  avia-builder-el-no-sibling ' >\n<section class='av_toggle_section av-pg1zj-7e30c9d8a396b6f25b209cc3a0c85d4e'  itemscope=\"itemscope\" itemtype=\"https:\/\/schema.org\/CreativeWork\" ><div role=\"tablist\" class=\"single_toggle\" data-tags=\"{Tout} \"  ><p id='toggle-toggle-id-1' data-fake-id='#toggle-id-1' class='toggler  av-title-above '  itemprop=\"headline\"  role='tab' tabindex='0' aria-controls='toggle-id-1' data-slide-speed=\"200\" data-title=\"Dur\u00e9e de l\u2019\u00e9preuve\" data-title-open=\"\" data-aria_collapsed=\"Click to expand: Dur\u00e9e de l\u2019\u00e9preuve\" data-aria_expanded=\"Click to collapse: Dur\u00e9e de l\u2019\u00e9preuve\">Dur\u00e9e de l\u2019\u00e9preuve<span class=\"toggle_icon\"><span class=\"vert_icon\"><\/span><span class=\"hor_icon\"><\/span><\/span><\/p><div id='toggle-id-1' aria-labelledby='toggle-toggle-id-1' role='region' class='toggle_wrap  av-title-above'  ><div class='toggle_content invers-color '  itemprop=\"text\" ><p>La construction de notre outil permet de proposer des sessions de diff\u00e9rentes dur\u00e9es :<br \/>\n&#8211; 20 minutes<br \/>\n<strong>&#8211; 30 minutes (la plus retenue)<\/strong><br \/>\n&#8211; voire 45 minutes<\/p>\n<\/div><\/div><\/div><\/section>\n<section class='av_toggle_section av-lug3b-82a3d380517d2bc3fd9a5b0d35b61333'  itemscope=\"itemscope\" itemtype=\"https:\/\/schema.org\/CreativeWork\" ><div role=\"tablist\" class=\"single_toggle\" data-tags=\"{Tout} \"  ><p id='toggle-toggle-id-2' data-fake-id='#toggle-id-2' class='toggler  av-title-above '  itemprop=\"headline\"  role='tab' tabindex='0' aria-controls='toggle-id-2' data-slide-speed=\"200\" data-title=\"Nombre de personnes par session ?\" data-title-open=\"\" data-aria_collapsed=\"Click to expand: Nombre de personnes par session ?\" data-aria_expanded=\"Click to collapse: Nombre de personnes par session ?\">Nombre de personnes par session ?<span class=\"toggle_icon\"><span class=\"vert_icon\"><\/span><span class=\"hor_icon\"><\/span><\/span><\/p><div id='toggle-id-2' aria-labelledby='toggle-toggle-id-2' role='region' class='toggle_wrap  av-title-above'  ><div class='toggle_content invers-color '  itemprop=\"text\" ><p>De 3 \u00e0 5 candidats<\/p>\n<\/div><\/div><\/div><\/section>\n<section class='av_toggle_section av-fcfpj-febfdbc03c4e67d69ab0787c38b68e9b'  itemscope=\"itemscope\" itemtype=\"https:\/\/schema.org\/CreativeWork\" ><div role=\"tablist\" class=\"single_toggle\" data-tags=\"{Tout} \"  ><p id='toggle-toggle-id-3' data-fake-id='#toggle-id-3' class='toggler  av-title-above '  itemprop=\"headline\"  role='tab' tabindex='0' aria-controls='toggle-id-3' data-slide-speed=\"200\" data-title=\"Organisation technique\" data-title-open=\"\" data-aria_collapsed=\"Click to expand: Organisation technique\" data-aria_expanded=\"Click to collapse: Organisation technique\">Organisation technique<span class=\"toggle_icon\"><span class=\"vert_icon\"><\/span><span class=\"hor_icon\"><\/span><\/span><\/p><div id='toggle-id-3' aria-labelledby='toggle-toggle-id-3' role='region' class='toggle_wrap  av-title-above'  ><div class='toggle_content invers-color '  itemprop=\"text\" ><p>> une salle de r\u00e9union au calme<br \/>\n> montage : 1h30<br \/>\n> mat\u00e9riel n\u00e9cessaire :<br \/>\n&#8211; exercice <span style=\"font-size: 16px;\">de 20 minutes = 1 table + 1 chaise<br \/>\n<\/span>&#8211; exercice 30 et 45 minutes = 2 tables + 2 chaises<br \/>\n> les observateurs sont dans le m\u00eame espace que les candidats<\/p>\n<\/div><\/div><\/div><\/section>\n<section class='av_toggle_section av-150fz-45500adcb54b7e62ab55a04ef386a856'  itemscope=\"itemscope\" itemtype=\"https:\/\/schema.org\/CreativeWork\" ><div role=\"tablist\" class=\"single_toggle\" data-tags=\"{Tout} \"  ><p id='toggle-toggle-id-4' data-fake-id='#toggle-id-4' class='toggler  av-title-above '  itemprop=\"headline\"  role='tab' tabindex='0' aria-controls='toggle-id-4' data-slide-speed=\"200\" data-title=\"\u00c9valuation des candidats\" data-title-open=\"\" data-aria_collapsed=\"Click to expand: \u00c9valuation des candidats\" data-aria_expanded=\"Click to collapse: \u00c9valuation des candidats\">\u00c9valuation des candidats<span class=\"toggle_icon\"><span class=\"vert_icon\"><\/span><span class=\"hor_icon\"><\/span><\/span><\/p><div id='toggle-id-4' aria-labelledby='toggle-toggle-id-4' role='region' class='toggle_wrap  av-title-above'  ><div class='toggle_content invers-color '  itemprop=\"text\" ><p>Selon vos propres grilles de codification :<\/p>\n<ul>\n<li>leadership<\/li>\n<li>prise d\u2019initiative<\/li>\n<li>intelligence collective<\/li>\n<li>intuition\/gestion des raccourcis<\/li>\n<li>empathie\/capacit\u00e9 \u00e0 entrer en relation avec les autres<\/li>\n<li>ma\u00eetrise des \u00e9motions<\/li>\n<li>gestion du stress\/du temps<\/li>\n<li>&#8230;<\/li>\n<\/ul>\n<p>Et ce ne sont que quelques exemples<\/p>\n<\/div><\/div><\/div><\/section>\n<\/div><\/div>\n\n<style type=\"text\/css\" data-created_by=\"avia_inline_auto\" id=\"style-css-av-fq7lb-388f925cb76cb7df85d183e3a365ab57\">\n.flex_column.av-fq7lb-388f925cb76cb7df85d183e3a365ab57{\nborder-width:1px;\nborder-color:#e1e1e1;\nborder-style:solid;\nborder-radius:0px 0px 0px 0px;\npadding:20px 20px 20px 20px;\nbackground-color:#fcfcfc;\n}\n<\/style>\n<div  class='flex_column av-fq7lb-388f925cb76cb7df85d183e3a365ab57 av_one_full  avia-builder-el-10  el_after_av_one_full  avia-builder-el-last  first flex_column_div av-animated-generic bottom-to-top  column-top-margin'     ><section  class='av_textblock_section av-6o90v-def2d33d542a6ea834c338a6d4daf29e '   itemscope=\"itemscope\" itemtype=\"https:\/\/schema.org\/CreativeWork\" ><div class='avia_textblock'  itemprop=\"text\" ><p><strong>CE N&rsquo;EST PAS UNE MODE&#8230;<\/strong><\/p>\n<p>&#8230; c&rsquo;est un moyen suppl\u00e9mentaire de valider un candidat.<br \/>\nCet outil ne vient pas se substituer \u00e0 l&rsquo;\u00e9tude des CV, aux entretiens en face \u00e0 face ou aux tests divers que vous utilisez d\u00e9j\u00e0 (personnalit\u00e9, psychotechniques, logiques)&#8230; Il vient les compl\u00e9ter avec une v\u00e9ritable pertinence <strong>dans des domaines habituellement difficiles \u00e0 mesurer<\/strong>.<\/p>\n<p>En effet, les candidats ne sont plus \u00e9valu\u00e9s \u00e0 l&rsquo;aune unique de leurs comp\u00e9tences. Or, ce \u00ab\u00a0savoir-\u00eatre\u00a0\u00bb que les recruteurs cherchent de plus en plus \u00e0 faire \u00e9merger reste particuli\u00e8rement complexe \u00e0 cerner dans le cadre rigide d&rsquo;entretiens souvent format\u00e9s.<br \/>\nC&rsquo;est ici que l&rsquo;Escape Game prend tout son sens et devient un formidable outil <strong>car il l\u00e8ve les barri\u00e8res des candidats et permet de voir les personnalit\u00e9s telles qu&rsquo;elles sont<\/strong>.<\/p>\n<p><img loading=\"lazy\" decoding=\"async\" class=\"alignnone size-full wp-image-1244\" src=\"http:\/\/www.mezzoforte.fr\/wp-content\/uploads\/2020\/01\/RH2-copyright.jpg\" alt=\"\" width=\"1500\" height=\"991\" \/><\/p>\n<\/div><\/section><\/div>\n","protected":false},"excerpt":{"rendered":"","protected":false},"author":1,"featured_media":0,"parent":460,"menu_order":3,"comment_status":"closed","ping_status":"closed","template":"","meta":{"footnotes":""},"class_list":["post-471","page","type-page","status-publish","hentry"],"_links":{"self":[{"href":"https:\/\/www.mezzoforte.fr\/index.php\/wp-json\/wp\/v2\/pages\/471","targetHints":{"allow":["GET"]}}],"collection":[{"href":"https:\/\/www.mezzoforte.fr\/index.php\/wp-json\/wp\/v2\/pages"}],"about":[{"href":"https:\/\/www.mezzoforte.fr\/index.php\/wp-json\/wp\/v2\/types\/page"}],"author":[{"embeddable":true,"href":"https:\/\/www.mezzoforte.fr\/index.php\/wp-json\/wp\/v2\/users\/1"}],"replies":[{"embeddable":true,"href":"https:\/\/www.mezzoforte.fr\/index.php\/wp-json\/wp\/v2\/comments?post=471"}],"version-history":[{"count":27,"href":"https:\/\/www.mezzoforte.fr\/index.php\/wp-json\/wp\/v2\/pages\/471\/revisions"}],"predecessor-version":[{"id":1570,"href":"https:\/\/www.mezzoforte.fr\/index.php\/wp-json\/wp\/v2\/pages\/471\/revisions\/1570"}],"up":[{"embeddable":true,"href":"https:\/\/www.mezzoforte.fr\/index.php\/wp-json\/wp\/v2\/pages\/460"}],"wp:attachment":[{"href":"https:\/\/www.mezzoforte.fr\/index.php\/wp-json\/wp\/v2\/media?parent=471"}],"curies":[{"name":"wp","href":"https:\/\/api.w.org\/{rel}","templated":true}]}}