{"id":470,"date":"2019-10-11T18:07:37","date_gmt":"2019-10-11T16:07:37","guid":{"rendered":"http:\/\/www.mezzoforte.fr\/?page_id=470"},"modified":"2020-09-01T11:33:48","modified_gmt":"2020-09-01T09:33:48","slug":"escape-game-personnalise","status":"publish","type":"page","link":"https:\/\/www.mezzoforte.fr\/index.php\/escape-game\/escape-game-personnalise\/","title":{"rendered":"Escape Game personnalis\u00e9"},"content":{"rendered":"<div  class='avia-slideshow av-3apzjc-44ca3a62777ee964e70e6f21759926aa avia-slideshow-featured_large av_slideshow avia-fade-slider  avia-builder-el-0  el_before_av_one_full  avia-builder-el-first  av-slideshow-ui av-control-hidden av-no-slider-navigation av-hide-nav-arrows av-slideshow-autoplay av-loop-endless av-loop-manual-endless av-default-height-applied avia-slideshow-1' data-slideshow-options=\"{&quot;animation&quot;:&quot;fade&quot;,&quot;autoplay&quot;:true,&quot;loop_autoplay&quot;:&quot;endless&quot;,&quot;interval&quot;:3,&quot;loop_manual&quot;:&quot;manual-endless&quot;,&quot;autoplay_stopper&quot;:false,&quot;noNavigation&quot;:true,&quot;bg_slider&quot;:false,&quot;keep_padding&quot;:false,&quot;hoverpause&quot;:false,&quot;show_slide_delay&quot;:0}\"  itemprop=\"image\" itemscope=\"itemscope\" itemtype=\"https:\/\/schema.org\/ImageObject\" ><ul class='avia-slideshow-inner ' style='padding-bottom: 26.666666666667%;'><li  class='avia-slideshow-slide av-3apzjc-44ca3a62777ee964e70e6f21759926aa__0  slide-1 slide-odd'><div data-rel='slideshow-1' class='avia-slide-wrap '   ><img fetchpriority=\"high\" class=\"wp-image-724 avia-img-lazy-loading-not-724\"  src='https:\/\/www.mezzoforte.fr\/wp-content\/uploads\/2019\/11\/Sur-mesure-bandeau.jpg' width='1500' height='400' title='' alt=''  itemprop=\"thumbnailUrl\"   \/><\/div><\/li><li  class='avia-slideshow-slide av-3apzjc-44ca3a62777ee964e70e6f21759926aa__1  slide-2 slide-even'><div data-rel='slideshow-1' class='avia-slide-wrap '   ><img fetchpriority=\"high\" class=\"wp-image-729 avia-img-lazy-loading-not-729\"  src='https:\/\/www.mezzoforte.fr\/wp-content\/uploads\/2019\/11\/Sur-mesure-2-bandeau-1.jpg' width='1500' height='400' title='' alt=''  itemprop=\"thumbnailUrl\"   \/><\/div><\/li><li  class='avia-slideshow-slide av-3apzjc-44ca3a62777ee964e70e6f21759926aa__2  slide-3 slide-odd'><div data-rel='slideshow-1' class='avia-slide-wrap '   ><img fetchpriority=\"high\" class=\"wp-image-730 avia-img-lazy-loading-not-730\"  src='https:\/\/www.mezzoforte.fr\/wp-content\/uploads\/2019\/11\/Sur-mesure-4-bandeau-cadre.jpg' width='1500' height='401' title='' alt=''  itemprop=\"thumbnailUrl\"   \/><\/div><\/li><\/ul><div class='avia-slideshow-arrows avia-slideshow-controls' ><a href='#prev' class='prev-slide ' aria-hidden='true' data-av_icon='\ue87c' data-av_iconfont='entypo-fontello'  tabindex='-1'>Pr\u00e9c\u00e9dent<\/a><a href='#next' class='next-slide ' aria-hidden='true' data-av_icon='\ue87d' data-av_iconfont='entypo-fontello'  tabindex='-1'>Suivant<\/a><\/div><\/div>\n\n<style type=\"text\/css\" data-created_by=\"avia_inline_auto\" id=\"style-css-av-2layy8-db8d7a51e90c875a29df0918d3e5e969\">\n#top .flex_column.av-2layy8-db8d7a51e90c875a29df0918d3e5e969{\nmargin-top:0px;\nmargin-bottom:0px;\n}\n.flex_column.av-2layy8-db8d7a51e90c875a29df0918d3e5e969{\nborder-radius:0px 0px 0px 0px;\npadding:0px 0px 0px 0px;\n}\n.responsive #top #wrap_all .flex_column.av-2layy8-db8d7a51e90c875a29df0918d3e5e969{\nmargin-top:0px;\nmargin-bottom:0px;\n}\n<\/style>\n<div  class='flex_column av-2layy8-db8d7a51e90c875a29df0918d3e5e969 av_one_full  avia-builder-el-1  el_after_av_slideshow  el_before_av_one_full  first flex_column_div av-animated-generic bottom-to-top av-zero-column-padding  '     ><p>\n<style type=\"text\/css\" data-created_by=\"avia_inline_auto\" id=\"style-css-av-kejr86dt-8febc1a82b6f618619dc9c23e857ea3e\">\n#top .av-special-heading.av-kejr86dt-8febc1a82b6f618619dc9c23e857ea3e{\npadding-bottom:0;\n}\nbody .av-special-heading.av-kejr86dt-8febc1a82b6f618619dc9c23e857ea3e .av-special-heading-tag .heading-char{\nfont-size:25px;\n}\n.av-special-heading.av-kejr86dt-8febc1a82b6f618619dc9c23e857ea3e .av-subheading{\nfont-size:15px;\n}\n<\/style>\n<div  class='av-special-heading av-kejr86dt-8febc1a82b6f618619dc9c23e857ea3e av-special-heading-h2 blockquote modern-quote  avia-builder-el-2  el_before_av_hr  avia-builder-el-first '><h2 class='av-special-heading-tag '  itemprop=\"headline\"  >Escape Game personnalis\u00e9 chez vous<\/h2><div class=\"special-heading-border\"><div class=\"special-heading-inner-border\"><\/div><\/div><\/div><br \/>\n\n<style type=\"text\/css\" data-created_by=\"avia_inline_auto\" id=\"style-css-av-29xt0g-e5363d41f47d35fcde1a0b32030802f6\">\n#top .hr.av-29xt0g-e5363d41f47d35fcde1a0b32030802f6{\nmargin-top:10px;\nmargin-bottom:10px;\n}\n.hr.av-29xt0g-e5363d41f47d35fcde1a0b32030802f6 .hr-inner{\nwidth:50px;\nborder-color:#efbb20;\n}\n<\/style>\n<div  class='hr av-29xt0g-e5363d41f47d35fcde1a0b32030802f6 hr-custom  avia-builder-el-3  el_after_av_heading  avia-builder-el-last  hr-left hr-icon-no'><span class='hr-inner inner-border-av-border-fat'><span class=\"hr-inner-style\"><\/span><\/span><\/div><\/p><\/div>\n<style type=\"text\/css\" data-created_by=\"avia_inline_auto\" id=\"style-css-av-bg7va-bf48a25c7cdee9e4c47cc7b8163f67c2\">\n.flex_column.av-bg7va-bf48a25c7cdee9e4c47cc7b8163f67c2{\nborder-radius:0px 0px 0px 0px;\npadding:0px 0px 0px 0px;\n}\n<\/style>\n<div  class='flex_column av-bg7va-bf48a25c7cdee9e4c47cc7b8163f67c2 av_one_full  avia-builder-el-4  el_after_av_one_full  el_before_av_one_half  first flex_column_div av-animated-generic bottom-to-top av-zero-column-padding  column-top-margin'     ><section  class='av_textblock_section av-k3oiz0dn-c4b3c277d013186aaf9bbc02faeb9e89 '   itemscope=\"itemscope\" itemtype=\"https:\/\/schema.org\/CreativeWork\" ><div class='avia_textblock'  itemprop=\"text\" ><p>En partant de l&rsquo;Escape Game standard (voir <a href=\"http:\/\/www.mezzoforte.fr\/index.php\/escape-game\/escape-game-sur-etagere\/\">\u00ab\u00a0version sur \u00e9tag\u00e8re\u00a0\u00bb<\/a>) cette option principalement destin\u00e9e au monde des Entreprises, permet d\u2019adapter ce support de base \u00e0 votre univers professionnel :<\/p>\n<blockquote>\n<p>&#8211; utilisation de votre identit\u00e9 graphique<br \/>\n&#8211; adaptation du contexte \u00e0 votre r\u00e9alit\u00e9 d&rsquo;entreprise<br \/>\n&#8211; invention d&rsquo;une histoire en lien avec vos th\u00e9matiques du moment<br \/>\n&#8211; etc&#8230;<\/p>\n<\/blockquote>\n<\/div><\/section><\/div><\/p>\n\n<style type=\"text\/css\" data-created_by=\"avia_inline_auto\" id=\"style-css-av-1cu8eo-550669699989460eb30f44c968cdfb12\">\n.flex_column.av-1cu8eo-550669699989460eb30f44c968cdfb12{\nborder-radius:0px 0px 0px 0px;\npadding:0px 0px 0px 0px;\n}\n<\/style>\n<div  class='flex_column av-1cu8eo-550669699989460eb30f44c968cdfb12 av_one_half  avia-builder-el-6  el_after_av_one_full  el_before_av_one_half  first flex_column_div av-animated-generic bottom-to-top av-zero-column-padding  column-top-margin'     ><p>\n<style type=\"text\/css\" data-created_by=\"avia_inline_auto\" id=\"style-css-av-bj0y6-0015d9425871e926f869e6349d6fe5ee\">\n#top .av-special-heading.av-bj0y6-0015d9425871e926f869e6349d6fe5ee{\npadding-bottom:0;\n}\nbody .av-special-heading.av-bj0y6-0015d9425871e926f869e6349d6fe5ee .av-special-heading-tag .heading-char{\nfont-size:25px;\n}\n.av-special-heading.av-bj0y6-0015d9425871e926f869e6349d6fe5ee .av-subheading{\nfont-size:15px;\n}\n<\/style>\n<div  class='av-special-heading av-bj0y6-0015d9425871e926f869e6349d6fe5ee av-special-heading-h2 blockquote modern-quote  avia-builder-el-7  el_before_av_hr  avia-builder-el-first '><h2 class='av-special-heading-tag '  itemprop=\"headline\"  >Comment ?<\/h2><div class=\"special-heading-border\"><div class=\"special-heading-inner-border\"><\/div><\/div><\/div><br \/>\n\n<style type=\"text\/css\" data-created_by=\"avia_inline_auto\" id=\"style-css-av-15fnyg-dec201c9d4efa9e29aaa2ddaf7777ab6\">\n#top .hr.av-15fnyg-dec201c9d4efa9e29aaa2ddaf7777ab6{\nmargin-top:10px;\nmargin-bottom:10px;\n}\n.hr.av-15fnyg-dec201c9d4efa9e29aaa2ddaf7777ab6 .hr-inner{\nwidth:50px;\nborder-color:#efbb20;\n}\n<\/style>\n<div  class='hr av-15fnyg-dec201c9d4efa9e29aaa2ddaf7777ab6 hr-custom  avia-builder-el-8  el_after_av_heading  el_before_av_textblock  hr-left hr-icon-no'><span class='hr-inner inner-border-av-border-fat'><span class=\"hr-inner-style\"><\/span><\/span><\/div><br \/>\n<section  class='av_textblock_section av-w1oio-44fad3f7c439b1f82ad7c194a0e1989c '   itemscope=\"itemscope\" itemtype=\"https:\/\/schema.org\/CreativeWork\" ><div class='avia_textblock'  itemprop=\"text\" ><p>Une r\u00e9union pr\u00e9alable deux mois avant la date de l&rsquo;\u00e9v\u00e9nement (pour avoir le temps d&rsquo;adapter le jeu) permet de caler avec vous les modifications cosm\u00e9tiques que nous pouvons entreprendre.<br \/>\nNous r\u00e9cup\u00e9rons alors les \u00e9l\u00e9ments n\u00e9cessaires :<br \/>\n&#8211; vos logos<br \/>\n&#8211; les objectifs de la journ\u00e9e pendant lequel l&rsquo;Escape Game est propos\u00e9<br \/>\n&#8211; le projet d&rsquo;entreprise<br \/>\n&#8211; etc&#8230;<\/p>\n<\/div><\/section><\/p><\/div>\n\n<style type=\"text\/css\" data-created_by=\"avia_inline_auto\" id=\"style-css-av-ooukg-c0b8f71f54d2086610db5775cace674f\">\n.flex_column.av-ooukg-c0b8f71f54d2086610db5775cace674f{\nborder-radius:0px 0px 0px 0px;\npadding:0px 0px 0px 0px;\n}\n<\/style>\n<div  class='flex_column av-ooukg-c0b8f71f54d2086610db5775cace674f av_one_half  avia-builder-el-10  el_after_av_one_half  el_before_av_one_full  flex_column_div av-animated-generic bottom-to-top av-zero-column-padding  column-top-margin'     ><style type=\"text\/css\" data-created_by=\"avia_inline_auto\" id=\"style-css-av-movio-518bc3b66ed00767b56bb2d561b1c150\">\n.avia-image-container.av-movio-518bc3b66ed00767b56bb2d561b1c150 img.avia_image{\nbox-shadow:none;\n}\n.avia-image-container.av-movio-518bc3b66ed00767b56bb2d561b1c150 .av-image-caption-overlay-center{\ncolor:#ffffff;\n}\n<\/style>\n<div  class='avia-image-container av-movio-518bc3b66ed00767b56bb2d561b1c150 av-styling-no-styling avia-align-center  avia-builder-el-11  avia-builder-el-no-sibling  av-has-copyright av-copyright-icon-reveal'   itemprop=\"image\" itemscope=\"itemscope\" itemtype=\"https:\/\/schema.org\/ImageObject\" ><div class=\"avia-image-container-inner\"><div class=\"avia-image-overlay-wrap\"><img fetchpriority=\"high\" class='wp-image-878 avia-img-lazy-loading-not-878 avia_image ' src='https:\/\/www.mezzoforte.fr\/wp-content\/uploads\/2019\/12\/Boite-cadenas.jpg' alt='' title=''  height=\"1605\" width=\"1920\"  itemprop=\"thumbnailUrl\"  \/><\/div><small class=\"avia-copyright\">Image par Reimund Bertrams de Pixabay <\/small><\/div><\/div><\/div>\n\n<style type=\"text\/css\" data-created_by=\"avia_inline_auto\" id=\"style-css-av-fh6r4-90313117a469cc5ca4eb30f9c738d0be\">\n.flex_column.av-fh6r4-90313117a469cc5ca4eb30f9c738d0be{\nborder-width:1px;\nborder-color:#e1e1e1;\nborder-style:solid;\nborder-radius:0px 0px 0px 0px;\npadding:20px 20px 20px 20px;\nbackground-color:#fcfcfc;\n}\n<\/style>\n<div  class='flex_column av-fh6r4-90313117a469cc5ca4eb30f9c738d0be av_one_full  avia-builder-el-12  el_after_av_one_half  avia-builder-el-last  first flex_column_div av-animated-generic bottom-to-top  column-top-margin'     ><section  class='av_textblock_section av-85igw-0787289ea04ae15b1a642aaf86f4aad0 '   itemscope=\"itemscope\" itemtype=\"https:\/\/schema.org\/CreativeWork\" ><div class='avia_textblock'  itemprop=\"text\" ><p><strong>LES ATOUTS DE CETTE OPTION<\/strong><\/p>\n<p>Ces modifications permettent une bien meilleure immersion dans le jeu et renforcent l&rsquo;id\u00e9e de fond de la journ\u00e9e. <strong>Elles permettent la liaison avec les r\u00e9flexions que vous pourriez programmer par ailleurs avec vos collaborateurs<\/strong>&#8230;<\/p>\n<p>M\u00eame si ce ne sont que des modifications cosm\u00e9tiques (le sc\u00e9nario n&rsquo;est pas r\u00e9\u00e9crit), elles viennent renforcer le lien avec votre r\u00e9alit\u00e9 du moment, et cela surprend toujours les participants.<\/p>\n<\/div><\/section><\/div>\n","protected":false},"excerpt":{"rendered":"","protected":false},"author":1,"featured_media":0,"parent":460,"menu_order":2,"comment_status":"closed","ping_status":"closed","template":"","meta":{"footnotes":""},"class_list":["post-470","page","type-page","status-publish","hentry"],"_links":{"self":[{"href":"https:\/\/www.mezzoforte.fr\/index.php\/wp-json\/wp\/v2\/pages\/470","targetHints":{"allow":["GET"]}}],"collection":[{"href":"https:\/\/www.mezzoforte.fr\/index.php\/wp-json\/wp\/v2\/pages"}],"about":[{"href":"https:\/\/www.mezzoforte.fr\/index.php\/wp-json\/wp\/v2\/types\/page"}],"author":[{"embeddable":true,"href":"https:\/\/www.mezzoforte.fr\/index.php\/wp-json\/wp\/v2\/users\/1"}],"replies":[{"embeddable":true,"href":"https:\/\/www.mezzoforte.fr\/index.php\/wp-json\/wp\/v2\/comments?post=470"}],"version-history":[{"count":24,"href":"https:\/\/www.mezzoforte.fr\/index.php\/wp-json\/wp\/v2\/pages\/470\/revisions"}],"predecessor-version":[{"id":1569,"href":"https:\/\/www.mezzoforte.fr\/index.php\/wp-json\/wp\/v2\/pages\/470\/revisions\/1569"}],"up":[{"embeddable":true,"href":"https:\/\/www.mezzoforte.fr\/index.php\/wp-json\/wp\/v2\/pages\/460"}],"wp:attachment":[{"href":"https:\/\/www.mezzoforte.fr\/index.php\/wp-json\/wp\/v2\/media?parent=470"}],"curies":[{"name":"wp","href":"https:\/\/api.w.org\/{rel}","templated":true}]}}