{"id":469,"date":"2019-10-11T18:08:12","date_gmt":"2019-10-11T16:08:12","guid":{"rendered":"http:\/\/www.mezzoforte.fr\/?page_id=469"},"modified":"2020-09-01T11:33:18","modified_gmt":"2020-09-01T09:33:18","slug":"escape-game-sur-etagere","status":"publish","type":"page","link":"https:\/\/www.mezzoforte.fr\/index.php\/escape-game\/escape-game-sur-etagere\/","title":{"rendered":"Escape Game \u00ab\u00a0sur \u00e9tag\u00e8re\u00a0\u00bb"},"content":{"rendered":"<div  class='avia-slideshow av-43mosh-005b5de7781c8de2b60c448749618c27 avia-slideshow-featured_large av_slideshow avia-fade-slider  avia-builder-el-0  el_before_av_one_full  avia-builder-el-first  av-slideshow-ui av-control-hidden av-no-slider-navigation av-hide-nav-arrows av-slideshow-autoplay av-loop-endless av-loop-manual-endless av-default-height-applied avia-slideshow-1' data-slideshow-options=\"{&quot;animation&quot;:&quot;fade&quot;,&quot;autoplay&quot;:true,&quot;loop_autoplay&quot;:&quot;endless&quot;,&quot;interval&quot;:3,&quot;loop_manual&quot;:&quot;manual-endless&quot;,&quot;autoplay_stopper&quot;:false,&quot;noNavigation&quot;:true,&quot;bg_slider&quot;:false,&quot;keep_padding&quot;:false,&quot;hoverpause&quot;:false,&quot;show_slide_delay&quot;:0}\"  itemprop=\"image\" itemscope=\"itemscope\" itemtype=\"https:\/\/schema.org\/ImageObject\" ><ul class='avia-slideshow-inner ' style='padding-bottom: 26.666666666667%;'><li  class='avia-slideshow-slide av-43mosh-005b5de7781c8de2b60c448749618c27__0  slide-1 slide-odd'><div data-rel='slideshow-1' class='avia-slide-wrap '   ><img fetchpriority=\"high\" class=\"wp-image-717 avia-img-lazy-loading-not-717\"  src='https:\/\/www.mezzoforte.fr\/wp-content\/uploads\/2019\/11\/Etag\u00e8re-bandeau.jpg' width='1500' height='400' title='' alt=''  itemprop=\"thumbnailUrl\"   \/><\/div><\/li><li  class='avia-slideshow-slide av-43mosh-005b5de7781c8de2b60c448749618c27__1  slide-2 slide-even'><div data-rel='slideshow-1' class='avia-slide-wrap '   ><img fetchpriority=\"high\" class=\"wp-image-720 avia-img-lazy-loading-not-720\"  src='https:\/\/www.mezzoforte.fr\/wp-content\/uploads\/2019\/11\/PC-cadenas-bandeau.jpg' width='1500' height='399' title='' alt=''  itemprop=\"thumbnailUrl\"   \/><\/div><\/li><li  class='avia-slideshow-slide av-43mosh-005b5de7781c8de2b60c448749618c27__2  slide-3 slide-odd'><div data-rel='slideshow-1' class='avia-slide-wrap '   ><img fetchpriority=\"high\" class=\"wp-image-722 avia-img-lazy-loading-not-722\"  src='https:\/\/www.mezzoforte.fr\/wp-content\/uploads\/2019\/11\/D\u00e9s-bandeau.jpg' width='1500' height='400' title='' alt=''  itemprop=\"thumbnailUrl\"   \/><\/div><\/li><\/ul><div class='avia-slideshow-arrows avia-slideshow-controls' ><a href='#prev' class='prev-slide ' aria-hidden='true' data-av_icon='\ue87c' data-av_iconfont='entypo-fontello'  tabindex='-1'>Pr\u00e9c\u00e9dent<\/a><a href='#next' class='next-slide ' aria-hidden='true' data-av_icon='\ue87d' data-av_iconfont='entypo-fontello'  tabindex='-1'>Suivant<\/a><\/div><\/div>\n\n<style type=\"text\/css\" data-created_by=\"avia_inline_auto\" id=\"style-css-av-3fsx5t-3371ee273d64417d9b966bde5393cdca\">\n#top .flex_column.av-3fsx5t-3371ee273d64417d9b966bde5393cdca{\nmargin-top:0px;\nmargin-bottom:0px;\n}\n.flex_column.av-3fsx5t-3371ee273d64417d9b966bde5393cdca{\nborder-radius:0px 0px 0px 0px;\npadding:0px 0px 0px 0px;\n}\n.responsive #top #wrap_all .flex_column.av-3fsx5t-3371ee273d64417d9b966bde5393cdca{\nmargin-top:0px;\nmargin-bottom:0px;\n}\n<\/style>\n<div  class='flex_column av-3fsx5t-3371ee273d64417d9b966bde5393cdca av_one_full  avia-builder-el-1  el_after_av_slideshow  el_before_av_one_full  first flex_column_div av-animated-generic bottom-to-top av-zero-column-padding  '     ><p>\n<style type=\"text\/css\" data-created_by=\"avia_inline_auto\" id=\"style-css-av-kejr7jl5-652f2a037e5c0be8e0ead3df7b37bf10\">\n#top .av-special-heading.av-kejr7jl5-652f2a037e5c0be8e0ead3df7b37bf10{\npadding-bottom:0;\n}\nbody .av-special-heading.av-kejr7jl5-652f2a037e5c0be8e0ead3df7b37bf10 .av-special-heading-tag .heading-char{\nfont-size:25px;\n}\n.av-special-heading.av-kejr7jl5-652f2a037e5c0be8e0ead3df7b37bf10 .av-subheading{\nfont-size:15px;\n}\n<\/style>\n<div  class='av-special-heading av-kejr7jl5-652f2a037e5c0be8e0ead3df7b37bf10 av-special-heading-h2 blockquote modern-quote  avia-builder-el-2  el_before_av_hr  avia-builder-el-first '><h2 class='av-special-heading-tag '  itemprop=\"headline\"  >Escape Game \u00ab\u00a0standard\u00a0\u00bb chez vous<\/h2><div class=\"special-heading-border\"><div class=\"special-heading-inner-border\"><\/div><\/div><\/div><br \/>\n\n<style type=\"text\/css\" data-created_by=\"avia_inline_auto\" id=\"style-css-av-334tep-e5ccdaddbf5ab79e4450839a006048cf\">\n#top .hr.av-334tep-e5ccdaddbf5ab79e4450839a006048cf{\nmargin-top:10px;\nmargin-bottom:10px;\n}\n.hr.av-334tep-e5ccdaddbf5ab79e4450839a006048cf .hr-inner{\nwidth:50px;\nborder-color:#efbb20;\n}\n<\/style>\n<div  class='hr av-334tep-e5ccdaddbf5ab79e4450839a006048cf hr-custom  avia-builder-el-3  el_after_av_heading  avia-builder-el-last  hr-left hr-icon-no'><span class='hr-inner inner-border-av-border-fat'><span class=\"hr-inner-style\"><\/span><\/span><\/div><\/p><\/div>\n<style type=\"text\/css\" data-created_by=\"avia_inline_auto\" id=\"style-css-av-ka2i2rs2-776fea5a726d73be970cf35c5978677d\">\n.flex_column.av-ka2i2rs2-776fea5a726d73be970cf35c5978677d{\nborder-radius:0px 0px 0px 0px;\npadding:0px 0px 0px 0px;\n}\n<\/style>\n<div  class='flex_column av-ka2i2rs2-776fea5a726d73be970cf35c5978677d av_one_full  avia-builder-el-4  el_after_av_one_full  el_before_av_one_full  first flex_column_div av-animated-generic bottom-to-top av-zero-column-padding  column-top-margin'     ><p><section  class='av_textblock_section av-k3k19kkv-10bdee6f2288368c3aee7e54069de398 '   itemscope=\"itemscope\" itemtype=\"https:\/\/schema.org\/CreativeWork\" ><div class='avia_textblock'  itemprop=\"text\" ><p><strong>IDEAL POUR UNE ACTION DE TEAM BUILDING !<\/strong><\/p>\n<p>D\u00e9di\u00e9e aux Entreprises, cette solution standard est utilisable telle quelle.<br \/>\nC&rsquo;est la version la plus vendue \u00e0 ce jour, et <strong>son taux de r\u00e9ussite est d&rsquo;environ 50%<\/strong> (il faut qu&rsquo;au del\u00e0 du plaisir de jouer, les \u00e9quipes aient de r\u00e9elles chances de remplir leur mission)&#8230;<\/p>\n<\/div><\/section><br \/>\n\n<style type=\"text\/css\" data-created_by=\"avia_inline_auto\" id=\"style-css-av-k5p63fdh-aa9e4e98b1e1eb4911ebbc96766f0403\">\n#top .hr.hr-invisible.av-k5p63fdh-aa9e4e98b1e1eb4911ebbc96766f0403{\nheight:50px;\n}\n<\/style>\n<div  class='hr av-k5p63fdh-aa9e4e98b1e1eb4911ebbc96766f0403 hr-invisible  avia-builder-el-6  el_after_av_textblock  el_before_av_textblock '><span class='hr-inner '><span class=\"hr-inner-style\"><\/span><\/span><\/div><br \/>\n<section  class='av_textblock_section av-ka2hvzlv-611e2df1b1cd0b03b00275c9d52cbae4 '   itemscope=\"itemscope\" itemtype=\"https:\/\/schema.org\/CreativeWork\" ><div class='avia_textblock'  itemprop=\"text\" ><p style=\"text-align: center;\"><iframe loading=\"lazy\" src=\"https:\/\/www.youtube.com\/embed\/nwc2LV0N0vE\" width=\"560\" height=\"315\" frameborder=\"0\" allowfullscreen=\"allowfullscreen\"><\/iframe><\/p>\n<\/div><\/section><\/p><\/div><\/p>\n\n<style type=\"text\/css\" data-created_by=\"avia_inline_auto\" id=\"style-css-av-294iz5-d3f12a5e17c114a508314e2eabd8c585\">\n.flex_column.av-294iz5-d3f12a5e17c114a508314e2eabd8c585{\nborder-radius:0px 0px 0px 0px;\npadding:0px 0px 0px 0px;\n}\n<\/style>\n<div  class='flex_column av-294iz5-d3f12a5e17c114a508314e2eabd8c585 av_one_full  avia-builder-el-8  el_after_av_one_full  el_before_av_hr  first flex_column_div av-animated-generic bottom-to-top av-zero-column-padding  column-top-margin'     ><div  class='togglecontainer av-25brd5-4427cb0e312c48b5ba7682c6a5b00dc5  avia-builder-el-9  avia-builder-el-no-sibling ' >\n<section class='av_toggle_section av-rafn9-b6296424d7db35b22d69d6b2ac160d5c'  itemscope=\"itemscope\" itemtype=\"https:\/\/schema.org\/CreativeWork\" ><div role=\"tablist\" class=\"single_toggle\" data-tags=\"{Tout} \"  ><p id='toggle-toggle-id-1' data-fake-id='#toggle-id-1' class='toggler  av-title-above '  itemprop=\"headline\"  role='tab' tabindex='0' aria-controls='toggle-id-1' data-slide-speed=\"200\" data-title=\"Les bienfaits d\u2019un Escape Game en entreprise ?\" data-title-open=\"\" data-aria_collapsed=\"Click to expand: Les bienfaits d\u2019un Escape Game en entreprise ?\" data-aria_expanded=\"Click to collapse: Les bienfaits d\u2019un Escape Game en entreprise ?\">Les bienfaits d\u2019un Escape Game en entreprise ?<span class=\"toggle_icon\"><span class=\"vert_icon\"><\/span><span class=\"hor_icon\"><\/span><\/span><\/p><div id='toggle-id-1' aria-labelledby='toggle-toggle-id-1' role='region' class='toggle_wrap  av-title-above'  ><div class='toggle_content invers-color '  itemprop=\"text\" ><p>Nos jeux &#038; \u00e9nigmes sont con\u00e7us de mani\u00e8re \u00e0 <strong>mettre en avant des comp\u00e9tences essentielles<\/strong> au sein de votre structure :<br \/>\n&#8211; communication<br \/>\n&#8211; collaboration<br \/>\n&#8211; coh\u00e9sion d\u2019\u00e9quipe<br \/>\n&#8211; d\u00e9veloppement de la performance collective<\/p>\n<\/div><\/div><\/div><\/section>\n<section class='av_toggle_section av-7tosl-40521be832ab27a3a630fbdf2ddb1436'  itemscope=\"itemscope\" itemtype=\"https:\/\/schema.org\/CreativeWork\" ><div role=\"tablist\" class=\"single_toggle\" data-tags=\"{Tout} \"  ><p id='toggle-toggle-id-2' data-fake-id='#toggle-id-2' class='toggler  av-title-above '  itemprop=\"headline\"  role='tab' tabindex='0' aria-controls='toggle-id-2' data-slide-speed=\"200\" data-title=\"100% mobile !\" data-title-open=\"\" data-aria_collapsed=\"Click to expand: 100% mobile !\" data-aria_expanded=\"Click to collapse: 100% mobile !\">100% mobile !<span class=\"toggle_icon\"><span class=\"vert_icon\"><\/span><span class=\"hor_icon\"><\/span><\/span><\/p><div id='toggle-id-2' aria-labelledby='toggle-toggle-id-2' role='region' class='toggle_wrap  av-title-above'  ><div class='toggle_content invers-color '  itemprop=\"text\" ><p>Pas besoin de d\u00e9placer vos \u00e9quipes, <strong>c&rsquo;est la totalit\u00e9 de l&rsquo;Escape Game qui vient \u00e0 vous dans le lieu de votre choix<\/strong>.<br \/>\nCela peut \u00eatre mis en place dans vos locaux, sur un lieu de s\u00e9minaire ou dans une salle de r\u00e9union.<\/p>\n<\/div><\/div><\/div><\/section>\n<section class='av_toggle_section av-eshcd-6aefe7387376a9d138c54e124e6552b6'  itemscope=\"itemscope\" itemtype=\"https:\/\/schema.org\/CreativeWork\" ><div role=\"tablist\" class=\"single_toggle\" data-tags=\"{Tout} \"  ><p id='toggle-toggle-id-3' data-fake-id='#toggle-id-3' class='toggler  av-title-above '  itemprop=\"headline\"  role='tab' tabindex='0' aria-controls='toggle-id-3' data-slide-speed=\"200\" data-title=\"Mise en oeuvre\" data-title-open=\"\" data-aria_collapsed=\"Click to expand: Mise en oeuvre\" data-aria_expanded=\"Click to collapse: Mise en oeuvre\">Mise en oeuvre<span class=\"toggle_icon\"><span class=\"vert_icon\"><\/span><span class=\"hor_icon\"><\/span><\/span><\/p><div id='toggle-id-3' aria-labelledby='toggle-toggle-id-3' role='region' class='toggle_wrap  av-title-above'  ><div class='toggle_content invers-color '  itemprop=\"text\" ><p>> 1h30 d&rsquo;installation<\/p>\n<p>> une salle suffisamment \u00e0 l&rsquo;\u00e9cart \u00e0 cause des ambiances sonores<br \/>\n> 4 tables et 4 chaises<br \/>\n> la possibilit\u00e9 de mettre des affiches au mur<\/p>\n<p>> des \u00e9quipes de 3 \u00e0 5 personnes<br \/>\n> 5 groupes maximum par journ\u00e9e<\/p>\n<\/div><\/div><\/div><\/section>\n<\/div><\/div>\n\n<style type=\"text\/css\" data-created_by=\"avia_inline_auto\" id=\"style-css-av-k5p63fdh-aa9e4e98b1e1eb4911ebbc96766f0403\">\n#top .hr.hr-invisible.av-k5p63fdh-aa9e4e98b1e1eb4911ebbc96766f0403{\nheight:50px;\n}\n<\/style>\n<div  class='hr av-k5p63fdh-aa9e4e98b1e1eb4911ebbc96766f0403 hr-invisible  avia-builder-el-10  el_after_av_one_full  el_before_av_one_half '><span class='hr-inner '><span class=\"hr-inner-style\"><\/span><\/span><\/div>\n\n<style type=\"text\/css\" data-created_by=\"avia_inline_auto\" id=\"style-css-av-1cip9d-7a19a07323c95df97a214b4c81cd3d53\">\n.flex_column.av-1cip9d-7a19a07323c95df97a214b4c81cd3d53{\nborder-radius:0px 0px 0px 0px;\npadding:0px 0px 0px 0px;\n}\n<\/style>\n<div  class='flex_column av-1cip9d-7a19a07323c95df97a214b4c81cd3d53 av_one_half  avia-builder-el-11  el_after_av_hr  el_before_av_one_half  first flex_column_div av-animated-generic bottom-to-top av-zero-column-padding  '     ><p>\n<style type=\"text\/css\" data-created_by=\"avia_inline_auto\" id=\"style-css-av-k5wro09i-8a00bef904bbaf51ddfbcfbe8bb406e4\">\n#top .av-special-heading.av-k5wro09i-8a00bef904bbaf51ddfbcfbe8bb406e4{\npadding-bottom:0;\n}\nbody .av-special-heading.av-k5wro09i-8a00bef904bbaf51ddfbcfbe8bb406e4 .av-special-heading-tag .heading-char{\nfont-size:25px;\n}\n.av-special-heading.av-k5wro09i-8a00bef904bbaf51ddfbcfbe8bb406e4 .av-subheading{\nfont-size:15px;\n}\n<\/style>\n<div  class='av-special-heading av-k5wro09i-8a00bef904bbaf51ddfbcfbe8bb406e4 av-special-heading-h2 blockquote modern-quote  avia-builder-el-12  el_before_av_hr  avia-builder-el-first '><h2 class='av-special-heading-tag '  itemprop=\"headline\"  >Et vous allez vivre quoi ?<\/h2><div class=\"special-heading-border\"><div class=\"special-heading-inner-border\"><\/div><\/div><\/div><br \/>\n\n<style type=\"text\/css\" data-created_by=\"avia_inline_auto\" id=\"style-css-av-3th5t-27de0bfb2c31b0e78e67e27cbcad118d\">\n#top .hr.av-3th5t-27de0bfb2c31b0e78e67e27cbcad118d{\nmargin-top:10px;\nmargin-bottom:10px;\n}\n.hr.av-3th5t-27de0bfb2c31b0e78e67e27cbcad118d .hr-inner{\nwidth:50px;\nborder-color:#efbb20;\n}\n<\/style>\n<div  class='hr av-3th5t-27de0bfb2c31b0e78e67e27cbcad118d hr-custom  avia-builder-el-13  el_after_av_heading  el_before_av_textblock  hr-left hr-icon-no'><span class='hr-inner inner-border-av-border-fat'><span class=\"hr-inner-style\"><\/span><\/span><\/div><br \/>\n<section  class='av_textblock_section av-vtweh-51c019badc5407027a8835db1f7d28dd '   itemscope=\"itemscope\" itemtype=\"https:\/\/schema.org\/CreativeWork\" ><div class='avia_textblock'  itemprop=\"text\" ><p><strong>L&rsquo;HISTOIRE<\/strong><\/p>\n<p>Les donn\u00e9es de votre entreprise ont \u00e9t\u00e9 pirat\u00e9es et le hacker r\u00e9clame 25 millions de dollars pour lib\u00e9rer les datas qu\u2019il a encod\u00e9es sur les serveurs.<br \/>\nVous avez \u00e9t\u00e9 missionn\u00e9 par votre DSI pour mettre la main sur l\u2019antivirus.<br \/>\nVous n\u2019aurez qu\u2019une heure pour :<\/p>\n<blockquote>\n<p>&#8211; trouver la localisation du hacker<br \/>\n&#8211; pirater son mat\u00e9riel afin d\u2019obtenir le code de l\u2019antivirus<br \/>\n&#8211; et trouver ce dernier pour le lancer.<\/p>\n<\/blockquote>\n<\/div><\/section><\/p><\/div>\n\n<style type=\"text\/css\" data-created_by=\"avia_inline_auto\" id=\"style-css-av-2gtm9-575879618e846f759644d9c36c4a0225\">\n.flex_column.av-2gtm9-575879618e846f759644d9c36c4a0225{\nborder-radius:0px 0px 0px 0px;\npadding:0px 0px 0px 0px;\n}\n<\/style>\n<div  class='flex_column av-2gtm9-575879618e846f759644d9c36c4a0225 av_one_half  avia-builder-el-15  el_after_av_one_half  el_before_av_one_full  flex_column_div av-animated-generic bottom-to-top av-zero-column-padding  '     ><p>\n<style type=\"text\/css\" data-created_by=\"avia_inline_auto\" id=\"style-css-av-k3k1zi25-139fa2bebe67158459ac9aa4c4a2ca39\">\n.avia-image-container.av-k3k1zi25-139fa2bebe67158459ac9aa4c4a2ca39 img.avia_image{\nbox-shadow:none;\n}\n.avia-image-container.av-k3k1zi25-139fa2bebe67158459ac9aa4c4a2ca39 .av-image-caption-overlay-center{\ncolor:#ffffff;\n}\n<\/style>\n<div  class='avia-image-container av-k3k1zi25-139fa2bebe67158459ac9aa4c4a2ca39 av-styling- avia-align-center  avia-builder-el-16  el_before_av_image  avia-builder-el-first  av-has-copyright av-copyright-icon-reveal'   itemprop=\"image\" itemscope=\"itemscope\" itemtype=\"https:\/\/schema.org\/ImageObject\" ><div class=\"avia-image-container-inner\"><div class=\"avia-image-overlay-wrap\"><img fetchpriority=\"high\" class='wp-image-859 avia-img-lazy-loading-not-859 avia_image ' src='https:\/\/www.mezzoforte.fr\/wp-content\/uploads\/2019\/11\/PC-cadenas-carr\u00e9.jpg' alt='' title=''  height=\"1200\" width=\"1200\"  itemprop=\"thumbnailUrl\"  \/><\/div><small class=\"avia-copyright\">Image sous licence CC0 - pxhere.com<\/small><\/div><\/div><br \/>\n\n<style type=\"text\/css\" data-created_by=\"avia_inline_auto\" id=\"style-css-av-k1mhd-fedd113791e3df606c821e7495c97e97\">\n.avia-image-container.av-k1mhd-fedd113791e3df606c821e7495c97e97 img.avia_image{\nbox-shadow:none;\n}\n.avia-image-container.av-k1mhd-fedd113791e3df606c821e7495c97e97 .av-image-caption-overlay-center{\ncolor:#ffffff;\n}\n<\/style>\n<div  class='avia-image-container av-k1mhd-fedd113791e3df606c821e7495c97e97 av-styling-no-styling avia-align-center  avia-builder-el-17  el_after_av_image  avia-builder-el-last '   itemprop=\"image\" itemscope=\"itemscope\" itemtype=\"https:\/\/schema.org\/ImageObject\" ><div class=\"avia-image-container-inner\"><div class=\"avia-image-overlay-wrap\"><img fetchpriority=\"high\" class='wp-image- avia-img-lazy-loading-not- avia_image ' src='http:\/\/www.mezzoforte.fr\/wp-content\/uploads\/2019\/11\/Clavier-PC-Cadenas-2.jpg' alt='' title=''   itemprop=\"thumbnailUrl\"  \/><\/div><\/div><\/div><\/p><\/div>\n\n<style type=\"text\/css\" data-created_by=\"avia_inline_auto\" id=\"style-css-av-cu0sx-498e859100cd82ab8bb68359bac72617\">\n.flex_column.av-cu0sx-498e859100cd82ab8bb68359bac72617{\nborder-width:1px;\nborder-color:#e1e1e1;\nborder-style:solid;\nborder-radius:0px 0px 0px 0px;\npadding:20px 20px 20px 20px;\nbackground-color:#fcfcfc;\n}\n<\/style>\n<div  class='flex_column av-cu0sx-498e859100cd82ab8bb68359bac72617 av_one_full  avia-builder-el-18  el_after_av_one_half  avia-builder-el-last  first flex_column_div av-animated-generic bottom-to-top  column-top-margin'     ><p><section  class='av_textblock_section av-6y8kp-a9c4a868393020ce9aad13dca5df20b0 '   itemscope=\"itemscope\" itemtype=\"https:\/\/schema.org\/CreativeWork\" ><div class='avia_textblock'  itemprop=\"text\" ><p><strong>COMMENT CA MARCHE ?<\/strong><\/p>\n<p style=\"text-align: left;\">Une succession d\u2019\u00e9nigmes tr\u00e8s vari\u00e9es (attention\u2026 chaque seconde compte !), ludiques et coh\u00e9sives, similaires \u00e0 celles d\u2019un escape game traditionnel :<br \/>\n> fouille &#8211; observation &#8211; manipulations &#8211; r\u00e9flexion &#8211; cadenas &#8211; ambiances &#8211; etc&#8230;<br \/>\nUne course contre la montre qui ne pourra \u00eatre remport\u00e9e qu\u2019en conjuguant tous les talents des membres de l\u2019\u00e9quipe !<\/p>\n<\/div><\/section><br \/>\n\n<style type=\"text\/css\" data-created_by=\"avia_inline_auto\" id=\"style-css-av-k3k83e8e-0140e4947fa8966fb3e0e8593f3262c6\">\n.avia-image-container.av-k3k83e8e-0140e4947fa8966fb3e0e8593f3262c6 img.avia_image{\nbox-shadow:none;\n}\n.avia-image-container.av-k3k83e8e-0140e4947fa8966fb3e0e8593f3262c6 .av-image-caption-overlay-center{\ncolor:#ffffff;\n}\n<\/style>\n<div  class='avia-image-container av-k3k83e8e-0140e4947fa8966fb3e0e8593f3262c6 av-styling- avia-align-center  avia-builder-el-20  el_after_av_textblock  avia-builder-el-last  av-has-copyright av-copyright-icon-reveal'   itemprop=\"image\" itemscope=\"itemscope\" itemtype=\"https:\/\/schema.org\/ImageObject\" ><div class=\"avia-image-container-inner\"><div class=\"avia-image-overlay-wrap\"><img fetchpriority=\"high\" class='wp-image-866 avia-img-lazy-loading-not-866 avia_image ' src='https:\/\/www.mezzoforte.fr\/wp-content\/uploads\/2019\/11\/Principe-sombre.jpg' alt='' title=''  height=\"881\" width=\"1292\"  itemprop=\"thumbnailUrl\"  \/><\/div><small class=\"avia-copyright\">Droits r\u00e9serv\u00e9s Mezzoforte<\/small><\/div><\/div><\/p><\/div>\n","protected":false},"excerpt":{"rendered":"","protected":false},"author":1,"featured_media":0,"parent":460,"menu_order":1,"comment_status":"closed","ping_status":"closed","template":"","meta":{"footnotes":""},"class_list":["post-469","page","type-page","status-publish","hentry"],"_links":{"self":[{"href":"https:\/\/www.mezzoforte.fr\/index.php\/wp-json\/wp\/v2\/pages\/469","targetHints":{"allow":["GET"]}}],"collection":[{"href":"https:\/\/www.mezzoforte.fr\/index.php\/wp-json\/wp\/v2\/pages"}],"about":[{"href":"https:\/\/www.mezzoforte.fr\/index.php\/wp-json\/wp\/v2\/types\/page"}],"author":[{"embeddable":true,"href":"https:\/\/www.mezzoforte.fr\/index.php\/wp-json\/wp\/v2\/users\/1"}],"replies":[{"embeddable":true,"href":"https:\/\/www.mezzoforte.fr\/index.php\/wp-json\/wp\/v2\/comments?post=469"}],"version-history":[{"count":32,"href":"https:\/\/www.mezzoforte.fr\/index.php\/wp-json\/wp\/v2\/pages\/469\/revisions"}],"predecessor-version":[{"id":1568,"href":"https:\/\/www.mezzoforte.fr\/index.php\/wp-json\/wp\/v2\/pages\/469\/revisions\/1568"}],"up":[{"embeddable":true,"href":"https:\/\/www.mezzoforte.fr\/index.php\/wp-json\/wp\/v2\/pages\/460"}],"wp:attachment":[{"href":"https:\/\/www.mezzoforte.fr\/index.php\/wp-json\/wp\/v2\/media?parent=469"}],"curies":[{"name":"wp","href":"https:\/\/api.w.org\/{rel}","templated":true}]}}