{"id":460,"date":"2019-10-11T17:48:01","date_gmt":"2019-10-11T15:48:01","guid":{"rendered":"http:\/\/www.mezzoforte.fr\/?page_id=460"},"modified":"2020-09-01T11:29:48","modified_gmt":"2020-09-01T09:29:48","slug":"escape-game","status":"publish","type":"page","link":"https:\/\/www.mezzoforte.fr\/index.php\/escape-game\/","title":{"rendered":"Escape Game"},"content":{"rendered":"\n<style type=\"text\/css\" data-created_by=\"avia_inline_auto\" id=\"style-css-av-kejr3185-e89c3e72e846c005db67069078baa987\">\n#top .av-special-heading.av-kejr3185-e89c3e72e846c005db67069078baa987{\npadding-bottom:0;\n}\nbody .av-special-heading.av-kejr3185-e89c3e72e846c005db67069078baa987 .av-special-heading-tag .heading-char{\nfont-size:25px;\n}\n.av-special-heading.av-kejr3185-e89c3e72e846c005db67069078baa987 .av-subheading{\nfont-size:15px;\n}\n<\/style>\n<div  class='av-special-heading av-kejr3185-e89c3e72e846c005db67069078baa987 av-special-heading-h2 blockquote modern-quote modern-centered  avia-builder-el-0  el_before_av_hr  avia-builder-el-first '><h2 class='av-special-heading-tag '  itemprop=\"headline\"  >Nos Escape Games chez vous !<\/h2><div class=\"special-heading-border\"><div class=\"special-heading-inner-border\"><\/div><\/div><\/div>\n\n<style type=\"text\/css\" data-created_by=\"avia_inline_auto\" id=\"style-css-av-j0znx-772505cfe6f438deee1b7b86e482cdbe\">\n#top .hr.av-j0znx-772505cfe6f438deee1b7b86e482cdbe{\nmargin-top:5px;\nmargin-bottom:35px;\n}\n.hr.av-j0znx-772505cfe6f438deee1b7b86e482cdbe .hr-inner{\nwidth:50px;\nborder-color:#efbb20;\n}\n<\/style>\n<div  class='hr av-j0znx-772505cfe6f438deee1b7b86e482cdbe hr-custom  avia-builder-el-1  el_after_av_heading  el_before_av_one_full  hr-center hr-icon-no'><span class='hr-inner inner-border-av-border-fat'><span class=\"hr-inner-style\"><\/span><\/span><\/div>\n\n<style type=\"text\/css\" data-created_by=\"avia_inline_auto\" id=\"style-css-av-lupcc-a431c700034291814419bda0334effad\">\n.flex_column.av-lupcc-a431c700034291814419bda0334effad{\nborder-radius:0px 0px 0px 0px;\npadding:0px 0px 0px 0px;\n}\n<\/style>\n<div  class='flex_column av-lupcc-a431c700034291814419bda0334effad av_one_full  avia-builder-el-2  el_after_av_hr  el_before_av_one_half  first flex_column_div av-zero-column-padding  '     ><style type=\"text\/css\" data-created_by=\"avia_inline_auto\" id=\"style-css-av-k5fcpg82-8604621daf3705a8a7dea3089f8d7da9\">\n#top .av-special-heading.av-k5fcpg82-8604621daf3705a8a7dea3089f8d7da9{\npadding-bottom:0;\ncolor:#512179;\n}\nbody .av-special-heading.av-k5fcpg82-8604621daf3705a8a7dea3089f8d7da9 .av-special-heading-tag .heading-char{\nfont-size:25px;\n}\n.av-special-heading.av-k5fcpg82-8604621daf3705a8a7dea3089f8d7da9 .special-heading-inner-border{\nborder-color:#512179;\n}\n.av-special-heading.av-k5fcpg82-8604621daf3705a8a7dea3089f8d7da9 .av-subheading{\nfont-size:15px;\n}\n<\/style>\n<div  class='av-special-heading av-k5fcpg82-8604621daf3705a8a7dea3089f8d7da9 av-special-heading-h3 custom-color-heading  avia-builder-el-3  avia-builder-el-no-sibling '><h3 class='av-special-heading-tag '  itemprop=\"headline\"  >1 &#8211; Escape Game \u00ab\u00a0sur \u00e9tag\u00e8re\u00a0\u00bb<\/h3><div class=\"special-heading-border\"><div class=\"special-heading-inner-border\"><\/div><\/div><\/div><\/div>\n\n<style type=\"text\/css\" data-created_by=\"avia_inline_auto\" id=\"style-css-av-12f0xo-4fffc60f25d273ba855f1fd1f0a8743e\">\n.flex_column.av-12f0xo-4fffc60f25d273ba855f1fd1f0a8743e{\nborder-radius:0px 0px 0px 0px;\npadding:0px 0px 0px 0px;\n}\n<\/style>\n<div  class='flex_column av-12f0xo-4fffc60f25d273ba855f1fd1f0a8743e av_one_half  avia-builder-el-4  el_after_av_one_full  el_before_av_one_half  first flex_column_div av-animated-generic bottom-to-top av-zero-column-padding  column-top-margin'     ><p><section  class='av_textblock_section av-k3ri70ov-df2453902f30bf6d13970e499564510f '   itemscope=\"itemscope\" itemtype=\"https:\/\/schema.org\/CreativeWork\" ><div class='avia_textblock'  itemprop=\"text\" ><p>C\u2019est la\u00a0<strong>solution standard<\/strong>, celle qui est utilisable telle quelle, sans aucune adaptation.<br \/>\nC\u2019est aussi la version la plus vendue et \u00e0 ce jour, son taux de r\u00e9ussite est d\u2019environ 50%.<\/p>\n<\/div><\/section><br \/>\n<div  class='avia-button-wrap av-k3rib1c2-cec270306b3b57819241f99ba5801ed0-wrap avia-button-center  avia-builder-el-6  el_after_av_textblock  avia-builder-el-last '>\n<style type=\"text\/css\" data-created_by=\"avia_inline_auto\" id=\"style-css-av-k3rib1c2-cec270306b3b57819241f99ba5801ed0\">\n#top #wrap_all .avia-button.av-k3rib1c2-cec270306b3b57819241f99ba5801ed0{\nbackground-color:#512179;\nborder-color:#512179;\ncolor:#ffffff;\ntransition:all 0.4s ease-in-out;\n}\n<\/style>\n<a href='https:\/\/www.mezzoforte.fr\/index.php\/escape-game\/escape-game-sur-etagere\/'  class='avia-button av-k3rib1c2-cec270306b3b57819241f99ba5801ed0 av-link-btn avia-icon_select-no avia-size-small avia-position-center'   aria-label=\"En savoir +\"><span class='avia_iconbox_title' >En savoir +<\/span><\/a><\/div><\/p><\/div>\n\n<style type=\"text\/css\" data-created_by=\"avia_inline_auto\" id=\"style-css-av-z08es-3e25b84e30e8db66eccec4dbb2ea79c6\">\n.flex_column.av-z08es-3e25b84e30e8db66eccec4dbb2ea79c6{\nborder-radius:0px 0px 0px 0px;\npadding:0px 0px 0px 0px;\n}\n<\/style>\n<div  class='flex_column av-z08es-3e25b84e30e8db66eccec4dbb2ea79c6 av_one_half  avia-builder-el-7  el_after_av_one_half  el_before_av_one_full  flex_column_div av-zero-column-padding  column-top-margin'     ><style type=\"text\/css\" data-created_by=\"avia_inline_auto\" id=\"style-css-av-k3ri7heq-59bf18760c9f286613f609e8e1c6c701\">\n.avia-image-container.av-k3ri7heq-59bf18760c9f286613f609e8e1c6c701 img.avia_image{\nbox-shadow:none;\n}\n.avia-image-container.av-k3ri7heq-59bf18760c9f286613f609e8e1c6c701 .av-image-caption-overlay-center{\ncolor:#ffffff;\n}\n<\/style>\n<div  class='avia-image-container av-k3ri7heq-59bf18760c9f286613f609e8e1c6c701 av-styling- avia_animated_image av-animated-when-visible-95 bottom-to-top avia-align-center  avia-builder-el-8  avia-builder-el-no-sibling  av-has-copyright av-copyright-icon-reveal'   itemprop=\"image\" itemscope=\"itemscope\" itemtype=\"https:\/\/schema.org\/ImageObject\" ><div class=\"avia-image-container-inner\"><div class=\"avia-image-overlay-wrap\"><img fetchpriority=\"high\" class='wp-image-1126 avia-img-lazy-loading-not-1126 avia_image ' src='https:\/\/www.mezzoforte.fr\/wp-content\/uploads\/2020\/01\/Meilleure-vente-EG.jpg' alt='' title=''  height=\"644\" width=\"967\"  itemprop=\"thumbnailUrl\"  \/><\/div><small class=\"avia-copyright\">Image sous licence CC0 - Pixabay.com<\/small><\/div><\/div><\/div>\n\n<style type=\"text\/css\" data-created_by=\"avia_inline_auto\" id=\"style-css-av-lupcc-a431c700034291814419bda0334effad\">\n.flex_column.av-lupcc-a431c700034291814419bda0334effad{\nborder-radius:0px 0px 0px 0px;\npadding:0px 0px 0px 0px;\n}\n<\/style>\n<div  class='flex_column av-lupcc-a431c700034291814419bda0334effad av_one_full  avia-builder-el-9  el_after_av_one_half  el_before_av_one_half  first flex_column_div av-zero-column-padding  column-top-margin'     ><style type=\"text\/css\" data-created_by=\"avia_inline_auto\" id=\"style-css-av-k5fcplds-871ce499ed35ae95fa5d3550410873d2\">\n#top .av-special-heading.av-k5fcplds-871ce499ed35ae95fa5d3550410873d2{\npadding-bottom:0;\ncolor:#512179;\n}\nbody .av-special-heading.av-k5fcplds-871ce499ed35ae95fa5d3550410873d2 .av-special-heading-tag .heading-char{\nfont-size:25px;\n}\n.av-special-heading.av-k5fcplds-871ce499ed35ae95fa5d3550410873d2 .special-heading-inner-border{\nborder-color:#512179;\n}\n.av-special-heading.av-k5fcplds-871ce499ed35ae95fa5d3550410873d2 .av-subheading{\nfont-size:15px;\n}\n<\/style>\n<div  class='av-special-heading av-k5fcplds-871ce499ed35ae95fa5d3550410873d2 av-special-heading-h3 custom-color-heading  avia-builder-el-10  avia-builder-el-no-sibling '><h3 class='av-special-heading-tag '  itemprop=\"headline\"  >2 &#8211; Escape Game personnalis\u00e9<\/h3><div class=\"special-heading-border\"><div class=\"special-heading-inner-border\"><\/div><\/div><\/div><\/div>\n\n<style type=\"text\/css\" data-created_by=\"avia_inline_auto\" id=\"style-css-av-qpuwc-65dc32f29bf3acb11fbd0a724dfd2750\">\n.flex_column.av-qpuwc-65dc32f29bf3acb11fbd0a724dfd2750{\nborder-radius:0px 0px 0px 0px;\npadding:0px 0px 0px 0px;\n}\n<\/style>\n<div  class='flex_column av-qpuwc-65dc32f29bf3acb11fbd0a724dfd2750 av_one_half  avia-builder-el-11  el_after_av_one_full  el_before_av_one_half  first flex_column_div av-animated-generic bottom-to-top av-zero-column-padding  column-top-margin'     ><p><section  class='av_textblock_section av-k3ri70ov-df2453902f30bf6d13970e499564510f '   itemscope=\"itemscope\" itemtype=\"https:\/\/schema.org\/CreativeWork\" ><div class='avia_textblock'  itemprop=\"text\" ><p>Cette option\u00a0<strong>permet d\u2019adapter\u00a0<\/strong><strong>le support<\/strong>\u00a0\u00e0 votre univers professionnel :<br \/>\n\u2013 utilisation de votre identit\u00e9 graphique<br \/>\n\u2013 adaptation du contexte \u00e0 votre r\u00e9alit\u00e9 d&rsquo;entreprise<br \/>\n\u2013 invention d\u2019une histoire en lien avec vos th\u00e9matiques du moment<\/p>\n<\/div><\/section><br \/>\n<div  class='avia-button-wrap av-k3rib1c2-b5a8c6804b21ac73db61e41eb403c5ee-wrap avia-button-center  avia-builder-el-13  el_after_av_textblock  avia-builder-el-last '>\n<style type=\"text\/css\" data-created_by=\"avia_inline_auto\" id=\"style-css-av-k3rib1c2-b5a8c6804b21ac73db61e41eb403c5ee\">\n#top #wrap_all .avia-button.av-k3rib1c2-b5a8c6804b21ac73db61e41eb403c5ee{\nbackground-color:#512179;\nborder-color:#512179;\ncolor:#ffffff;\ntransition:all 0.4s ease-in-out;\n}\n<\/style>\n<a href='https:\/\/www.mezzoforte.fr\/index.php\/escape-game\/escape-game-personnalise\/'  class='avia-button av-k3rib1c2-b5a8c6804b21ac73db61e41eb403c5ee av-link-btn avia-icon_select-no avia-size-small avia-position-center'   aria-label=\"En savoir +\"><span class='avia_iconbox_title' >En savoir +<\/span><\/a><\/div><\/p><\/div>\n\n<style type=\"text\/css\" data-created_by=\"avia_inline_auto\" id=\"style-css-av-1wd04-5b49f2d22147782841b922d876003ed2\">\n.flex_column.av-1wd04-5b49f2d22147782841b922d876003ed2{\nborder-radius:0px 0px 0px 0px;\npadding:0px 0px 0px 0px;\n}\n<\/style>\n<div  class='flex_column av-1wd04-5b49f2d22147782841b922d876003ed2 av_one_half  avia-builder-el-14  el_after_av_one_half  el_before_av_one_full  flex_column_div av-zero-column-padding  column-top-margin'     ><style type=\"text\/css\" data-created_by=\"avia_inline_auto\" id=\"style-css-av-k3ri7heq-25321d88e77b56dfc9c2302870df255c\">\n.avia-image-container.av-k3ri7heq-25321d88e77b56dfc9c2302870df255c img.avia_image{\nbox-shadow:none;\n}\n.avia-image-container.av-k3ri7heq-25321d88e77b56dfc9c2302870df255c .av-image-caption-overlay-center{\ncolor:#ffffff;\n}\n<\/style>\n<div  class='avia-image-container av-k3ri7heq-25321d88e77b56dfc9c2302870df255c av-styling- avia_animated_image av-animated-when-visible-95 bottom-to-top avia-align-center  avia-builder-el-15  avia-builder-el-no-sibling  av-has-copyright av-copyright-icon-reveal'   itemprop=\"image\" itemscope=\"itemscope\" itemtype=\"https:\/\/schema.org\/ImageObject\" ><div class=\"avia-image-container-inner\"><div class=\"avia-image-overlay-wrap\"><img fetchpriority=\"high\" class='wp-image-690 avia-img-lazy-loading-not-690 avia_image ' src='https:\/\/www.mezzoforte.fr\/wp-content\/uploads\/2019\/11\/Sur-mesure.jpg' alt='' title=''  height=\"1155\" width=\"1732\"  itemprop=\"thumbnailUrl\"  \/><\/div><small class=\"avia-copyright\">Designed by rawpixel.com \/ www.freepik.com<\/small><\/div><\/div><\/div>\n\n<style type=\"text\/css\" data-created_by=\"avia_inline_auto\" id=\"style-css-av-lupcc-a431c700034291814419bda0334effad\">\n.flex_column.av-lupcc-a431c700034291814419bda0334effad{\nborder-radius:0px 0px 0px 0px;\npadding:0px 0px 0px 0px;\n}\n<\/style>\n<div  class='flex_column av-lupcc-a431c700034291814419bda0334effad av_one_full  avia-builder-el-16  el_after_av_one_half  el_before_av_one_half  first flex_column_div av-zero-column-padding  column-top-margin'     ><style type=\"text\/css\" data-created_by=\"avia_inline_auto\" id=\"style-css-av-k5fcpqkp-e3912391d3dcc836c5b56601d4302002\">\n#top .av-special-heading.av-k5fcpqkp-e3912391d3dcc836c5b56601d4302002{\npadding-bottom:0;\ncolor:#512179;\n}\nbody .av-special-heading.av-k5fcpqkp-e3912391d3dcc836c5b56601d4302002 .av-special-heading-tag .heading-char{\nfont-size:25px;\n}\n.av-special-heading.av-k5fcpqkp-e3912391d3dcc836c5b56601d4302002 .special-heading-inner-border{\nborder-color:#512179;\n}\n.av-special-heading.av-k5fcpqkp-e3912391d3dcc836c5b56601d4302002 .av-subheading{\nfont-size:15px;\n}\n<\/style>\n<div  class='av-special-heading av-k5fcpqkp-e3912391d3dcc836c5b56601d4302002 av-special-heading-h3 custom-color-heading  avia-builder-el-17  avia-builder-el-no-sibling '><h3 class='av-special-heading-tag '  itemprop=\"headline\"  >3 &#8211; Escape Game \u00ab\u00a0RH\u00a0\u00bb<\/h3><div class=\"special-heading-border\"><div class=\"special-heading-inner-border\"><\/div><\/div><\/div><\/div>\n\n<style type=\"text\/css\" data-created_by=\"avia_inline_auto\" id=\"style-css-av-fq1o4-94971836840a246d5d3f929b2921facd\">\n.flex_column.av-fq1o4-94971836840a246d5d3f929b2921facd{\nborder-radius:0px 0px 0px 0px;\npadding:0px 0px 0px 0px;\n}\n<\/style>\n<div  class='flex_column av-fq1o4-94971836840a246d5d3f929b2921facd av_one_half  avia-builder-el-18  el_after_av_one_full  el_before_av_one_half  first flex_column_div av-animated-generic bottom-to-top av-zero-column-padding  column-top-margin'     ><p><section  class='av_textblock_section av-k3ri70ov-df2453902f30bf6d13970e499564510f '   itemscope=\"itemscope\" itemtype=\"https:\/\/schema.org\/CreativeWork\" ><div class='avia_textblock'  itemprop=\"text\" ><p>Une version all\u00e9g\u00e9e de cet outil permet aux Directions des Ressources Humaines de l\u2019utiliser, notamment lors des\u00a0<strong>\u00e9tapes finales de recrutements\u00a0\u00e0 enjeu manag\u00e9rial<\/strong>.<\/p>\n<\/div><\/section><br \/>\n<div  class='avia-button-wrap av-k3rib1c2-99ee9640bce833df66e98ef2fd2f9cb6-wrap avia-button-center  avia-builder-el-20  el_after_av_textblock  avia-builder-el-last '>\n<style type=\"text\/css\" data-created_by=\"avia_inline_auto\" id=\"style-css-av-k3rib1c2-99ee9640bce833df66e98ef2fd2f9cb6\">\n#top #wrap_all .avia-button.av-k3rib1c2-99ee9640bce833df66e98ef2fd2f9cb6{\nbackground-color:#512179;\nborder-color:#512179;\ncolor:#ffffff;\ntransition:all 0.4s ease-in-out;\n}\n<\/style>\n<a href='https:\/\/www.mezzoforte.fr\/index.php\/escape-game\/escape-game-rh\/'  class='avia-button av-k3rib1c2-99ee9640bce833df66e98ef2fd2f9cb6 av-link-btn avia-icon_select-no avia-size-small avia-position-center'   aria-label=\"En savoir +\"><span class='avia_iconbox_title' >En savoir +<\/span><\/a><\/div><\/p><\/div>\n\n<style type=\"text\/css\" data-created_by=\"avia_inline_auto\" id=\"style-css-av-9tdt0-cc7b982cdcafc66bd01d0fb907969402\">\n.flex_column.av-9tdt0-cc7b982cdcafc66bd01d0fb907969402{\nborder-radius:0px 0px 0px 0px;\npadding:0px 0px 0px 0px;\n}\n<\/style>\n<div  class='flex_column av-9tdt0-cc7b982cdcafc66bd01d0fb907969402 av_one_half  avia-builder-el-21  el_after_av_one_half  avia-builder-el-last  flex_column_div av-zero-column-padding  column-top-margin'     ><style type=\"text\/css\" data-created_by=\"avia_inline_auto\" id=\"style-css-av-k3ri7heq-1647f0acffdd513cfc500a4eb6ab9bf8\">\n.avia-image-container.av-k3ri7heq-1647f0acffdd513cfc500a4eb6ab9bf8 img.avia_image{\nbox-shadow:none;\n}\n.avia-image-container.av-k3ri7heq-1647f0acffdd513cfc500a4eb6ab9bf8 .av-image-caption-overlay-center{\ncolor:#ffffff;\n}\n<\/style>\n<div  class='avia-image-container av-k3ri7heq-1647f0acffdd513cfc500a4eb6ab9bf8 av-styling- avia_animated_image av-animated-when-visible-95 bottom-to-top avia-align-center  avia-builder-el-22  avia-builder-el-no-sibling  av-has-copyright av-copyright-icon-reveal'   itemprop=\"image\" itemscope=\"itemscope\" itemtype=\"https:\/\/schema.org\/ImageObject\" ><div class=\"avia-image-container-inner\"><div class=\"avia-image-overlay-wrap\"><img fetchpriority=\"high\" class='wp-image-710 avia-img-lazy-loading-not-710 avia_image ' src='https:\/\/www.mezzoforte.fr\/wp-content\/uploads\/2019\/11\/RH-interrogation-1.jpg' alt='' title=''  height=\"1155\" width=\"1728\"  itemprop=\"thumbnailUrl\"  \/><\/div><small class=\"avia-copyright\">Image par Gerd Altmann de Pixabay <\/small><\/div><\/div><\/div>\n","protected":false},"excerpt":{"rendered":"","protected":false},"author":1,"featured_media":0,"parent":0,"menu_order":1,"comment_status":"closed","ping_status":"closed","template":"","meta":{"footnotes":""},"class_list":["post-460","page","type-page","status-publish","hentry"],"_links":{"self":[{"href":"https:\/\/www.mezzoforte.fr\/index.php\/wp-json\/wp\/v2\/pages\/460","targetHints":{"allow":["GET"]}}],"collection":[{"href":"https:\/\/www.mezzoforte.fr\/index.php\/wp-json\/wp\/v2\/pages"}],"about":[{"href":"https:\/\/www.mezzoforte.fr\/index.php\/wp-json\/wp\/v2\/types\/page"}],"author":[{"embeddable":true,"href":"https:\/\/www.mezzoforte.fr\/index.php\/wp-json\/wp\/v2\/users\/1"}],"replies":[{"embeddable":true,"href":"https:\/\/www.mezzoforte.fr\/index.php\/wp-json\/wp\/v2\/comments?post=460"}],"version-history":[{"count":30,"href":"https:\/\/www.mezzoforte.fr\/index.php\/wp-json\/wp\/v2\/pages\/460\/revisions"}],"predecessor-version":[{"id":1566,"href":"https:\/\/www.mezzoforte.fr\/index.php\/wp-json\/wp\/v2\/pages\/460\/revisions\/1566"}],"wp:attachment":[{"href":"https:\/\/www.mezzoforte.fr\/index.php\/wp-json\/wp\/v2\/media?parent=460"}],"curies":[{"name":"wp","href":"https:\/\/api.w.org\/{rel}","templated":true}]}}