{"id":3,"date":"2019-09-06T15:27:44","date_gmt":"2019-09-06T13:27:44","guid":{"rendered":"http:\/\/www.mezzoforte.fr\/?page_id=3"},"modified":"2020-01-29T14:17:16","modified_gmt":"2020-01-29T13:17:16","slug":"mentions-legales","status":"publish","type":"page","link":"https:\/\/www.mezzoforte.fr\/index.php\/mentions-legales\/","title":{"rendered":"Mentions l\u00e9gales"},"content":{"rendered":"<section  class='av_textblock_section av-k3q1cgdj-a7e0aa407a6fb5fcc9cd8fb9840157bb '   itemscope=\"itemscope\" itemtype=\"https:\/\/schema.org\/CreativeWork\" ><div class='avia_textblock'  itemprop=\"text\" ><h2>Pr\u00e9sentation du site<\/h2>\n<p>En vertu de l\u2019article 6 de la loi n\u00b0 2004-575 du 21 juin 2004 pour la confiance dans l\u2019\u00e9conomie num\u00e9rique, il est pr\u00e9cis\u00e9 aux utilisateurs du site <a href=\"http:\/\/www.mezzoforte.fr\">http:\/\/www.mezzoforte.fr<\/a> l\u2019identit\u00e9 des diff\u00e9rents intervenants dans le cadre de sa r\u00e9alisation et de son suivi :<\/p>\n<p><strong>Propri\u00e9taire<\/strong>\u00a0:<br \/>\nLa soci\u00e9t\u00e9 MEZZOFORTE<br \/>\n(en cours d\u2019immatriculation au Registre du Commerce et des Soci\u00e9t\u00e9s de Reims)<br \/>\n10 rue du Tambour<br \/>\n51170 Serzy-et-Prin<br \/>\nFRANCE<br \/>\nT\u00e9l : (+ 33) (0) 7.83.13.25.49<br \/>\nEmail : contact@mezzoforte.fr<\/p>\n<p><strong>Responsable publication<\/strong> :<br \/>\nDominique JORGE<\/p>\n<p><strong>Conception et r\u00e9alisation<\/strong>\u00a0:<br \/>\nCe site a \u00e9t\u00e9 r\u00e9alis\u00e9 par la soci\u00e9t\u00e9 MEZZOFORTE<br \/>\n(en cours d\u2019immatriculation au Registre du Commerce et des Soci\u00e9t\u00e9s de Reims).<br \/>\n10 rue du Tambour<br \/>\n51170 Serzy et Prin<br \/>\nFRANCE<br \/>\nT\u00e9l\u00a0: (+33) (0) 7.83.13.25.49<br \/>\nEmail : dominiquejorge@mezzoforte.fr<\/p>\n<p><strong>H\u00e9bergeur<\/strong> :<br \/>\nOVH \u2013 2 rue Kellermann \u2013 59100 Roubaix \u2013\u00a0<a href=\"http:\/\/www.ovh.com\/\" target=\"_blank\" rel=\"noreferrer noopener\">www.ovh.com<\/a><\/p>\n<h2><strong>Statut administratif et facturation :<\/strong><\/h2>\n<p>Dominique JORGE est responsable de son activit\u00e9, mais il l&rsquo;exerce sous le statut du portage salarial. A ce titre, il est adh\u00e9rent de Webportage (NODALYS) qui assure sa gestion aministrative. Les factures seront en cons\u00e9quence \u00e9tablies au nom de Webportage dont les coordonn\u00e9es suivent :<br \/>\nWebportage NODALYS, RCS AIX-EN-PROVENCE : 483 180 808<\/p>\n<p><strong>Adresse de facturation<\/strong> :<br \/>\nWebportage Nodalys<br \/>\nL\u2019Escapade B\u00e2t. E, Avenue Paul Jullien<br \/>\n13100 Le Tholonet<\/p>\n<p>Email : contact@webportage.com<br \/>\nT\u00e9l\u00e9phone : 04 42 12 44 44<\/p>\n<p>Pour plus d&rsquo;informations cliquez sur <a href=\"http:\/\/www.webportage.com\" target=\"_blank\" rel=\"noopener noreferrer\">Webportage<\/a><\/p>\n<\/div><\/section>\n","protected":false},"excerpt":{"rendered":"","protected":false},"author":1,"featured_media":0,"parent":0,"menu_order":0,"comment_status":"closed","ping_status":"closed","template":"","meta":{"footnotes":""},"class_list":["post-3","page","type-page","status-publish","hentry"],"_links":{"self":[{"href":"https:\/\/www.mezzoforte.fr\/index.php\/wp-json\/wp\/v2\/pages\/3","targetHints":{"allow":["GET"]}}],"collection":[{"href":"https:\/\/www.mezzoforte.fr\/index.php\/wp-json\/wp\/v2\/pages"}],"about":[{"href":"https:\/\/www.mezzoforte.fr\/index.php\/wp-json\/wp\/v2\/types\/page"}],"author":[{"embeddable":true,"href":"https:\/\/www.mezzoforte.fr\/index.php\/wp-json\/wp\/v2\/users\/1"}],"replies":[{"embeddable":true,"href":"https:\/\/www.mezzoforte.fr\/index.php\/wp-json\/wp\/v2\/comments?post=3"}],"version-history":[{"count":8,"href":"https:\/\/www.mezzoforte.fr\/index.php\/wp-json\/wp\/v2\/pages\/3\/revisions"}],"predecessor-version":[{"id":1520,"href":"https:\/\/www.mezzoforte.fr\/index.php\/wp-json\/wp\/v2\/pages\/3\/revisions\/1520"}],"wp:attachment":[{"href":"https:\/\/www.mezzoforte.fr\/index.php\/wp-json\/wp\/v2\/media?parent=3"}],"curies":[{"name":"wp","href":"https:\/\/api.w.org\/{rel}","templated":true}]}}